{"id":935,"date":"2024-01-22T15:28:05","date_gmt":"2024-01-22T14:28:05","guid":{"rendered":"https:\/\/lescalamb.ovh\/?page_id=935"},"modified":"2024-01-22T15:28:05","modified_gmt":"2024-01-22T14:28:05","slug":"recettes-concombre","status":"publish","type":"page","link":"https:\/\/www.amaporte.org\/index.php\/amaporte\/produits\/recettes\/recettes-concombre\/","title":{"rendered":"Recettes au Concombre"},"content":{"rendered":"\n<h2 class=\"wp-block-heading\">Plats<\/h2>\n\n\n\n<p><sup>VG<\/sup> <a href=\"https:\/\/fr.wikibooks.org\/wiki\/Livre_de_cuisine\/Concombres_%C3%A0_la_cretoise\">Concombres \u00e0 la cr\u00e9toise<\/a> : <br><sup>AMAP<\/sup> Citron + Concombres + Huile d&#8217;Olive + Yaourt (de ch\u00e8vre)<br><em>+ Cr\u00e8me \u00e9paisse + Feta + Olives noires + Poivre + Sel<\/em><\/p>\n\n\n\n<p><sup>VG<\/sup> <a href=\"https:\/\/fr.wikibooks.org\/wiki\/Livre_de_cuisine\/Gaspacho\">Gaspacho<\/a> : <br><sup>AMAP<\/sup> Ail + Concombres + Huile d&#8217;Olive + Oignons + Pain + Poivrons + Tomates + Vinaigre<br><em>+ Poivre + Sel<\/em><\/p>\n\n\n\n<p><sup>VG<\/sup> <a href=\"https:\/\/www.undejeunerdesoleil.com\/2020\/10\/salade-fenouil-concombre-raisin-recette-light.html\">Salade de <strong>Fenouil<\/strong>, Concombre et raisins<\/a> : <br><sup>AMAP<\/sup> Concombre + Fenouil + Huile d&#8217;Olive + M\u00e2che + Vinaigre<br><em><em>+ <\/em>Amandes + Coriandre + Graines de Courge + Menthe + Pistache + Poivre + Raisins frais + Sel<\/em><\/p>\n\n\n\n<p><sup>VG<\/sup> <a href=\"https:\/\/www.chefclub.tv\/fr\/recettes\/daily\/5e7f82f2-cab7-4a56-b386-63ce038fe701\/taboul%C3%A9-poivron-rouge-et-concombre-une-recette-facile-et-rapide\/\">Taboul\u00e9 <strong>Poivron rouge<\/strong> et Concombre<\/a> : <br><sup>AMAP<\/sup>  Citron + Concombre + Huile d&#8217;Olive + Oignons rouges + Persil + Poivron rouge + Semoule + Tomate<br><em>+ Poivre + Sel<\/em><\/p>\n\n\n\n<h2 class=\"wp-block-heading\">Plats avec viande ou poisson<\/h2>\n\n\n\n<p><a href=\"https:\/\/fr.wikibooks.org\/wiki\/Livre_de_cuisine\/Salade_ni%C3%A7oise\">Salade ni\u00e7oise<\/a> : <br><sup>AMAP<\/sup> Ail + Artichauts + Basilic + Concombre + F\u00e8ves + Huile d\u2019Olive + Oeufs + Oignons blancs + Poivrons + Tomates<br><em>+ Anchois + Olives noires + Poivre + Sel<\/em><\/p>\n\n\n\n<h2 class=\"wp-block-heading\">Sauces<\/h2>\n\n\n\n<p><sup>VG<\/sup> <a href=\"https:\/\/www.mesinspirationsculinaires.com\/article-sauce-raita-sauce-indienne-108076166.html\">Sauce Ra\u00efta<\/a> : <br><sup>AMAP<\/sup>  Ail + Citron + Concombre + Tomates + Yaourt (de ch\u00e8vre)<br><em>+ Aneth + Cumin + Poivre<\/em><\/p>\n\n\n\n<h2 class=\"wp-block-heading\">Boissons<\/h2>\n\n\n\n<p><sup>VG<\/sup> <a href=\"https:\/\/fr.wikibooks.org\/wiki\/Livre_de_cuisine\/Boissons\/Dor%C3%A9\">Dor\u00e9<\/a> : <br><sup>AMAP<\/sup>  Concombre + Yaourt (de ch\u00e8vre)<br><em>+ Menthe + Poivre + Sel<\/em><\/p>\n","protected":false},"excerpt":{"rendered":"<p>Plats VG Concombres \u00e0 la cr\u00e9toise : AMAP Citron + Concombres + Huile d&#8217;Olive + Yaourt (de ch\u00e8vre)+ Cr\u00e8me \u00e9paisse + Feta + Olives noires + Poivre + Sel VG Gaspacho : AMAP Ail + Concombres + Huile d&#8217;Olive + Oignons + Pain + Poivrons + Tomates + Vinaigre+ Poivre + Sel VG Salade de &hellip; <a href=\"https:\/\/www.amaporte.org\/index.php\/amaporte\/produits\/recettes\/recettes-concombre\/\" class=\"more-link\">Lire la suite de <span class=\"screen-reader-text\">Recettes au Concombre<\/span><\/a><\/p>\n","protected":false},"author":1,"featured_media":0,"parent":258,"menu_order":0,"comment_status":"closed","ping_status":"closed","template":"","meta":{"footnotes":""},"categories":[5],"tags":[4],"class_list":["post-935","page","type-page","status-publish","hentry","category-recettes-specifiques","tag-recettes"],"_links":{"self":[{"href":"https:\/\/www.amaporte.org\/index.php\/wp-json\/wp\/v2\/pages\/935","targetHints":{"allow":["GET"]}}],"collection":[{"href":"https:\/\/www.amaporte.org\/index.php\/wp-json\/wp\/v2\/pages"}],"about":[{"href":"https:\/\/www.amaporte.org\/index.php\/wp-json\/wp\/v2\/types\/page"}],"author":[{"embeddable":true,"href":"https:\/\/www.amaporte.org\/index.php\/wp-json\/wp\/v2\/users\/1"}],"replies":[{"embeddable":true,"href":"https:\/\/www.amaporte.org\/index.php\/wp-json\/wp\/v2\/comments?post=935"}],"version-history":[{"count":0,"href":"https:\/\/www.amaporte.org\/index.php\/wp-json\/wp\/v2\/pages\/935\/revisions"}],"up":[{"embeddable":true,"href":"https:\/\/www.amaporte.org\/index.php\/wp-json\/wp\/v2\/pages\/258"}],"wp:attachment":[{"href":"https:\/\/www.amaporte.org\/index.php\/wp-json\/wp\/v2\/media?parent=935"}],"wp:term":[{"taxonomy":"category","embeddable":true,"href":"https:\/\/www.amaporte.org\/index.php\/wp-json\/wp\/v2\/categories?post=935"},{"taxonomy":"post_tag","embeddable":true,"href":"https:\/\/www.amaporte.org\/index.php\/wp-json\/wp\/v2\/tags?post=935"}],"curies":[{"name":"wp","href":"https:\/\/api.w.org\/{rel}","templated":true}]}}