{"id":928,"date":"2024-01-22T15:23:13","date_gmt":"2024-01-22T14:23:13","guid":{"rendered":"https:\/\/lescalamb.ovh\/?page_id=928"},"modified":"2024-01-22T15:23:13","modified_gmt":"2024-01-22T14:23:13","slug":"recettes-tomates","status":"publish","type":"page","link":"https:\/\/www.amaporte.org\/index.php\/amaporte\/produits\/recettes\/recettes-tomates\/","title":{"rendered":"Recettes aux Tomates"},"content":{"rendered":"\n<h2 class=\"wp-block-heading\">Plats v\u00e9g\u00e9tariens<\/h2>\n\n\n\n<p><sup>VG<\/sup> <a href=\"https:\/\/fr.wikibooks.org\/wiki\/Livre_de_cuisine\/Aubergines_farcies_v%C3%A9g%C3%A9tariennes\">Aubergines farcies v\u00e9g\u00e9tariennes<\/a> : <br><sup>AMAP<\/sup> Ail + Aubergines + Citron + Huile d&#8217;olive + Oignons + Tomates<br><em>+ <em><em>Origan + Pignons de pin + <\/em>Poivre<\/em><\/em> + <em>Romarin + Sel + Sucre + Thym<\/em><\/p>\n\n\n\n<p><sup>VG<\/sup> <a href=\"https:\/\/fr.wikibooks.org\/wiki\/Livre_de_cuisine\/Bouillon_de_l%C3%A9gumes\">Bouillon de l\u00e9gumes<\/a> : <br><sup>AMAP<\/sup> Ail + Carottes + C\u00e9leri branche + Oignons + Persil + Tomates<br><em><em>+ <\/em>Beurre + Laurier + Poivre + Sel + Thym<\/em><\/p>\n\n\n\n<p><sup>VG<\/sup> <a href=\"https:\/\/fr.wikibooks.org\/wiki\/Livre_de_cuisine\/Carpaccio_de_fromage\">Carpaccio de <strong>Fromage<\/strong><\/a> : <br><sup>AMAP<\/sup> Ail + Fromage de ch\u00e8vre + Huile d&#8217;Olive + Oignons + Persil + Poivrons<br><em><em>+ <\/em>Poivre + Sel<\/em><\/p>\n\n\n\n<p><sup>VG<\/sup> <a href=\"https:\/\/www.cuisineaz.com\/recettes\/clafoutis-au-chevre-frais-courgettes-et-tomates-cerises-5303.aspx\">Clafoutis au <strong>Ch\u00e8vre<\/strong> frais, <strong>Courgettes<\/strong> et Tomates cerises<\/a> : <br><sup>AMAP<\/sup> Courgettes + Fromage de ch\u00e8vre + Oeufs + Tomates cerises<br><em><em>+ <\/em>Beurre + Cannelle + Ciboulette + Lait + Noix de Muscade + Poivre + Sel<\/em><\/p>\n\n\n\n<p><sup>VG<\/sup> <a href=\"https:\/\/fr.wikibooks.org\/wiki\/Livre_de_cuisine\/Crostini_%C3%A0_l%27italienne\">Crostini \u00e0 l&#8217;italienne<\/a> : <br><sup>AMAP<\/sup> Ail + Courgettes + Huile d&#8217;Olive + Poivrons + Tomates<br><em><em>+ <\/em>Mozzarella + Olives vertes + Origan<\/em><\/p>\n\n\n\n<p><sup>VG<\/sup> <a href=\"https:\/\/fr.wikibooks.org\/wiki\/Livre_de_cuisine\/Escalivada\">Escalivada<\/a> : <br><sup>AMAP<\/sup> Ail + Aubergines + Huile d&#8217;Olive + Oignons + Poivrons + Tomates<br><em><em>+ <\/em>Poivre + Sel<\/em><\/p>\n\n\n\n<p><sup>VG<\/sup> <a href=\"https:\/\/fr.wikibooks.org\/wiki\/Livre_de_cuisine\/Gaspacho\">Gaspacho<\/a> : <br><sup>AMAP<\/sup> Ail + Concombres + Huile d&#8217;Olive + Oignons + Pain + Poivrons + Tomates + Vinaigre<br><em>+ Poivre + Sel<\/em><\/p>\n\n\n\n<p><sup>VG<\/sup> <a href=\"https:\/\/fr.wikibooks.org\/wiki\/Livre_de_cuisine\/Gratin_de_courgettes_et_tomates\">Gratin de <strong>Courgettes<\/strong> et Tomates<\/a> : <br><sup>AMAP<\/sup> Ail + Basilic + Courgettes + Tomates<br>+ <em>Emmental<\/em><\/p>\n\n\n\n<p><sup>VG<\/sup> <a href=\"https:\/\/fr.wikibooks.org\/wiki\/Livre_de_cuisine\/Mogettes_cuisin%C3%A9es\"><strong>Mogettes<\/strong> cuisin\u00e9es<\/a> : <br><sup>AMAP<\/sup> Bouillon (de l\u00e9gumes) + Echalotes + Haricots (coco) + Huile de Noix + Huile d&#8217;Olive + Oignons + Tomates<br><em><em><em>+ Laurier <\/em>+ Noix de muscade + Paprika + <\/em>Poivre + Sel + Thym<\/em><\/p>\n\n\n\n<p><sup>VG<\/sup> <a href=\"https:\/\/fr.wikibooks.org\/wiki\/Livre_de_cuisine\/P%C3%A2tes_%C3%A0_la_Trapanese\">P\u00e2tes \u00e0 la Trapanese<\/a> : <br><sup>AMAP<\/sup> Ail + Basilic + Huile d&#8217;Olive + Oignons + P\u00e2tes + Tomates<br><em>+ Olives + Poivre + Sel<\/em><\/p>\n\n\n\n<p><sup>VG<\/sup> <a href=\"https:\/\/fr.wikibooks.org\/wiki\/Livre_de_cuisine\/P%C3%A2tes_aux_arachides_et_l%C3%A9gumes_r%C3%B4tis\">P\u00e2tes aux arachides et l\u00e9gumes r\u00f4tis<\/a> : <br><sup>AMAP<\/sup> Ail + Huile d&#8217;Olive + Oignons + P\u00e2tes + Persil + Poivrons + Tomates<br><em>+ Cacahu\u00e8tes + Origan + Poivre + Sel<\/em><\/p>\n\n\n\n<p><sup>VG<\/sup> <a href=\"https:\/\/fr.wikibooks.org\/wiki\/Livre_de_cuisine\/Penne_rigate_%C3%A0_la_grecque\">Penne rigate \u00e0 la grecque<\/a> : <br><sup>AMAP<\/sup>  Ail + Basilic + Fromage de ch\u00e8vre + Huile d&#8217;Olive + P\u00e2tes + Tomates + Vin blanc<br><em>+ Olives noires<\/em><\/p>\n\n\n\n<p><sup>VG<\/sup> <a href=\"https:\/\/fr.wikibooks.org\/wiki\/Livre_de_cuisine\/Pip%C3%A9rade\">Pip\u00e9rade<\/a> : <br><sup>AMAP<\/sup> Ail + Huile d&#8217;Olive + Oeufs + Oignons + Piments + Poivrons + Tomates<br><em>+ Sel<\/em><\/p>\n\n\n\n<p><sup>VG<\/sup> <a href=\"https:\/\/www.biendecheznous.be\/recettes\/plat-de-lentilles-et-pommes-de-terre-sauce-au-yaourt\">Plat de <strong>Lentilles<\/strong> et <strong>Pommes de terre<\/strong>, sauce <strong>Yaourt<\/strong><\/a> : <br><sup>AMAP<\/sup> Ail + Bouillon de l\u00e9gumes + Carottes + Citron vert + Huile d&#8217;Olive + Lentilles + Oignons + Petits pois + Persil + Piment + Poivrons + Pommes de terre + Tomates<br><em>+ Curcuma + Poivre + Sel + Thym<\/em><\/p>\n\n\n\n<p><sup>VG<\/sup> <a href=\"https:\/\/fr.wikibooks.org\/wiki\/Livre_de_cuisine\/Ratatouille\">Ratatouille<\/a> : <br><sup>AMAP<\/sup> Ail + Aubergines + Courgettes + Huile d&#8217;olive + Oignons blancs + Poivrons + Tomates<br><em>+ Laurier + Romarin + Sel + Thym<\/em><\/p>\n\n\n\n<p><sup>VG<\/sup> <a href=\"https:\/\/lacuisinedannie.20minutes.fr\/recette-riste-d-aubergines-867.html\">Riste d&#8217;<strong>Aubergines<\/strong><\/a> : <br><sup>AMAP<\/sup> Ail + Aubergines + Huile d&#8217;Olive + Tomates<br><em>+ Laurier + Poivre + Sel + Thym<\/em><\/p>\n\n\n\n<p><sup>VG<\/sup> <a href=\"https:\/\/fr.wikibooks.org\/wiki\/Livre_de_cuisine\/Salade_d%27asperges_vertes_au_parmesan_et_tomates_confites\">Salade d&#8217;<strong>Asperges vertes<\/strong> au Parmesan et Tomates confites<\/a> : <br><sup>AMAP<\/sup> Asperges vertes + Huile d&#8217;Olive + Tomates cerise + Vinaigre<br><em>+ Cerfeuil + Parmesan + Poivre + Sel<\/em><\/p>\n\n\n\n<p><sup>VG<\/sup> <a href=\"https:\/\/www.marmiton.org\/recettes\/recette_salade-de-courgettes-et-tomates_338401.aspx\">Salade de <strong>Courgettes<\/strong> et Tomates<\/a> : <br><sup>AMAP<\/sup> Courgettes + Huile v\u00e9g\u00e9tale + Oignons + Tomates + Vinaigre<br><em>+ Poivre + Sel<\/em><\/p>\n\n\n\n<p><sup>VG<\/sup> <a href=\"https:\/\/fr.wikibooks.org\/wiki\/Livre_de_cuisine\/Salade_de_ratatouille_froide\">Salade de ratatouille<\/a> : <br><sup>AMAP<\/sup> Ail + Basilic + Ratatouille + Huile d&#8217;olive + Raisins secs + Tomates<br><em>+ Curry + Pignons de pin + Sel<\/em><\/p>\n\n\n\n<p><sup>VG<\/sup> <a href=\"https:\/\/www.marmiton.org\/recettes\/recette_salade-pois-chiche-tomates-au-cumin_218276.aspx\">Salade de Tomates et <strong>Pois chiches<\/strong><\/a> : <br><sup>AMAP<\/sup> Huile d&#8217;Olive + Oignons blancs + Pois chiches + Tomates<em><br>+ Ciboulette + Cumin + Poivre + Sel<\/em><\/p>\n\n\n\n<p><sup>VG<\/sup> <a href=\"https:\/\/fr.wikibooks.org\/wiki\/Livre_de_cuisine\/Salmorejo\">Salmorejo<\/a> : <br><sup>AMAP<\/sup> Ail + Huile d&#8217;Olive + Pain + Tomates + Vinaigre<br><em>+ Poivre + Sel<\/em><\/p>\n\n\n\n<p><sup>VG<\/sup> <a href=\"https:\/\/fr.wikibooks.org\/wiki\/Livre_de_cuisine\/Soupe_m%C3%A9diterran%C3%A9enne_de_tomates\">Soupe m\u00e9diterran\u00e9enne de Tomates<\/a> : <br><sup>AMAP<\/sup> Ail + Basilic + Huile d&#8217;olive + Poireaux + Tomates<br><em>+<em> <\/em>Bouquet garni + Poivre + Sel<\/em><\/p>\n\n\n\n<p><sup>VG<\/sup> <a href=\"https:\/\/fr.wikibooks.org\/wiki\/Livre_de_cuisine\/Soupe_au_pistou\">Soupe au pistou<\/a> : <br><sup>AMAP<\/sup> Ail + Basilic + Courgettes + Haricots coco + Haricots verts + Pommes de terre + Tomates<br><em>+ Fromage sec rouge + <em>Haricots blancs + <\/em>Poivre + Sel<\/em><\/p>\n\n\n\n<p><sup>VG<\/sup> <a href=\"https:\/\/fr.wikibooks.org\/wiki\/Livre_de_cuisine\/Soupe_aux_courgettes_et_aux_tomates\">Soupe aux <strong>Courgettes<\/strong> et aux Tomates<\/a> : <br><sup>AMAP<\/sup> Bouillon (de l\u00e9gumes) + Courgettes + Huile d&#8217;Olive + Oignons + Tomates<br>+ <em>Ail + Poivre + Sel + Thym<\/em><\/p>\n\n\n\n<p><sup>VG<\/sup> <a href=\"https:\/\/fr.wikibooks.org\/wiki\/Livre_de_cuisine\/Soupe_minestrone\">Soupe Minestrone<\/a> : <br><sup>AMAP<\/sup> Basilic + Bouillon (de l\u00e9gumes) + Carottes + Chou blanc + Haricots coco + Haricots verts + Huile d&#8217;Olive + Oignons + Petits pois + Pommes de terre + Tomates<br><em>+ <em>Poivre<\/em> + Romarin<\/em> + <em>Sel + Thym<\/em><\/p>\n\n\n\n<p><sup>VG<\/sup> <a href=\"https:\/\/fr.wikibooks.org\/wiki\/Livre_de_cuisine\/Soupe_%C3%A0_la_tomate\">Soupe aux Tomates<\/a> : <br><sup>AMAP<\/sup> Ail + C\u00e9leri branche + Persil + Pommes de terre + Tomates<br><em>+ <em>Poivre<\/em> + <\/em><em>Sel<\/em><\/p>\n\n\n\n<p><sup>VG<\/sup> <a href=\"https:\/\/fr.wikibooks.org\/wiki\/Livre_de_cuisine\/Taboul%C3%A9_exotique_aux_oranges_et_aux_pruneaux\">Taboul\u00e9 exotique aux <strong>Oranges<\/strong> et aux pruneaux<\/a> : <br><sup>AMAP<\/sup> Basilic + Bouillon (de l\u00e9gumes) + Huile d&#8217;Olive + Oignons + Oranges + Poivrons + Semoule + Tomates<br>+ <em>Menthe + Poivre + Pruneaux + Sel<\/em><\/p>\n\n\n\n<p><sup>VG<\/sup> <a href=\"https:\/\/www.chefclub.tv\/fr\/recettes\/daily\/5e7f82f2-cab7-4a56-b386-63ce038fe701\/taboul%C3%A9-poivron-rouge-et-concombre-une-recette-facile-et-rapide\/\">Taboul\u00e9 <strong>Poivron rouge<\/strong> et <strong>Concombre<\/strong><\/a> : <br><sup>AMAP<\/sup>  Citron + Concombre + Huile d&#8217;Olive + Oignons rouges + Persil + Poivron rouge + Semoule + Tomate<br><em>+ Poivre + Sel<\/em><\/p>\n\n\n\n<p><sup>VG<\/sup> <a href=\"https:\/\/fr.wikibooks.org\/wiki\/Livre_de_cuisine\/Tarte_au_ch%C3%A8vre\">Tarte au <strong>Ch\u00e8vre<\/strong><\/a> : <br><sup>AMAP<\/sup> Farine + Fromage de Ch\u00e8vre + Oeufs + Oignons + Tomates<br>+ <em>Beurre + Comt\u00e9 + Cr\u00e8me \u00e9paisse + Poivre + Sel<\/em><\/p>\n\n\n\n<p><sup>VG<\/sup> <a href=\"https:\/\/fr.wikibooks.org\/wiki\/Livre_de_cuisine\/Tarte_%C3%A0_la_tomate\">Tarte aux Tomates<\/a> : <br><sup>AMAP<\/sup> Farine + Oeufs + Tomates<br>+ <em>Beurre + Emmental + Moutarde + Sel<\/em><\/p>\n\n\n\n<p><sup>VG<\/sup> <a href=\"https:\/\/fr.wikibooks.org\/wiki\/Livre_de_cuisine\/Tarte_aux_tomates_et_au_saint-nectaire\">Tarte aux Tomates et Saint-Nectaire<\/a> : <br><sup>AMAP<\/sup> Farine + Oeufs + Tomates<br>+ <em>Beurre + Olives noires + Saint-Nectaire + Sel<\/em><\/p>\n\n\n\n<p><sup>VG<\/sup> <a href=\"https:\/\/fr.wikibooks.org\/wiki\/Livre_de_cuisine\/Tarte_proven%C3%A7ale\">Tarte proven\u00e7ale<\/a> : <br><sup>AMAP<\/sup> Aubergines + Farine + Huile d&#8217;olive + Oeufs + Poivrons + Tomates<br><em>+ Beurre + Herbes de Provence + Olives noires + Poivre + Sel<\/em><\/p>\n\n\n\n<p><sup>VG<\/sup> <a href=\"https:\/\/www.marieclaire.fr\/cuisine\/tian-chevre-et-aubergines,1206627.asp\">Tian Ch\u00e8vre et <strong>Aubergines<\/strong><\/a> : <br><sup>AMAP<\/sup>  Ail + Aubergines + Basilic + Fromage de ch\u00e8vre + Huile d&#8217;Olive + Oignons rouges + Tomates<br><em>+ Anis + Parmesan + Poivre + Sel<\/em><\/p>\n\n\n\n<p><sup>VG<\/sup> <a href=\"https:\/\/fr.wikibooks.org\/wiki\/Livre_de_cuisine\/Tomates_mozzarella\">Tomates mozzarella<\/a> : <br><sup>AMAP<\/sup>  Basilic + Huile d&#8217;Olive + Tomates<br><em>+ Mozzarella + Poivre + Sel<\/em><\/p>\n\n\n\n<p><sup>VG<\/sup> <a href=\"https:\/\/fr.wikibooks.org\/wiki\/Livre_de_cuisine\/Tomate_%C3%A0_la_proven%C3%A7ale\">Tomates \u00e0 la proven\u00e7ale<\/a> : <br><sup>AMAP<\/sup>  Ail + Huile d&#8217;Olive + Persil + Tomates<br><em>+ Chapelure + Poivre + Sel<\/em><\/p>\n\n\n\n<h2 class=\"wp-block-heading\">Plats avec viande ou poisson<\/h2>\n\n\n\n<p><a href=\"https:\/\/www.750g.com\/aubergines-farcies-r99109.htm\"><strong>Aubergines<\/strong> farcies au Boeuf hach\u00e9<\/a> : <br><sup>AMAP<\/sup> Ail + Aubergines + Boeuf hach\u00e9 + Huile d&#8217;Olive + Oignons + Tomates<br><em><em>+ <\/em>Emmental + Parmesan + Poivre + Sel<\/em><\/p>\n\n\n\n<p><a href=\"https:\/\/www.papillesetpupilles.fr\/2019\/08\/cuisses-de-poulet-au-four-tomates-et-thym.html\/\">Cuisses de <strong>Poulet<\/strong> au four, Tomates et thym<\/a> : <br><sup>AMAP<\/sup>  Ail + Poulet (cuisses) + Tomates<br><em>+ Persil + Poivre + Sel + Thym<\/em><\/p>\n\n\n\n<p><a href=\"https:\/\/fr.wikibooks.org\/wiki\/Livre_de_cuisine\/Frita\">Frita<\/a> : <br><sup>AMAP<\/sup> Ail + Agneau (c\u00f4tes) + Huile d&#8217;Olive + Persil + Poivrons + Tomates<br><em>+ Laurier + Poivre + Sel + Thym<\/em><\/p>\n\n\n\n<p><a href=\"https:\/\/fr.wikibooks.org\/wiki\/Livre_de_cuisine\/Poulet_basquaise\"><strong>Poulet<\/strong> basquaise<\/a> : <br><sup>AMAP<\/sup> Ail + Huile d&#8217;Olive + Oignons + Piment + Poivrons + Poulet (cuisses)+ Tomates<br><em>+ Sel<\/em><\/p>\n\n\n\n<p><a href=\"https:\/\/fr.wikibooks.org\/wiki\/Livre_de_cuisine\/Salade_ni%C3%A7oise\">Salade ni\u00e7oise<\/a> : <br><sup>AMAP<\/sup> Ail + Artichauts + Basilic + Concombre + F\u00e8ves + Huile d\u2019Olive + Oeufs + Oignons blancs + Poivrons + Tomates<br><em>+ Anchois + Olives noires + Poivre + Sel<\/em><\/p>\n\n\n\n<h2 class=\"wp-block-heading\">Sauces<\/h2>\n\n\n\n<p><sup>VG<\/sup> <a href=\"https:\/\/www.mesinspirationsculinaires.com\/article-sauce-raita-sauce-indienne-108076166.html\">Sauce Ra\u00efta<\/a> : <br><sup>AMAP<\/sup>  Ail + Citron + Concombre + Tomates + Yaourt (de ch\u00e8vre)<br><em>+ Aneth + Cumin + Poivre<\/em><\/p>\n\n\n\n<p><sup>VG<\/sup> <a href=\"https:\/\/fr.wikibooks.org\/wiki\/Livre_de_cuisine\/Sauce_salsa\">Sauce Salsa<\/a> : <br><sup>AMAP<\/sup>  Citron + Persil + Piment + Poivron + Tomates<br><em>+ Sel<\/em><\/p>\n\n\n\n<p><a href=\"https:\/\/fr.wikibooks.org\/wiki\/Livre_de_cuisine\/Sauce_tomate\">Sauce Tomate<\/a> : <br><sup>AMAP<\/sup>  Ail + Echalote + Fond de Volaille + Huile d&#8217;Olive + Tomates<br><em>+ Bouquet garni + Poivre + Sel<\/em><\/p>\n","protected":false},"excerpt":{"rendered":"<p>Plats v\u00e9g\u00e9tariens VG Aubergines farcies v\u00e9g\u00e9tariennes : AMAP Ail + Aubergines + Citron + Huile d&#8217;olive + Oignons + Tomates+ Origan + Pignons de pin + Poivre + Romarin + Sel + Sucre + Thym VG Bouillon de l\u00e9gumes : AMAP Ail + Carottes + C\u00e9leri branche + Oignons + Persil + Tomates+ Beurre + &hellip; <a href=\"https:\/\/www.amaporte.org\/index.php\/amaporte\/produits\/recettes\/recettes-tomates\/\" class=\"more-link\">Lire la suite de <span class=\"screen-reader-text\">Recettes aux Tomates<\/span><\/a><\/p>\n","protected":false},"author":1,"featured_media":0,"parent":258,"menu_order":0,"comment_status":"closed","ping_status":"closed","template":"","meta":{"footnotes":""},"categories":[5],"tags":[4],"class_list":["post-928","page","type-page","status-publish","hentry","category-recettes-specifiques","tag-recettes"],"_links":{"self":[{"href":"https:\/\/www.amaporte.org\/index.php\/wp-json\/wp\/v2\/pages\/928","targetHints":{"allow":["GET"]}}],"collection":[{"href":"https:\/\/www.amaporte.org\/index.php\/wp-json\/wp\/v2\/pages"}],"about":[{"href":"https:\/\/www.amaporte.org\/index.php\/wp-json\/wp\/v2\/types\/page"}],"author":[{"embeddable":true,"href":"https:\/\/www.amaporte.org\/index.php\/wp-json\/wp\/v2\/users\/1"}],"replies":[{"embeddable":true,"href":"https:\/\/www.amaporte.org\/index.php\/wp-json\/wp\/v2\/comments?post=928"}],"version-history":[{"count":0,"href":"https:\/\/www.amaporte.org\/index.php\/wp-json\/wp\/v2\/pages\/928\/revisions"}],"up":[{"embeddable":true,"href":"https:\/\/www.amaporte.org\/index.php\/wp-json\/wp\/v2\/pages\/258"}],"wp:attachment":[{"href":"https:\/\/www.amaporte.org\/index.php\/wp-json\/wp\/v2\/media?parent=928"}],"wp:term":[{"taxonomy":"category","embeddable":true,"href":"https:\/\/www.amaporte.org\/index.php\/wp-json\/wp\/v2\/categories?post=928"},{"taxonomy":"post_tag","embeddable":true,"href":"https:\/\/www.amaporte.org\/index.php\/wp-json\/wp\/v2\/tags?post=928"}],"curies":[{"name":"wp","href":"https:\/\/api.w.org\/{rel}","templated":true}]}}