{"id":922,"date":"2024-01-22T15:18:05","date_gmt":"2024-01-22T14:18:05","guid":{"rendered":"https:\/\/lescalamb.ovh\/?page_id=922"},"modified":"2024-01-22T15:18:05","modified_gmt":"2024-01-22T14:18:05","slug":"recettes-poireaux","status":"publish","type":"page","link":"https:\/\/www.amaporte.org\/index.php\/amaporte\/produits\/recettes\/recettes-poireaux\/","title":{"rendered":"Recettes aux Poireaux"},"content":{"rendered":"\n<h2 class=\"wp-block-heading\">Plats v\u00e9g\u00e9tariens<\/h2>\n\n\n\n<p><sup>VG<\/sup> <a href=\"http:\/\/autrecuisine.canalblog.com\/archives\/2008\/10\/19\/11012866.html\">Carottes aux \u00e9pices, curry, <strong>Raisins secs<\/strong>, amandes<\/a> : <br><sup>AMAP<\/sup> Carottes + Huile d&#8217;Olive + Oignons + Persil + Poireaux + Raisins secs<br><em>+ Amandes effil\u00e9es + Cumin + Curry + Poivre + Sel<\/em><\/p>\n\n\n\n<p><sup>VG<\/sup> <a href=\"https:\/\/fr.wikibooks.org\/wiki\/Livre_de_cuisine\/Fondue_de_poireaux_%C3%A0_la_cr%C3%A8me\">Fondue de Poireaux \u00e0 la cr\u00e8me<\/a> : <br><sup>AMAP<\/sup> Echalotes + Poireaux<br><em>+ Beurre + Fromage blanc + Poivre + Sel<\/em><\/p>\n\n\n\n<p><sup>VG<\/sup> <a href=\"https:\/\/www.marmiton.org\/recettes\/recette_potage-au-poireau-et-chou-blanc_176008.aspx\">Potage au Poireau et <strong>Chou blanc<\/strong><\/a> : <br><sup>AMAP<\/sup> Chou blanc + Poireau<br><em>+ Poivre + Sel + Thym<\/em><\/p>\n\n\n\n<p><sup>VG<\/sup> <a href=\"https:\/\/fr.wikibooks.org\/wiki\/Livre_de_cuisine\/Soupe_m%C3%A9diterran%C3%A9enne_de_tomates\">Soupe m\u00e9diterran\u00e9enne de <strong>Tomates<\/strong><\/a> : <br><sup>AMAP<\/sup> Ail + Basilic + Huile d&#8217;olive + Poireaux + Tomates<br><em>+<em> <\/em>Bouquet garni + Poivre + Sel<\/em><\/p>\n\n\n\n<h2 class=\"wp-block-heading\">Plats avec viande<\/h2>\n\n\n\n<p><a href=\"https:\/\/www.marmiton.org\/recettes\/recette_soupe-economique-au-poulet_60499.aspx\">Soupe \u00e9conomique de <strong>Poulet<\/strong><\/a> : <br><sup>AMAP<\/sup> Bouillon de Poule + Carottes + Poireaux + Pommes de terre + Poulet (carcasse)<br><em>+ Laurier + Poivre + Sel + Thym<\/em><\/p>\n\n\n\n<p><\/p>\n","protected":false},"excerpt":{"rendered":"<p>Plats v\u00e9g\u00e9tariens VG Carottes aux \u00e9pices, curry, Raisins secs, amandes : AMAP Carottes + Huile d&#8217;Olive + Oignons + Persil + Poireaux + Raisins secs+ Amandes effil\u00e9es + Cumin + Curry + Poivre + Sel VG Fondue de Poireaux \u00e0 la cr\u00e8me : AMAP Echalotes + Poireaux+ Beurre + Fromage blanc + Poivre + Sel &hellip; <a href=\"https:\/\/www.amaporte.org\/index.php\/amaporte\/produits\/recettes\/recettes-poireaux\/\" class=\"more-link\">Lire la suite de <span class=\"screen-reader-text\">Recettes aux Poireaux<\/span><\/a><\/p>\n","protected":false},"author":1,"featured_media":0,"parent":258,"menu_order":0,"comment_status":"closed","ping_status":"closed","template":"","meta":{"footnotes":""},"categories":[5],"tags":[4],"class_list":["post-922","page","type-page","status-publish","hentry","category-recettes-specifiques","tag-recettes"],"_links":{"self":[{"href":"https:\/\/www.amaporte.org\/index.php\/wp-json\/wp\/v2\/pages\/922","targetHints":{"allow":["GET"]}}],"collection":[{"href":"https:\/\/www.amaporte.org\/index.php\/wp-json\/wp\/v2\/pages"}],"about":[{"href":"https:\/\/www.amaporte.org\/index.php\/wp-json\/wp\/v2\/types\/page"}],"author":[{"embeddable":true,"href":"https:\/\/www.amaporte.org\/index.php\/wp-json\/wp\/v2\/users\/1"}],"replies":[{"embeddable":true,"href":"https:\/\/www.amaporte.org\/index.php\/wp-json\/wp\/v2\/comments?post=922"}],"version-history":[{"count":0,"href":"https:\/\/www.amaporte.org\/index.php\/wp-json\/wp\/v2\/pages\/922\/revisions"}],"up":[{"embeddable":true,"href":"https:\/\/www.amaporte.org\/index.php\/wp-json\/wp\/v2\/pages\/258"}],"wp:attachment":[{"href":"https:\/\/www.amaporte.org\/index.php\/wp-json\/wp\/v2\/media?parent=922"}],"wp:term":[{"taxonomy":"category","embeddable":true,"href":"https:\/\/www.amaporte.org\/index.php\/wp-json\/wp\/v2\/categories?post=922"},{"taxonomy":"post_tag","embeddable":true,"href":"https:\/\/www.amaporte.org\/index.php\/wp-json\/wp\/v2\/tags?post=922"}],"curies":[{"name":"wp","href":"https:\/\/api.w.org\/{rel}","templated":true}]}}