{"id":905,"date":"2024-01-22T14:48:07","date_gmt":"2024-01-22T13:48:07","guid":{"rendered":"https:\/\/lescalamb.ovh\/?page_id=905"},"modified":"2024-01-22T14:48:07","modified_gmt":"2024-01-22T13:48:07","slug":"recettes-mais","status":"publish","type":"page","link":"https:\/\/www.amaporte.org\/index.php\/amaporte\/produits\/recettes\/recettes-mais\/","title":{"rendered":"Recettes au Ma\u00efs"},"content":{"rendered":"\n<h2 class=\"wp-block-heading\">Plats<\/h2>\n\n\n\n<p><sup>VG<\/sup> <a href=\"https:\/\/fr.wikibooks.org\/wiki\/Livre_de_cuisine\/Galettes_de_haricots_rouges_au_ma%C3%AFs\">Galettes de <strong>Haricots<\/strong> au Ma\u00efs<\/a> : <br><sup>AMAP<\/sup> Haricots (coco) + Huile v\u00e9g\u00e9tale + Oignons + Ma\u00efs<br><em>+ Chapelure + Poivre + Sel<\/em><\/p>\n\n\n\n<p><sup>VG<\/sup> <a href=\"https:\/\/www.marmiton.org\/recettes\/recette_cake-au-mais-et-au-parmesan_170331.aspx\">Cake au Ma\u00efs et au parmesan<\/a> : <br><sup>AMAP<\/sup> Farine + Oeufs + Ma\u00efs<br><em>+ Beurre + Ciboulette + Lait + Levure chimique + Parmesan + Poivre + Sel<\/em><\/p>\n\n\n\n<p><sup>VG<\/sup> <a href=\"https:\/\/www.ptitchef.com\/recettes\/plat\/galette-de-mais-a-la-poele-facon-corn-bread-des-usa-fid-213450\">Galette de Ma\u00efs fa\u00e7on Corn Bread<\/a> : <br><sup>AMAP<\/sup> Farine + Oeufs + Huile v\u00e9g\u00e9tale + Ma\u00efs + Semoule de ma\u00efs (polenta)<br><em>+ Beurre + Emmental + Lait + Levure chimique + Poivre + Sel<\/em><\/p>\n","protected":false},"excerpt":{"rendered":"<p>Plats VG Galettes de Haricots au Ma\u00efs : AMAP Haricots (coco) + Huile v\u00e9g\u00e9tale + Oignons + Ma\u00efs+ Chapelure + Poivre + Sel VG Cake au Ma\u00efs et au parmesan : AMAP Farine + Oeufs + Ma\u00efs+ Beurre + Ciboulette + Lait + Levure chimique + Parmesan + Poivre + Sel VG Galette de Ma\u00efs &hellip; <a href=\"https:\/\/www.amaporte.org\/index.php\/amaporte\/produits\/recettes\/recettes-mais\/\" class=\"more-link\">Lire la suite de <span class=\"screen-reader-text\">Recettes au Ma\u00efs<\/span><\/a><\/p>\n","protected":false},"author":1,"featured_media":0,"parent":258,"menu_order":0,"comment_status":"closed","ping_status":"closed","template":"","meta":{"footnotes":""},"categories":[5],"tags":[4],"class_list":["post-905","page","type-page","status-publish","hentry","category-recettes-specifiques","tag-recettes"],"_links":{"self":[{"href":"https:\/\/www.amaporte.org\/index.php\/wp-json\/wp\/v2\/pages\/905","targetHints":{"allow":["GET"]}}],"collection":[{"href":"https:\/\/www.amaporte.org\/index.php\/wp-json\/wp\/v2\/pages"}],"about":[{"href":"https:\/\/www.amaporte.org\/index.php\/wp-json\/wp\/v2\/types\/page"}],"author":[{"embeddable":true,"href":"https:\/\/www.amaporte.org\/index.php\/wp-json\/wp\/v2\/users\/1"}],"replies":[{"embeddable":true,"href":"https:\/\/www.amaporte.org\/index.php\/wp-json\/wp\/v2\/comments?post=905"}],"version-history":[{"count":0,"href":"https:\/\/www.amaporte.org\/index.php\/wp-json\/wp\/v2\/pages\/905\/revisions"}],"up":[{"embeddable":true,"href":"https:\/\/www.amaporte.org\/index.php\/wp-json\/wp\/v2\/pages\/258"}],"wp:attachment":[{"href":"https:\/\/www.amaporte.org\/index.php\/wp-json\/wp\/v2\/media?parent=905"}],"wp:term":[{"taxonomy":"category","embeddable":true,"href":"https:\/\/www.amaporte.org\/index.php\/wp-json\/wp\/v2\/categories?post=905"},{"taxonomy":"post_tag","embeddable":true,"href":"https:\/\/www.amaporte.org\/index.php\/wp-json\/wp\/v2\/tags?post=905"}],"curies":[{"name":"wp","href":"https:\/\/api.w.org\/{rel}","templated":true}]}}