{"id":89,"date":"2023-12-16T15:56:58","date_gmt":"2023-12-16T14:56:58","guid":{"rendered":"https:\/\/lescalamb.ovh\/?page_id=56"},"modified":"2023-12-16T15:56:58","modified_gmt":"2023-12-16T14:56:58","slug":"le-chou-kale","status":"publish","type":"page","link":"https:\/\/www.amaporte.org\/index.php\/amaporte\/produits\/produits-annexes\/le-chou-kale\/","title":{"rendered":"Le chou Kale"},"content":{"rendered":"<div class=\"wp-block-image\">\n<figure class=\"aligncenter size-full\"><img decoding=\"async\" src=\"https:\/\/lescalamb.ovh\/wp-content\/uploads\/2023\/12\/LegumeChouKale.jpg\" alt=\"\" class=\"wp-image-57\"\/><\/figure>\n<\/div>\n\n\n<p>Bien connu de certaines personnes d&#8217;origines irlandaises&#8230; En Irlande, on pr\u00e9pare g\u00e9n\u00e9ralement le chou Kale en pur\u00e9e avec pommes de terre (moiti\u00e9 \/ moiti\u00e9) et un peu d&#8217;oignons crus hach\u00e9s fins.<\/p>\n","protected":false},"excerpt":{"rendered":"<p>Bien connu de certaines personnes d&#8217;origines irlandaises&#8230; En Irlande, on pr\u00e9pare g\u00e9n\u00e9ralement le chou Kale en pur\u00e9e avec pommes de terre (moiti\u00e9 \/ moiti\u00e9) et un peu d&#8217;oignons crus hach\u00e9s fins.<\/p>\n","protected":false},"author":1,"featured_media":0,"parent":92,"menu_order":0,"comment_status":"closed","ping_status":"closed","template":"","meta":{"footnotes":""},"categories":[],"tags":[],"class_list":["post-89","page","type-page","status-publish","hentry"],"_links":{"self":[{"href":"https:\/\/www.amaporte.org\/index.php\/wp-json\/wp\/v2\/pages\/89","targetHints":{"allow":["GET"]}}],"collection":[{"href":"https:\/\/www.amaporte.org\/index.php\/wp-json\/wp\/v2\/pages"}],"about":[{"href":"https:\/\/www.amaporte.org\/index.php\/wp-json\/wp\/v2\/types\/page"}],"author":[{"embeddable":true,"href":"https:\/\/www.amaporte.org\/index.php\/wp-json\/wp\/v2\/users\/1"}],"replies":[{"embeddable":true,"href":"https:\/\/www.amaporte.org\/index.php\/wp-json\/wp\/v2\/comments?post=89"}],"version-history":[{"count":0,"href":"https:\/\/www.amaporte.org\/index.php\/wp-json\/wp\/v2\/pages\/89\/revisions"}],"up":[{"embeddable":true,"href":"https:\/\/www.amaporte.org\/index.php\/wp-json\/wp\/v2\/pages\/92"}],"wp:attachment":[{"href":"https:\/\/www.amaporte.org\/index.php\/wp-json\/wp\/v2\/media?parent=89"}],"wp:term":[{"taxonomy":"category","embeddable":true,"href":"https:\/\/www.amaporte.org\/index.php\/wp-json\/wp\/v2\/categories?post=89"},{"taxonomy":"post_tag","embeddable":true,"href":"https:\/\/www.amaporte.org\/index.php\/wp-json\/wp\/v2\/tags?post=89"}],"curies":[{"name":"wp","href":"https:\/\/api.w.org\/{rel}","templated":true}]}}