{"id":880,"date":"2024-01-22T14:25:35","date_gmt":"2024-01-22T13:25:35","guid":{"rendered":"https:\/\/lescalamb.ovh\/?page_id=880"},"modified":"2024-01-22T14:25:35","modified_gmt":"2024-01-22T13:25:35","slug":"recettes-chou-fleur","status":"publish","type":"page","link":"https:\/\/www.amaporte.org\/index.php\/amaporte\/produits\/recettes\/recettes-chou-fleur\/","title":{"rendered":"Recettes au Chou-fleur"},"content":{"rendered":"\n<h2 class=\"wp-block-heading\">Plats<\/h2>\n\n\n\n<p><sup>VG<\/sup> <a href=\"https:\/\/www.cuisineaz.com\/recettes\/cake-au-chou-fleur-et-au-comte-89871.aspx\">Cake au Chou-fleur et au Comt\u00e9<\/a> : <br><sup>AMAP<\/sup> Chou-fleur + Farine + Huile d&#8217;Olive + Oeufs + Oignon + Persil<br><em>+ Comt\u00e9 + Levure chimique + Poivre + Sel<\/em><\/p>\n\n\n\n<p><sup>VG<\/sup> <a href=\"https:\/\/fr.wikibooks.org\/wiki\/Livre_de_cuisine\/Cr%C3%A8me_de_chou-fleur\">Cr\u00e8me de Chou-fleur<\/a> : <br><sup>AMAP<\/sup> Bouillon (de l\u00e9gumes) + Chou-fleur + Pain + Pommes de terre<br> + <em>Beurre + Lait + Poivre + Sel<\/em><\/p>\n\n\n\n<p><sup>VG<\/sup> <a href=\"https:\/\/fr.wikibooks.org\/wiki\/Livre_de_cuisine\/Gratin_au_chou\">Gratin au Chou-fleur<\/a> : <br><sup>AMAP<\/sup> Chou-fleur  <br> + <em>Beurre + Cr\u00e8me \u00e9paisse + Emmental + Poivre + Sel<\/em><\/p>\n","protected":false},"excerpt":{"rendered":"<p>Plats VG Cake au Chou-fleur et au Comt\u00e9 : AMAP Chou-fleur + Farine + Huile d&#8217;Olive + Oeufs + Oignon + Persil+ Comt\u00e9 + Levure chimique + Poivre + Sel VG Cr\u00e8me de Chou-fleur : AMAP Bouillon (de l\u00e9gumes) + Chou-fleur + Pain + Pommes de terre + Beurre + Lait + Poivre + Sel &hellip; <a href=\"https:\/\/www.amaporte.org\/index.php\/amaporte\/produits\/recettes\/recettes-chou-fleur\/\" class=\"more-link\">Lire la suite de <span class=\"screen-reader-text\">Recettes au Chou-fleur<\/span><\/a><\/p>\n","protected":false},"author":1,"featured_media":0,"parent":258,"menu_order":0,"comment_status":"closed","ping_status":"closed","template":"","meta":{"footnotes":""},"categories":[5],"tags":[4],"class_list":["post-880","page","type-page","status-publish","hentry","category-recettes-specifiques","tag-recettes"],"_links":{"self":[{"href":"https:\/\/www.amaporte.org\/index.php\/wp-json\/wp\/v2\/pages\/880","targetHints":{"allow":["GET"]}}],"collection":[{"href":"https:\/\/www.amaporte.org\/index.php\/wp-json\/wp\/v2\/pages"}],"about":[{"href":"https:\/\/www.amaporte.org\/index.php\/wp-json\/wp\/v2\/types\/page"}],"author":[{"embeddable":true,"href":"https:\/\/www.amaporte.org\/index.php\/wp-json\/wp\/v2\/users\/1"}],"replies":[{"embeddable":true,"href":"https:\/\/www.amaporte.org\/index.php\/wp-json\/wp\/v2\/comments?post=880"}],"version-history":[{"count":0,"href":"https:\/\/www.amaporte.org\/index.php\/wp-json\/wp\/v2\/pages\/880\/revisions"}],"up":[{"embeddable":true,"href":"https:\/\/www.amaporte.org\/index.php\/wp-json\/wp\/v2\/pages\/258"}],"wp:attachment":[{"href":"https:\/\/www.amaporte.org\/index.php\/wp-json\/wp\/v2\/media?parent=880"}],"wp:term":[{"taxonomy":"category","embeddable":true,"href":"https:\/\/www.amaporte.org\/index.php\/wp-json\/wp\/v2\/categories?post=880"},{"taxonomy":"post_tag","embeddable":true,"href":"https:\/\/www.amaporte.org\/index.php\/wp-json\/wp\/v2\/tags?post=880"}],"curies":[{"name":"wp","href":"https:\/\/api.w.org\/{rel}","templated":true}]}}