{"id":830,"date":"2024-01-22T13:25:11","date_gmt":"2024-01-22T12:25:11","guid":{"rendered":"https:\/\/lescalamb.ovh\/?page_id=830"},"modified":"2024-01-22T13:25:11","modified_gmt":"2024-01-22T12:25:11","slug":"recettes-oranges","status":"publish","type":"page","link":"https:\/\/www.amaporte.org\/index.php\/amaporte\/produits\/recettes\/recettes-oranges\/","title":{"rendered":"Recettes aux Oranges"},"content":{"rendered":"\n<h2 class=\"wp-block-heading\">Plats v\u00e9g\u00e9tariens<\/h2>\n\n\n\n<p><sup>VG<\/sup> <a href=\"https:\/\/fr.wikibooks.org\/wiki\/Livre_de_cuisine\/Taboul%C3%A9_exotique_aux_oranges_et_aux_pruneaux\">Taboul\u00e9 exotique aux Oranges et aux pruneaux<\/a> : <br><sup>AMAP<\/sup> Basilic + Bouillon (de l\u00e9gumes) + Huile d&#8217;Olive + Oignons + Oranges + Poivrons + Semoules + Tomates<br><em>+ Menthe + Poivre + Pruneaux + Sel<\/em><\/p>\n\n\n\n<h2 class=\"wp-block-heading\">Plats avec viande<\/h2>\n\n\n\n<p><a href=\"https:\/\/www.atelierdeschefs.fr\/recettes\/12568\/poulet-roti-et-carottes-primeurs\/\">Poulet r\u00f4ti et carottes primeur<\/a> : <br><sup>AMAP<\/sup> Ail + Carottes + Huile d&#8217;olive + Miel + Oignons + Orange (jus) + Poulet entier<br><em>+ Laurier + Poivre + Sel + Thym<\/em><\/p>\n","protected":false},"excerpt":{"rendered":"<p>Plats v\u00e9g\u00e9tariens VG Taboul\u00e9 exotique aux Oranges et aux pruneaux : AMAP Basilic + Bouillon (de l\u00e9gumes) + Huile d&#8217;Olive + Oignons + Oranges + Poivrons + Semoules + Tomates+ Menthe + Poivre + Pruneaux + Sel Plats avec viande Poulet r\u00f4ti et carottes primeur : AMAP Ail + Carottes + Huile d&#8217;olive + Miel &hellip; <a href=\"https:\/\/www.amaporte.org\/index.php\/amaporte\/produits\/recettes\/recettes-oranges\/\" class=\"more-link\">Lire la suite de <span class=\"screen-reader-text\">Recettes aux Oranges<\/span><\/a><\/p>\n","protected":false},"author":1,"featured_media":0,"parent":258,"menu_order":0,"comment_status":"closed","ping_status":"closed","template":"","meta":{"footnotes":""},"categories":[5],"tags":[4],"class_list":["post-830","page","type-page","status-publish","hentry","category-recettes-specifiques","tag-recettes"],"_links":{"self":[{"href":"https:\/\/www.amaporte.org\/index.php\/wp-json\/wp\/v2\/pages\/830","targetHints":{"allow":["GET"]}}],"collection":[{"href":"https:\/\/www.amaporte.org\/index.php\/wp-json\/wp\/v2\/pages"}],"about":[{"href":"https:\/\/www.amaporte.org\/index.php\/wp-json\/wp\/v2\/types\/page"}],"author":[{"embeddable":true,"href":"https:\/\/www.amaporte.org\/index.php\/wp-json\/wp\/v2\/users\/1"}],"replies":[{"embeddable":true,"href":"https:\/\/www.amaporte.org\/index.php\/wp-json\/wp\/v2\/comments?post=830"}],"version-history":[{"count":0,"href":"https:\/\/www.amaporte.org\/index.php\/wp-json\/wp\/v2\/pages\/830\/revisions"}],"up":[{"embeddable":true,"href":"https:\/\/www.amaporte.org\/index.php\/wp-json\/wp\/v2\/pages\/258"}],"wp:attachment":[{"href":"https:\/\/www.amaporte.org\/index.php\/wp-json\/wp\/v2\/media?parent=830"}],"wp:term":[{"taxonomy":"category","embeddable":true,"href":"https:\/\/www.amaporte.org\/index.php\/wp-json\/wp\/v2\/categories?post=830"},{"taxonomy":"post_tag","embeddable":true,"href":"https:\/\/www.amaporte.org\/index.php\/wp-json\/wp\/v2\/tags?post=830"}],"curies":[{"name":"wp","href":"https:\/\/api.w.org\/{rel}","templated":true}]}}