{"id":702,"date":"2024-01-22T10:38:54","date_gmt":"2024-01-22T09:38:54","guid":{"rendered":"https:\/\/lescalamb.ovh\/?page_id=702"},"modified":"2024-01-22T10:38:54","modified_gmt":"2024-01-22T09:38:54","slug":"recettes-citron","status":"publish","type":"page","link":"https:\/\/www.amaporte.org\/index.php\/amaporte\/produits\/recettes\/recettes-citron\/","title":{"rendered":"Recettes au Citron"},"content":{"rendered":"\n<h2 class=\"wp-block-heading\">Plats v\u00e9g\u00e9tariens<\/h2>\n\n\n\n<p><sup>VG<\/sup> <a href=\"https:\/\/www.cuisineactuelle.fr\/recettes\/aubergines-au-miel-290783\"><strong>Aubergines<\/strong> au four, au curry et au <strong>Miel<\/strong><\/a> : <br><sup>AMAP<\/sup> Ail + Aubergines + Citron + Citron confit + Huile d&#8217;Olive + Miel<br><em>+ Curry + Poivre + Sel<\/em><\/p>\n\n\n\n<p><sup>VG<\/sup> <a href=\"https:\/\/www.cuisineactuelle.fr\/recettes\/aubergines-au-miel-290783\"><strong>Aubergines<\/strong> au <strong>Miel<\/strong><\/a> : <br><sup>AMAP<\/sup> Aubergines + Citron + Huile d&#8217;Olive + Miel<br><em>+ Poivre + Sel<\/em><\/p>\n\n\n\n<p><sup>VG<\/sup> <a href=\"https:\/\/fr.wikibooks.org\/wiki\/Livre_de_cuisine\/Aubergines_farcies_v%C3%A9g%C3%A9tariennes\"><strong>Aubergines<\/strong> farcies v\u00e9g\u00e9tariennes<\/a> : <br><sup>AMAP<\/sup> Ail + Aubergines + Citron + Huile d&#8217;olive + Oignons + Tomates<br><em>+ <em><em>Origan + Pignons de pin + <\/em>Poivre<\/em><\/em> + <em>Romarin + Sel + Sucre + Thym<\/em><\/p>\n\n\n\n<p><sup>VG<\/sup> <a href=\"https:\/\/fr.wikibooks.org\/wiki\/Livre_de_cuisine\/Caviar_d%27aubergine\" data-type=\"link\" data-id=\"https:\/\/fr.wikibooks.org\/wiki\/Livre_de_cuisine\/Caviar_d%27aubergine\">Caviar d&#8217;<strong>Aubergines<\/strong><\/a> : <br><sup>AMAP<\/sup> Ail + Aubergines + Citron + Huile d&#8217;Olive + Piments<br><em><em>+ <\/em>Sel<\/em><\/p>\n\n\n\n<p><sup>VG<\/sup> <a href=\"https:\/\/fr.wikibooks.org\/wiki\/Livre_de_cuisine\/Concombres_%C3%A0_la_cretoise\"><strong>Concombres<\/strong> \u00e0 la cr\u00e9toise<\/a> : <br><sup>AMAP<\/sup> Citron + Concombres + Huile d&#8217;Olive + Yaourt (de ch\u00e8vre)<br><em>+ Cr\u00e8me \u00e9paisse + Feta + Olives noires + Poivre + Sel<\/em><\/p>\n\n\n\n<p><sup>VG<\/sup> <a href=\"https:\/\/www.cuisineactuelle.fr\/recettes\/crumble-de-carottes-et-noisettes-234217#\">Crumble de <strong>Carottes<\/strong> et noisettes<\/a> : <br><sup>AMAP<\/sup> Bouillon (de l\u00e9gumes) + Carottes + Citron + Farine + Huile d&#8217;Olive + Oignons<br><em>+ Beurre + Noisettes + Parmesan + Poivre + Sel<\/em><\/p>\n\n\n\n<p><sup>VG<\/sup> <a href=\"https:\/\/fr.wikibooks.org\/wiki\/Livre_de_cuisine\/Pur%C3%A9e_de_courgettes\">Pur\u00e9e de <strong>Courgettes<\/strong><\/a> : <br><sup>AMAP<\/sup> Citron + Courgettes + Pommes de terre<br><em>+ Beurre + Cr\u00e8me \u00e9paisse + Lait + Sel<\/em><\/p>\n\n\n\n<p><sup>VG<\/sup> <a href=\"https:\/\/recettes.aujourdhui.com\/entree\/salade-croquante-courgettes-citron-sesame.asp\">Salade croquante de <strong>Courgettes<\/strong> au Citron et s\u00e9same grill\u00e9<\/a> : <br><sup>AMAP<\/sup> Citron + Courgettes<br><em>+ Coriandre + S\u00e9same grill\u00e9<\/em><\/p>\n\n\n\n<p><sup>VG<\/sup> <a href=\"https:\/\/www.ptitchef.com\/recettes\/accompagnement\/saute-de-navets-aux-pommes-et-au-miel-fid-193970\">Saut\u00e9 de <strong>Navets<\/strong> aux <strong>Pommes<\/strong> et au <strong>Miel<\/strong><\/a> : <br><sup>AMAP<\/sup> Citron + Huile de Tournesol + Miel + Navets + Noix + Oignons + Pommes<\/p>\n\n\n\n<p><sup>VG<\/sup> <a href=\"https:\/\/fr.wikibooks.org\/wiki\/Livre_de_cuisine\/Salade_de_pommes_et_pois_chiches\">Salade de <strong>Pommes<\/strong> et <strong>Pois chiches<\/strong><\/a> : <br><sup>AMAP<\/sup> Basilic + C\u00e9leri branche + Citron + Huile d&#8217;Olive + Oignons + Pois chiches + Pommes<em><br>+ Ciboulette + Poivre + Sel<\/em><\/p>\n\n\n\n<h2 class=\"wp-block-heading\">Plats avec viande<\/h2>\n\n\n\n<p><a href=\"https:\/\/www.lesfruitsetlegumesfrais.com\/en-cuisine\/recettes\/burger-de-pomme-et-boeuf-a-la-coriandre-fraiche\">Burger de pomme et boeuf \u00e0 la coriandre fra\u00eeche<\/a> : <br><sup>AMAP<\/sup> Boeuf + Citron + Echalote + Fromage blanc (de ch\u00e8vre) + Huile d&#8217;Olive + Pommes<br><em>+ Beurre + Cerfeuil + Coriandre fra\u00eeche et poudre + Estragon + Moutarde + Poivre + Sel<\/em><\/p>\n\n\n\n<h2 class=\"wp-block-heading\">Sauces<\/h2>\n\n\n\n<p><sup>VG<\/sup> <a href=\"https:\/\/fr.wikibooks.org\/wiki\/Livre_de_cuisine\/Sauce_chien\">Sauce chien<\/a> : <br><sup>AMAP<\/sup>  Ail + Citron + Civette + Echalotes + Huile d&#8217;Olive + Oignons jaunes + Persil + Piment + Vinaigre<br><em>+ Laurier + Poivre + Sel + Thym<\/em><\/p>\n\n\n\n<p><sup>VG<\/sup> <a href=\"https:\/\/www.mesinspirationsculinaires.com\/article-sauce-raita-sauce-indienne-108076166.html\">Sauce Ra\u00efta<\/a> : <br><sup>AMAP<\/sup>  Ail + Citron + Concombre + Tomates + Yaourt (de ch\u00e8vre)<br><em>+ Aneth + Cumin + Poivre<\/em><\/p>\n\n\n\n<h2 class=\"wp-block-heading\">Desserts<\/h2>\n\n\n\n<p><sup>VG<\/sup> <a href=\"https:\/\/www.altergusto.fr\/2015\/10\/01\/biscuits-creme-marrons-noisette\/\">Biscuits \u00e0 la <strong>cr\u00e8me de Marrons<\/strong> &amp; noisettes<\/a> : <br><sup>AMAP<\/sup> Citron + Cr\u00e8me de Marrons (Confiture de Ch\u00e2taigne) + Farine<br><em>+ Beurre + Poudre de noisettes + Sucre<\/em><\/p>\n\n\n\n<p><sup>VG<\/sup> <a href=\"https:\/\/www.ptitchef.com\/recettes\/dessert\/gateau-au-fromage-blanc-super-facile-fid-1507834\">G\u00e2teau au <strong>Fromage blanc<\/strong><\/a> : <br><sup>AMAP<\/sup> Farine + Fromage blanc (de ch\u00e8vre) + Oeufs + Zeste de citron<br><em>+ Sucre<\/em><\/p>\n","protected":false},"excerpt":{"rendered":"<p>Plats v\u00e9g\u00e9tariens VG Aubergines au four, au curry et au Miel : AMAP Ail + Aubergines + Citron + Citron confit + Huile d&#8217;Olive + Miel+ Curry + Poivre + Sel VG Aubergines au Miel : AMAP Aubergines + Citron + Huile d&#8217;Olive + Miel+ Poivre + Sel VG Aubergines farcies v\u00e9g\u00e9tariennes : AMAP Ail &hellip; <a href=\"https:\/\/www.amaporte.org\/index.php\/amaporte\/produits\/recettes\/recettes-citron\/\" class=\"more-link\">Lire la suite de <span class=\"screen-reader-text\">Recettes au Citron<\/span><\/a><\/p>\n","protected":false},"author":1,"featured_media":0,"parent":258,"menu_order":0,"comment_status":"closed","ping_status":"closed","template":"","meta":{"footnotes":""},"categories":[5],"tags":[4],"class_list":["post-702","page","type-page","status-publish","hentry","category-recettes-specifiques","tag-recettes"],"_links":{"self":[{"href":"https:\/\/www.amaporte.org\/index.php\/wp-json\/wp\/v2\/pages\/702","targetHints":{"allow":["GET"]}}],"collection":[{"href":"https:\/\/www.amaporte.org\/index.php\/wp-json\/wp\/v2\/pages"}],"about":[{"href":"https:\/\/www.amaporte.org\/index.php\/wp-json\/wp\/v2\/types\/page"}],"author":[{"embeddable":true,"href":"https:\/\/www.amaporte.org\/index.php\/wp-json\/wp\/v2\/users\/1"}],"replies":[{"embeddable":true,"href":"https:\/\/www.amaporte.org\/index.php\/wp-json\/wp\/v2\/comments?post=702"}],"version-history":[{"count":0,"href":"https:\/\/www.amaporte.org\/index.php\/wp-json\/wp\/v2\/pages\/702\/revisions"}],"up":[{"embeddable":true,"href":"https:\/\/www.amaporte.org\/index.php\/wp-json\/wp\/v2\/pages\/258"}],"wp:attachment":[{"href":"https:\/\/www.amaporte.org\/index.php\/wp-json\/wp\/v2\/media?parent=702"}],"wp:term":[{"taxonomy":"category","embeddable":true,"href":"https:\/\/www.amaporte.org\/index.php\/wp-json\/wp\/v2\/categories?post=702"},{"taxonomy":"post_tag","embeddable":true,"href":"https:\/\/www.amaporte.org\/index.php\/wp-json\/wp\/v2\/tags?post=702"}],"curies":[{"name":"wp","href":"https:\/\/api.w.org\/{rel}","templated":true}]}}