{"id":671,"date":"2024-01-22T10:00:58","date_gmt":"2024-01-22T09:00:58","guid":{"rendered":"https:\/\/lescalamb.ovh\/?page_id=671"},"modified":"2024-01-22T10:00:58","modified_gmt":"2024-01-22T09:00:58","slug":"recettes-aubergines","status":"publish","type":"page","link":"https:\/\/www.amaporte.org\/index.php\/amaporte\/produits\/recettes\/recettes-aubergines\/","title":{"rendered":"Recettes aux Aubergines"},"content":{"rendered":"\n<h2 class=\"wp-block-heading\">Plats v\u00e9g\u00e9tariens<\/h2>\n\n\n\n<p><sup>VG<\/sup> <a href=\"https:\/\/www.marieclaire.fr\/cuisine\/aubergines-au-four-ail-et-parmesan,1206597.asp\">Aubergines au four, <strong>Ail<\/strong> et parmesan<\/a> : <br><sup>AMAP<\/sup> Ail + Aubergines + Huile d&#8217;Olive<br><em><em>+ <\/em>Parmesan + Romarin<\/em><\/p>\n\n\n\n<p><sup>VG<\/sup> <a href=\"https:\/\/www.elle.fr\/Elle-a-Table\/Recettes-de-cuisine\/Aubergines-au-four-au-curry-et-au-miel-548626\">Aubergines au four, au curry et au <strong>Miel<\/strong><\/a> : <br><sup>AMAP<\/sup> Ail + Aubergines + Citron + Citron confit + Huile d&#8217;Olive + Miel<br><em><em>+ <\/em>Curry + Poivre + Sel<\/em><\/p>\n\n\n\n<p><sup>VG<\/sup> <a href=\"https:\/\/www.cuisineactuelle.fr\/recettes\/aubergines-au-miel-290783\">Aubergines au <strong>Miel<\/strong><\/a> : <br><sup>AMAP<\/sup> Aubergines + Citron + Huile d&#8217;Olive + Miel<br><em><em>+ <\/em>Poivre + Sel<\/em><\/p>\n\n\n\n<p><sup>VG<\/sup> <a href=\"https:\/\/fr.wikibooks.org\/wiki\/Livre_de_cuisine\/Aubergines_farcies_v%C3%A9g%C3%A9tariennes\">Aubergines farcies v\u00e9g\u00e9tariennes<\/a> : <br><sup>AMAP<\/sup> Ail + Aubergines + Citron + Huile d&#8217;olive + Oignons + Tomates<br><em>+ <em><em>Origan + Pignons de pin + <\/em>Poivre<\/em><\/em> + <em>Romarin + Sel + Sucre + Thym<\/em><\/p>\n\n\n\n<p><sup>VG<\/sup> <a href=\"https:\/\/fr.wikibooks.org\/wiki\/Livre_de_cuisine\/Caviar_d%27aubergine\" data-type=\"link\" data-id=\"https:\/\/fr.wikibooks.org\/wiki\/Livre_de_cuisine\/Caviar_d%27aubergine\">Caviar d&#8217;Aubergines<\/a> : <br><sup>AMAP<\/sup> Ail + Aubergines + Citron + Huile d&#8217;Olive + Piments<br><em><em>+ <\/em>Sel<\/em><\/p>\n\n\n\n<p><sup>VG<\/sup> <a href=\"https:\/\/fr.wikibooks.org\/wiki\/Livre_de_cuisine\/Escalivada\">Escalivada<\/a> : <br><sup>AMAP<\/sup> Ail + Aubergines + Huile d&#8217;Olive + Oignons + Poivrons + Tomates<br><em><em>+ <\/em>Poivre + Sel<\/em><\/p>\n\n\n\n<p><sup>VG<\/sup> <a href=\"https:\/\/www.quelquesgrammesdegourmandise.com\/legumes-vin-blanc\/\">M\u00e9li-m\u00e9lo de l\u00e9gumes au <strong>Vin blanc<\/strong><\/a> : <br><sup>AMAP<\/sup> Aubergines + Courgettes + Echalotes + Pommes de terre + Vin blanc<br><em>+ Paprika + Poivre + Sel<\/em><\/p>\n\n\n\n<p><sup>VG<\/sup> <a href=\"https:\/\/fr.wikibooks.org\/wiki\/Livre_de_cuisine\/Ratatouille\">Ratatouille<\/a> : <br><sup>AMAP<\/sup> Ail + Aubergines + Courgettes + Huile d&#8217;olive + Oignons blancs + Poivrons + Tomates<br><em>+ Laurier + Romarin + Sel + Thym<\/em><\/p>\n\n\n\n<p><sup>VG<\/sup> <a href=\"https:\/\/fr.wikibooks.org\/wiki\/Livre_de_cuisine\/Salade_de_ratatouille_froide\">Salade de ratatouille<\/a> : <br><sup>AMAP<\/sup> Ail + Basilic + Ratatouille + Huile d&#8217;olive + Raisins secs<br><em>+ Curry + Pignons de pin + Sel<\/em><\/p>\n\n\n\n<p><sup>VG<\/sup> <a href=\"https:\/\/fr.wikibooks.org\/wiki\/Livre_de_cuisine\/Tarte_proven%C3%A7ale\">Tarte proven\u00e7ale<\/a> : <br><sup>AMAP<\/sup> Aubergines + Farine + Huile d&#8217;olive + Oeufs + Poivrons + Tomates<br><em>+ Beurre + Herbes de Provence + Olives noires + Poivre + Sel<\/em><\/p>\n\n\n\n<p><sup>VG<\/sup> <a href=\"https:\/\/www.lesfruitsetlegumesfrais.com\/en-cuisine\/recettes\/tian-de-legumes-dete\">Tian aux l\u00e9gumes d&#8217;\u00e9t\u00e9<\/a> : <br><sup>AMAP<\/sup> Ail + Aubergines + Courgettes + Huile d&#8217;olive + Oignons + Tomates<br><em>+ Laurier + Origan + Sel + Thym<\/em><\/p>\n\n\n\n<p><sup>VG<\/sup> <a href=\"https:\/\/www.marieclaire.fr\/cuisine\/tian-chevre-et-aubergines,1206627.asp\">Tian <strong>Ch\u00e8vre<\/strong> et Aubergines<\/a> : <br><sup>AMAP<\/sup>  Ail + Aubergines + Basilic + Fromage de ch\u00e8vre + Huile d&#8217;Olive + Oignons rouges + Tomates<br><em>+ Anis + Parmesan + Poivre + Sel<\/em><\/p>\n\n\n\n<h2 class=\"wp-block-heading\">Plats avec viande<\/h2>\n\n\n\n<p><a href=\"https:\/\/www.750g.com\/aubergines-farcies-r99109.htm\">Aubergines farcies au <strong>Boeuf<\/strong> hach\u00e9<\/a> : <br><sup>AMAP<\/sup> Ail + Aubergines + Boeuf hach\u00e9 + Huile d&#8217;Olive + Oignons + Tomates<br><em><em>+ <\/em>Emmental + Parmesan + Poivre + Sel<\/em><\/p>\n","protected":false},"excerpt":{"rendered":"<p>Plats v\u00e9g\u00e9tariens VG Aubergines au four, Ail et parmesan : AMAP Ail + Aubergines + Huile d&#8217;Olive+ Parmesan + Romarin VG Aubergines au four, au curry et au Miel : AMAP Ail + Aubergines + Citron + Citron confit + Huile d&#8217;Olive + Miel+ Curry + Poivre + Sel VG Aubergines au Miel : AMAP &hellip; <a href=\"https:\/\/www.amaporte.org\/index.php\/amaporte\/produits\/recettes\/recettes-aubergines\/\" class=\"more-link\">Lire la suite de <span class=\"screen-reader-text\">Recettes aux Aubergines<\/span><\/a><\/p>\n","protected":false},"author":1,"featured_media":0,"parent":258,"menu_order":0,"comment_status":"closed","ping_status":"closed","template":"","meta":{"footnotes":""},"categories":[5],"tags":[4],"class_list":["post-671","page","type-page","status-publish","hentry","category-recettes-specifiques","tag-recettes"],"_links":{"self":[{"href":"https:\/\/www.amaporte.org\/index.php\/wp-json\/wp\/v2\/pages\/671","targetHints":{"allow":["GET"]}}],"collection":[{"href":"https:\/\/www.amaporte.org\/index.php\/wp-json\/wp\/v2\/pages"}],"about":[{"href":"https:\/\/www.amaporte.org\/index.php\/wp-json\/wp\/v2\/types\/page"}],"author":[{"embeddable":true,"href":"https:\/\/www.amaporte.org\/index.php\/wp-json\/wp\/v2\/users\/1"}],"replies":[{"embeddable":true,"href":"https:\/\/www.amaporte.org\/index.php\/wp-json\/wp\/v2\/comments?post=671"}],"version-history":[{"count":0,"href":"https:\/\/www.amaporte.org\/index.php\/wp-json\/wp\/v2\/pages\/671\/revisions"}],"up":[{"embeddable":true,"href":"https:\/\/www.amaporte.org\/index.php\/wp-json\/wp\/v2\/pages\/258"}],"wp:attachment":[{"href":"https:\/\/www.amaporte.org\/index.php\/wp-json\/wp\/v2\/media?parent=671"}],"wp:term":[{"taxonomy":"category","embeddable":true,"href":"https:\/\/www.amaporte.org\/index.php\/wp-json\/wp\/v2\/categories?post=671"},{"taxonomy":"post_tag","embeddable":true,"href":"https:\/\/www.amaporte.org\/index.php\/wp-json\/wp\/v2\/tags?post=671"}],"curies":[{"name":"wp","href":"https:\/\/api.w.org\/{rel}","templated":true}]}}