{"id":660,"date":"2024-01-22T09:49:07","date_gmt":"2024-01-22T08:49:07","guid":{"rendered":"https:\/\/lescalamb.ovh\/?page_id=660"},"modified":"2024-01-22T09:49:07","modified_gmt":"2024-01-22T08:49:07","slug":"recettes-pommes-de-terre","status":"publish","type":"page","link":"https:\/\/www.amaporte.org\/index.php\/amaporte\/produits\/recettes\/recettes-pommes-de-terre\/","title":{"rendered":"Recettes aux Pommes de terre"},"content":{"rendered":"\n<h2 class=\"wp-block-heading\">Plats v\u00e9g\u00e9tariens<\/h2>\n\n\n\n<p><sup>VG<\/sup> <a href=\"https:\/\/fr.wikibooks.org\/wiki\/Livre_de_cuisine\/A%C3%AFoli\">A\u00efoli aux Pommes de terre<\/a> : <br><sup>AMAP<\/sup> Ail + Huile d&#8217;Olive + Pommes de terre<\/p>\n\n\n\n<p><sup>VG<\/sup> <a href=\"https:\/\/fr.wikibooks.org\/wiki\/Livre_de_cuisine\/Cr%C3%A8me_de_chou-fleur\">Cr\u00e8me de <strong>Chou-fleur<\/strong><\/a> : <br><sup>AMAP<\/sup> Bouillon (de l\u00e9gumes) + Chou-fleur + Pain + Pommes de terre + <br><em>Beurre + Lait + Poivre + Sel<\/em><\/p>\n\n\n\n<p><sup>VG<\/sup> <a href=\"https:\/\/fr.wikibooks.org\/wiki\/Livre_de_cuisine\/Croquettes_de_pommes_de_terre_au_roquefort\">Croquettes de Pommes de terre au roquefort<\/a> : <br><sup>AMAP<\/sup> Huile d&#8217;Olive + Oeufs + Pommes de terre<br><em>Beurre + Cr\u00e8me \u00e9paisse + Emmental + F\u00e9cule de Ma\u00efs + Lait + Poivre + Roquefort + Sel<\/em><\/p>\n\n\n\n<p><sup>VG<\/sup> <a href=\"https:\/\/www.epicetoutlacuisinededany.fr\/2016\/10\/duo-de-carottes-et-pommes-de-terre-roti-aux-epices.html\">Duo de <strong>Carottes<\/strong> et Pommes de terre<\/a> : <br><sup>AMAP<\/sup> Ail + Carottes + Huile d&#8217;Olive + Piment + Pommes de terre<br><em>+ Cannelle + Coriandre + Gingembre + Poivre + Sel<\/em><\/p>\n\n\n\n<p><sup>VG<\/sup> <a href=\"https:\/\/www.cuisine-etudiant.fr\/recette\/6094-galettes-de-pommes-de-terre\">Galettes de Pommes de terre<\/a> : <br><sup>AMAP<\/sup> Echalote + Farine + Oeufs + Persil + Pommes de terre + Yaourt (de ch\u00e8vre)<br><em>+ Noix de muscade + Poivre + Sel<\/em><\/p>\n\n\n\n<p><sup>VG<\/sup> <a href=\"https:\/\/fr.wikibooks.org\/wiki\/Livre_de_cuisine\/Gnocchi\">Gnocchi<\/a> : <br><sup>AMAP<\/sup> Farine + Huile d&#8217;Olive + Oeufs + Pommes de terre<br><em>+ Sel<\/em><\/p>\n\n\n\n<p><sup>VG<\/sup> <a href=\"https:\/\/fr.wikibooks.org\/wiki\/Livre_de_cuisine\/Gratin_%C3%A0_la_Girardet\">Gratin \u00e0 la Girardet<\/a> : <br><sup>AMAP<\/sup> Pommes de terre<br>+ <em>Beurre + Cr\u00e8me \u00e9paisse + Lait + Noix de Muscade + Poivre + Sel<\/em><\/p>\n\n\n\n<p><sup>VG<\/sup> <a href=\"https:\/\/www.cuisineaz.com\/recettes\/gratin-butternut-pommes-de-terre-103488.aspx\">Gratin <strong>Butternut<\/strong> Pommes de terre<\/a> : <br><sup>AMAP<\/sup> Courge Butternut + Huile d&#8217;Olive + Oignons + Persil + Pommes de terre<br>+ <em>Cr\u00e8me \u00e9paisse + Cumin + Emmental + Parmesan + Poivre + Sel<\/em><\/p>\n\n\n\n<p><sup>VG<\/sup> <a href=\"https:\/\/www.potagercity.fr\/recettes\/gratin-de-chou-kale-et-pommes-de-terre\/8685\">Gratin de <strong>Chou Kale<\/strong> et Pommes de terre<\/a> : <br><sup>AMAP<\/sup> Chou Kale + Echalote + Pommes de terre<br><em>+ Beurre + Cr\u00e8me \u00e9paisse + Poivre + Sel<\/em><\/p>\n\n\n\n<p><sup>VG<\/sup> <a href=\"https:\/\/fr.wikibooks.org\/wiki\/Livre_de_cuisine\/Gratin_dauphinois\">Gratin dauphinois<\/a> : <br><sup>AMAP<\/sup> Oeufs + Pommes de terre<br><em>+ Cr\u00e8me \u00e9paisse + Lait + Poivre + Sel<\/em><\/p>\n\n\n\n<p><sup>VG<\/sup> <a href=\"https:\/\/fr.wikibooks.org\/wiki\/Livre_de_cuisine\/Gratin_de_potiron\">Gratin de <strong>Potiron<\/strong><\/a> : <br><sup>AMAP<\/sup> Huile d&#8217;Olive + Oeufs + Pommes de terre + Potiron<br><em>+ Emmental + Poivre + Sel<\/em><\/p>\n\n\n\n<p><sup>VG<\/sup> <a href=\"https:\/\/fr.wikibooks.org\/wiki\/Livre_de_cuisine\/Gratin_savoyard\">Gratin savoyard<\/a> : <br><sup>AMAP<\/sup> Huile d&#8217;Olive +Pommes de terre<br><em>+ Beurre + Emmental + Poivre + Sel<\/em><\/p>\n\n\n\n<p><sup>VG<\/sup> <a href=\"https:\/\/www.quelquesgrammesdegourmandise.com\/legumes-vin-blanc\/\">M\u00e9li-m\u00e9lo de l\u00e9gumes au <strong>Vin blanc<\/strong><\/a> : <br><sup>AMAP<\/sup> Aubergines + Courgettes + Echalotes + Pommes de terre + Vin blanc<br><em>+ Paprika + Poivre + Sel<\/em><\/p>\n\n\n\n<p><sup>VG<\/sup> <a href=\"https:\/\/fr.wikibooks.org\/wiki\/Livre_de_cuisine\/%C5%92uf_bocage\"><strong>Oeuf<\/strong> bocage<\/a> : <br><sup>AMAP<\/sup> Fromage de ch\u00e8vre + Oeufs + Persil + Pommes de terre<br><em><em>+ <\/em>Beurre + Emmental<\/em><\/p>\n\n\n\n<p><sup>VG<\/sup> <a href=\"https:\/\/www.clicbienetre.com\/minceur\/recettes\/omelette-gourmande-au-potiron\">Omelette gourmande au <strong>Potiron<\/strong><\/a> : <br><sup>AMAP<\/sup> Oeufs + Potiron<br>+ <em>Amandes + Beurre + F\u00e9cule de ma\u00efs + Lait + Noix de muscade + Poivre + Sel<\/em><\/p>\n\n\n\n<p><sup>VG<\/sup> <a href=\"https:\/\/www.biendecheznous.be\/recettes\/plat-de-lentilles-et-pommes-de-terre-sauce-au-yaourt\">Plat de <strong>Lentilles<\/strong> et Pommes de terre, sauce <strong>Yaourt<\/strong><\/a> : <br><sup>AMAP<\/sup> Ail + Bouillon (de l\u00e9gumes) + Carottes + Citron vert + Huile d&#8217;Olive + Lentilles + Oignons + Petits pois + Persil + Piment + Poivrons + Pommes de terre + Tomates<br><em>+ Curcuma + Poivre + Sel + Thym<\/em><\/p>\n\n\n\n<p><sup>VG<\/sup> <a href=\"https:\/\/www.cuisineactuelle.fr\/recettes\/poelee-de-navets-pommes-de-terre-et-epinards-frais-204009\">Po\u00eal\u00e9e de <strong>Navets<\/strong>, Pommes de terre et <strong>Epinards<\/strong> frais<\/a> : <br><sup>AMAP<\/sup> Epinards + Navets + Oignons + Pommes de terre<br><em>+ Beurre + Paprika<em> + Poivre<\/em> + Sel<\/em><\/p>\n\n\n\n<p><sup>VG<\/sup> <a href=\"https:\/\/astucesaufeminin.com\/pommes-de-terre-au-four-a-la-sauce-tomate-tellement-bonnes\/\" data-type=\"link\" data-id=\"https:\/\/astucesaufeminin.com\/pommes-de-terre-au-four-a-la-sauce-tomate-tellement-bonnes\/\">Pommes de terre au four \u00e0 la sauce tomate<\/a> : <br><sup>AMAP<\/sup> Coulis de tomate + Huile d&#8217;Olive + Oignon + Pommes de terre<br><em>+ Sel <\/em><\/p>\n\n\n\n<p><sup>VG<\/sup> <a href=\"https:\/\/www.elle.fr\/Elle-a-Table\/Recettes-de-cuisine\/Pommes-de-terre-au-fromage-blanc-550489\">Pommes de terre au <strong>Fromage blanc<\/strong><\/a> : <br><sup>AMAP<\/sup> Fromage blanc (ch\u00e8vre) + Pommes de terre<br><em>+ Cr\u00e8me fra\u00eeche + Ciboulette + Laurier <\/em><\/p>\n\n\n\n<p><sup>VG<\/sup> <a href=\"https:\/\/www.elle.fr\/Elle-a-Table\/Recettes-de-cuisine\/Pommes-de-terre-confites-a-la-cocotte-3593591\">Pommes de terre confites \u00e0 la cocotte<\/a> : <br><sup>AMAP<\/sup> Ail + Huile d&#8217;Olive + Pommes de terre<br><em>+ Laurier <em>+ Poivre<\/em> + Sel<\/em><\/p>\n\n\n\n<p><sup>VG<\/sup> <a href=\"https:\/\/cuisine.journaldesfemmes.fr\/recette\/3124672-pommes-de-terre-quadrillees-au-parmesan\">Pommes de terre quadrill\u00e9es au parmesan<\/a> : <br><sup>AMAP<\/sup> Huile d&#8217;Olive + Pommes de terre<br><em>+ Beurre<em> + Parmesan + Poivre<\/em> + Sel + Thym<\/em><\/p>\n\n\n\n<p><sup>VG<\/sup> <a href=\"https:\/\/fr.wikibooks.org\/wiki\/Livre_de_cuisine\/Pur%C3%A9e_de_carottes\">Pur\u00e9e de <strong>Carottes<\/strong><\/a> : <br><sup>AMAP<\/sup>  Carottes + Pommes de terre<br><em>+ Beurre + Sel<\/em><\/p>\n\n\n\n<p><sup>VG<\/sup> <a href=\"https:\/\/fr.wikibooks.org\/wiki\/Livre_de_cuisine\/Pur%C3%A9e_de_courgettes\">Pur\u00e9e de <strong>Courgettes<\/strong><\/a> : <br><sup>AMAP<\/sup> Citron + Courgettes + Pommes de terre<br><em>+ Beurre + Cr\u00e8me \u00e9paisse + Lait + Sel<\/em><\/p>\n\n\n\n<p><sup>VG<\/sup> <a href=\"https:\/\/fr.wikibooks.org\/wiki\/Livre_de_cuisine\/Pur%C3%A9e_de_navets\">Pur\u00e9e de <strong>Navets<\/strong><\/a> : <br><sup>AMAP<\/sup>  Navets + Pommes de terre<br><em>+ Beurre + Cr\u00e8me \u00e9paisse + Lait + Sel<\/em><\/p>\n\n\n\n<p><sup>VG<\/sup> <a href=\"https:\/\/cuisine.journaldesfemmes.fr\/recette\/338949-puree-de-pommes-de-terre-a-ma-facon\">Pur\u00e9e de Pommes de terre<\/a> : <br><sup>AMAP<\/sup> Oignons + Pommes de terre<br><em>+ Beurre + Cr\u00e8me \u00e9paisse + Emmental r\u00e2p\u00e9 + Lait<\/em><\/p>\n\n\n\n<p><sup>VG<\/sup> <a href=\"https:\/\/www.cuisineactuelle.fr\/recettes\/puree-de-pomme-de-terre-au-chou-blanc-et-au-chou-frise-234997\">Pur\u00e9e de Pommes de terre, au <strong>Chou blanc<\/strong> et au <strong>Chou fris\u00e9<\/strong><\/a> : <br><sup>AMAP<\/sup> Chou blanc + Chou fris\u00e9 + Pommes de terre<br><em>+ Beurre + Cr\u00e8me liquide + Noix de muscade<\/em><\/p>\n\n\n\n<p><sup>VG<\/sup> <a href=\"https:\/\/cuisine.journaldesfemmes.fr\/recette\/309477-puree-de-potiron\">Pur\u00e9e de <strong>Potiron<\/strong> et Pommes de terre<\/a> : <br><sup>AMAP<\/sup> Pommes de terre + Potiron<br><em>+ Beurre + Lait + Poivre<\/em><\/p>\n\n\n\n<p><sup>VG<\/sup> <a href=\"https:\/\/fr.wikibooks.org\/wiki\/Livre_de_cuisine\/R%C3%B6sti\">R\u00f6stis<\/a> : <br><sup>AMAP<\/sup> Oignons + Pommes de terre<br><em>+ Beurre + Fromage \u00e0 fondre<\/em><\/p>\n\n\n\n<p><sup>VG<\/sup> <a href=\"https:\/\/www.cuisineaz.com\/recettes\/souffles-de-pomme-de-terre-facon-parmentier-78242.aspx\">Souffl\u00e9 de Pommes de terre fa\u00e7on parmentier<\/a> : <br><sup>AMAP<\/sup> Pommes de terre + Oeufs<br><em>+ Beurre + Emmental + <em>Lait + <\/em>Poivre + Sel<\/em><\/p>\n\n\n\n<p><sup>VG<\/sup> <a href=\"https:\/\/fr.wikibooks.org\/wiki\/Livre_de_cuisine\/Soupe_au_pistou\">Soupe au pistou<\/a> : <br><sup>AMAP<\/sup> Ail + Basilic + Courgettes + Haricots coco + Haricots verts + Pommes de terre + Tomates<br><em>+ Fromage sec rouge + <em>Haricots blancs + <\/em>Poivre + Sel<\/em><\/p>\n\n\n\n<p><sup>VG<\/sup> <a href=\"https:\/\/cuisine.journaldesfemmes.fr\/recette\/3125546-soupe-aux-epinards-et-au-parmesan\">Soupe aux <strong>Epinards<\/strong> et au parmesan<\/a> : <br><sup>AMAP<\/sup> Ail + Bouillon (de l\u00e9gumes) + Croutons (pain) + Epinards + Huile d&#8217;Olive + Pommes de terre<br><em>+ Parmesan + Poivre + Sel<\/em><\/p>\n\n\n\n<p><sup>VG<\/sup> <a href=\"https:\/\/www.marmiton.org\/recettes\/recette_soupe-courge-butternut-carotte-pomme-de-terre_164727.aspx\">Soupe <strong>Courge Butternut<\/strong>, <strong>Carottes<\/strong> et Pommes de terre<\/a> : <br><sup>AMAP<\/sup> Ail + Bouillon (de l\u00e9gumes) + Carottes + Courge Butternut + Huile d&#8217;Olive + Oignons + Pommes + Pommes de terre<br><em>+ Poivre + Romarin + Sel<\/em><\/p>\n\n\n\n<p><sup>VG<\/sup> <a href=\"https:\/\/www.marmiton.org\/recettes\/recette_soupe-de-carottes-express_36748.aspx\">Soupe de <strong>Carottes<\/strong> express<\/a> : <br><sup>AMAP<\/sup> Bouillon (de l\u00e9gumes) + Carottes + Huile d&#8217;Olive + Oignons + Persil + Pommes de terre<br><em>+ Cumin<\/em><\/p>\n\n\n\n<p><sup>VG<\/sup> <a href=\"https:\/\/cuisine.chez-la-marmotte.fr\/archives\/14285\">Soupe de <strong>Chou Kale<\/strong> et Pommes de terre<\/a> : <br><sup>AMAP<\/sup> Bouillon (de l\u00e9gumes) + Chou Kale + Pommes de terre<br><em>+ Poivre<\/em><\/p>\n\n\n\n<p><sup>VG<\/sup> <a href=\"https:\/\/fr.wikibooks.org\/wiki\/Livre_de_cuisine\/Soupe_minestrone\">Soupe Minestrone<\/a> : <br><sup>AMAP<\/sup> Basilic + Bouillon (de l\u00e9gumes) + Carottes + Chou blanc + Haricots coco + Haricots verts + Huile d&#8217;Olive + Oignons + Petits pois + Pommes de terre + Tomates<br><em>+ <em>Poivre<\/em> + Romarin<\/em> + <em>Sel + Thym<\/em><\/p>\n\n\n\n<p><sup>VG<\/sup> <a href=\"https:\/\/www.cuisineaz.com\/recettes\/soupe-panais-pomme-de-terre-103653.aspx\">Soupe <strong>Panais<\/strong> Pommes de terre<\/a> : <br><sup>AMAP<\/sup> Bouillon (de l\u00e9gumes) + Panais + Pommes de terre<br><em>+ Cr\u00e8me liquide + Poivre + Poude d&#8217;amande + Sel<\/em><\/p>\n\n\n\n<p><sup>VG<\/sup> <a href=\"https:\/\/fr.wikibooks.org\/wiki\/Livre_de_cuisine\/Soupe_paysanne\">Soupe Paysanne<\/a> : <br><sup>AMAP<\/sup> Bouillon (de l\u00e9gumes) + Carottes + C\u00e9leri branche + Chou blanc + Epinards + Haricots coco + Haricots verts + Oignons + Poivrons rouges + Pommes de terre<br><em>+ Poivre + Sel<\/em><\/p>\n\n\n\n<p><sup>VG<\/sup> <a href=\"https:\/\/fr.wikibooks.org\/wiki\/Livre_de_cuisine\/Soupe_%C3%A0_la_tomate\">Soupe aux Tomates<\/a> : <br><sup>AMAP<\/sup> Ail + C\u00e9leri branche + Persil + Pommes de terre + Tomates<br><em>+ <em>Poivre<\/em> + Sel<\/em><\/p>\n\n\n\n<p><sup>VG<\/sup> <a href=\"https:\/\/www.marmiton.org\/recettes\/recette_soupe-veloutee-de-potimarron-et-pommes-de-terre_41161.aspx\">Soupe velout\u00e9e de <strong>Potimarron<\/strong> et Pommes de terre<\/a> : <br><sup>AMAP<\/sup> Ail + Bouillon (de l\u00e9gumes) + Oignons + Pommes de terre + Potimarron<br><em>+ Cr\u00e8me \u00e9paisse + Curry + Laurier + Noix de muscade + Poivre + Sel<\/em><\/p>\n\n\n\n<p><sup>VG<\/sup> <a href=\"https:\/\/www.cuisineactuelle.fr\/recettes\/tartiflette-vegetarienne-206699\">Tartiflette v\u00e9g\u00e9tarienne<\/a> : <br><sup>AMAP<\/sup> Ail + Huile d&#8217;Olive + Oignons + Persil + Pommes de terre<br><em>+ Poivre + Reblochon + Sel<\/em><\/p>\n\n\n\n<p><sup>VG<\/sup> <a href=\"https:\/\/www.marmiton.org\/recettes\/recette_tian-de-pommes-de-terre-et-courgettes_12110.aspx\">Tian Pommes de terre et <strong>Courgettes<\/strong><\/a> : <br><sup>AMAP<\/sup> Courgettes + Huile d&#8217;olive + Oignons + Pommes de terre<br><em>+ Emmental + Poivre + Sel<\/em><\/p>\n\n\n\n<p><sup>VG<\/sup> <a href=\"https:\/\/fr.wikibooks.org\/wiki\/Livre_de_cuisine\/Tortilla\">Tortilla<\/a> : <br><sup>AMAP<\/sup> Huile d&#8217;olive + Oeufs + Oignons + Pommes de terre<br><em>+ Poivre + Sel<\/em><\/p>\n\n\n\n<h2 class=\"wp-block-heading\">Plats avec viande<\/h2>\n\n\n\n<p><a href=\"https:\/\/www.mesrecettes.info\/cuisses-de-poulet-a-la-citrouille-et-aux-pommes-de-terre\/\">Cuisses de <strong>Poulet<\/strong> \u00e0 la <strong>Citrouille<\/strong> et aux Pommes de terre<\/a> : <br><sup>AMAP<\/sup> Ail + Huile d&#8217;Olive + Pommes de terre + Potiron + Poulet (cuisses)<br><em>+ Poivre + Romarin + Sel<\/em><\/p>\n\n\n\n<p><a href=\"https:\/\/fr.wikibooks.org\/wiki\/Livre_de_cuisine\/Couscous\">Couscous<\/a> : <br><sup>AMAP<\/sup> Agneau (collier) + Carottes + Coulis de Tomate + Courgettes + Huile d&#8217;Olive + Navets + Oignons + Pois chiche + Semoule + Tomate<br><em>+ Raz el hanout<\/em><\/p>\n\n\n\n<p><a href=\"https:\/\/fr.wikibooks.org\/wiki\/Livre_de_cuisine\/Salade_li%C3%A9geoise\">Salade li\u00e9geoise<\/a> : <br><sup>AMAP<\/sup> Ail + Haricots verts + Oignons blancs + Persil + Pommes de terre + Vinaigre<br><em>+ Lard fum\u00e9 + Moutarde ancienne<\/em><\/p>\n\n\n\n<p><a href=\"https:\/\/www.marmiton.org\/recettes\/recette_soupe-economique-au-poulet_60499.aspx\">Soupe \u00e9conomique de <strong>Poulet<\/strong><\/a> : <br><sup>AMAP<\/sup> Bouillon de Poule + Carottes + Poireaux + Pommes de terre + Poulet (carcasse)<br><em>+ Laurier + Poivre + Sel + Thym<\/em><\/p>\n","protected":false},"excerpt":{"rendered":"<p>Plats v\u00e9g\u00e9tariens VG A\u00efoli aux Pommes de terre : AMAP Ail + Huile d&#8217;Olive + Pommes de terre VG Cr\u00e8me de Chou-fleur : AMAP Bouillon (de l\u00e9gumes) + Chou-fleur + Pain + Pommes de terre + Beurre + Lait + Poivre + Sel VG Croquettes de Pommes de terre au roquefort : AMAP Huile d&#8217;Olive &hellip; <a href=\"https:\/\/www.amaporte.org\/index.php\/amaporte\/produits\/recettes\/recettes-pommes-de-terre\/\" class=\"more-link\">Lire la suite de <span class=\"screen-reader-text\">Recettes aux Pommes de terre<\/span><\/a><\/p>\n","protected":false},"author":1,"featured_media":0,"parent":258,"menu_order":0,"comment_status":"closed","ping_status":"closed","template":"","meta":{"footnotes":""},"categories":[5],"tags":[4],"class_list":["post-660","page","type-page","status-publish","hentry","category-recettes-specifiques","tag-recettes"],"_links":{"self":[{"href":"https:\/\/www.amaporte.org\/index.php\/wp-json\/wp\/v2\/pages\/660","targetHints":{"allow":["GET"]}}],"collection":[{"href":"https:\/\/www.amaporte.org\/index.php\/wp-json\/wp\/v2\/pages"}],"about":[{"href":"https:\/\/www.amaporte.org\/index.php\/wp-json\/wp\/v2\/types\/page"}],"author":[{"embeddable":true,"href":"https:\/\/www.amaporte.org\/index.php\/wp-json\/wp\/v2\/users\/1"}],"replies":[{"embeddable":true,"href":"https:\/\/www.amaporte.org\/index.php\/wp-json\/wp\/v2\/comments?post=660"}],"version-history":[{"count":0,"href":"https:\/\/www.amaporte.org\/index.php\/wp-json\/wp\/v2\/pages\/660\/revisions"}],"up":[{"embeddable":true,"href":"https:\/\/www.amaporte.org\/index.php\/wp-json\/wp\/v2\/pages\/258"}],"wp:attachment":[{"href":"https:\/\/www.amaporte.org\/index.php\/wp-json\/wp\/v2\/media?parent=660"}],"wp:term":[{"taxonomy":"category","embeddable":true,"href":"https:\/\/www.amaporte.org\/index.php\/wp-json\/wp\/v2\/categories?post=660"},{"taxonomy":"post_tag","embeddable":true,"href":"https:\/\/www.amaporte.org\/index.php\/wp-json\/wp\/v2\/tags?post=660"}],"curies":[{"name":"wp","href":"https:\/\/api.w.org\/{rel}","templated":true}]}}