{"id":585,"date":"2024-01-17T23:09:43","date_gmt":"2024-01-17T22:09:43","guid":{"rendered":"https:\/\/lescalamb.ovh\/?page_id=585"},"modified":"2024-01-17T23:09:43","modified_gmt":"2024-01-17T22:09:43","slug":"recettes-creme-de-marrons","status":"publish","type":"page","link":"https:\/\/www.amaporte.org\/index.php\/amaporte\/produits\/recettes\/recettes-creme-de-marrons\/","title":{"rendered":"Recettes \u00e0 la Confiture de Ch\u00e2taignes"},"content":{"rendered":"\n<h2 class=\"wp-block-heading\">Desserts<\/h2>\n\n\n\n<p><sup>VG<\/sup> <a href=\"https:\/\/www.altergusto.fr\/2015\/10\/01\/biscuits-creme-marrons-noisette\/\">Biscuits \u00e0 la cr\u00e8me de Marrons &amp; noisettes<\/a> : <br><sup>AMAP<\/sup> Citron + Cr\u00e8me de Marrons (Confiture de Ch\u00e2taigne) + Farine<br><em>+ Beurre + Poudre de noisettes + Sucre<\/em><\/p>\n\n\n\n<p><sup>VG<\/sup> <a href=\"https:\/\/cuisine.journaldesfemmes.fr\/recette\/314735-buche-de-noel-chocolat-et-creme-aux-marrons\">B\u00fbche de No\u00ebl chocolat et cr\u00e8me de Marrons<\/a> : <br><sup>AMAP<\/sup> Cr\u00e8me de Marrons (Confiture de Ch\u00e2taigne) + Farine + Oeufs<br><em>+ Beurre + Chocolat noir + F\u00e9cule de Ma\u00efs + Sucre<\/em><\/p>\n\n\n\n<p><sup>VG<\/sup> <a href=\"https:\/\/www.marmiton.org\/recettes\/recette_charlotte-a-la-creme-de-marron_21692.aspx\">Charlotte \u00e0 la cr\u00e8me de Marrons<\/a> : <br><sup>AMAP<\/sup> Cr\u00e8me de Marrons (Confiture de Ch\u00e2taignes) + Fromage blanc (ch\u00e8vre)<br><em>+ Biscuits \u00e0 la cuiller + Lait<\/em><\/p>\n\n\n\n<p><sup>VG<\/sup> <a href=\"https:\/\/www.marmiton.org\/recettes\/recette_mousse-aux-marrons_344497.aspx\" data-type=\"link\" data-id=\"https:\/\/www.marmiton.org\/recettes\/recette_muffins-aux-fraises-et-a-la-menthe_31325.aspx\">Mousse aux Marrons<\/a> : <br><sup>AMAP<\/sup> Cr\u00e8me de Marrons (Confiture de Ch\u00e2taignes) + Oeufs<br><em>+ Cr\u00e8me liquide<\/em><\/p>\n\n\n\n<p><sup>VG<\/sup> <a href=\"https:\/\/www.cuisine-etudiant.fr\/recette\/3711-pancakes-a-la-creme-de-marrons\">Pancakes \u00e0 la cr\u00e8me de Marrons<\/a> : <br><sup>AMAP<\/sup> Cr\u00e8me de Marrons (Confiture de Ch\u00e2taignes) + Farine + Oeufs + Yaourts (ch\u00e8vre)<br><em>+ Lait<\/em><\/p>\n\n\n\n<p><sup>VG<\/sup> <a href=\"https:\/\/cuisine.journaldesfemmes.fr\/recette\/320148-sables-a-la-creme-de-marron\" data-type=\"link\" data-id=\"https:\/\/www.marmiton.org\/recettes\/recette_muffins-aux-fraises-et-a-la-menthe_31325.aspx\">Sabl\u00e9s \u00e0 la cr\u00e8me de Marrons<\/a> : <br><sup>AMAP<\/sup> Cr\u00e8me de Marrons (Confiture de Ch\u00e2taignes) + Farine + Oeufs<br><em>+ Beurre + Rhum + Sel + Sucre + Sucre glace<\/em><\/p>\n","protected":false},"excerpt":{"rendered":"<p>Desserts VG Biscuits \u00e0 la cr\u00e8me de Marrons &amp; noisettes : AMAP Citron + Cr\u00e8me de Marrons (Confiture de Ch\u00e2taigne) + Farine+ Beurre + Poudre de noisettes + Sucre VG B\u00fbche de No\u00ebl chocolat et cr\u00e8me de Marrons : AMAP Cr\u00e8me de Marrons (Confiture de Ch\u00e2taigne) + Farine + Oeufs+ Beurre + Chocolat noir + &hellip; <a href=\"https:\/\/www.amaporte.org\/index.php\/amaporte\/produits\/recettes\/recettes-creme-de-marrons\/\" class=\"more-link\">Lire la suite de <span class=\"screen-reader-text\">Recettes \u00e0 la Confiture de Ch\u00e2taignes<\/span><\/a><\/p>\n","protected":false},"author":1,"featured_media":0,"parent":258,"menu_order":0,"comment_status":"closed","ping_status":"closed","template":"","meta":{"footnotes":""},"categories":[5],"tags":[4],"class_list":["post-585","page","type-page","status-publish","hentry","category-recettes-specifiques","tag-recettes"],"_links":{"self":[{"href":"https:\/\/www.amaporte.org\/index.php\/wp-json\/wp\/v2\/pages\/585","targetHints":{"allow":["GET"]}}],"collection":[{"href":"https:\/\/www.amaporte.org\/index.php\/wp-json\/wp\/v2\/pages"}],"about":[{"href":"https:\/\/www.amaporte.org\/index.php\/wp-json\/wp\/v2\/types\/page"}],"author":[{"embeddable":true,"href":"https:\/\/www.amaporte.org\/index.php\/wp-json\/wp\/v2\/users\/1"}],"replies":[{"embeddable":true,"href":"https:\/\/www.amaporte.org\/index.php\/wp-json\/wp\/v2\/comments?post=585"}],"version-history":[{"count":0,"href":"https:\/\/www.amaporte.org\/index.php\/wp-json\/wp\/v2\/pages\/585\/revisions"}],"up":[{"embeddable":true,"href":"https:\/\/www.amaporte.org\/index.php\/wp-json\/wp\/v2\/pages\/258"}],"wp:attachment":[{"href":"https:\/\/www.amaporte.org\/index.php\/wp-json\/wp\/v2\/media?parent=585"}],"wp:term":[{"taxonomy":"category","embeddable":true,"href":"https:\/\/www.amaporte.org\/index.php\/wp-json\/wp\/v2\/categories?post=585"},{"taxonomy":"post_tag","embeddable":true,"href":"https:\/\/www.amaporte.org\/index.php\/wp-json\/wp\/v2\/tags?post=585"}],"curies":[{"name":"wp","href":"https:\/\/api.w.org\/{rel}","templated":true}]}}