{"id":582,"date":"2024-01-17T23:06:05","date_gmt":"2024-01-17T22:06:05","guid":{"rendered":"https:\/\/lescalamb.ovh\/?page_id=582"},"modified":"2024-01-17T23:06:05","modified_gmt":"2024-01-17T22:06:05","slug":"recettes-miel","status":"publish","type":"page","link":"https:\/\/www.amaporte.org\/index.php\/amaporte\/produits\/recettes\/recettes-miel\/","title":{"rendered":"Recettes au Miel"},"content":{"rendered":"\n<h2 class=\"wp-block-heading\">Plats<\/h2>\n\n\n\n<p><sup>VG<\/sup> <a href=\"https:\/\/www.ricardocuisine.com\/recettes\/2291-carottes-caramelisees-au-four\"><strong>Carottes<\/strong> caram\u00e9lis\u00e9es au four<\/a> : <br><sup>AMAP<\/sup> Carottes + Miel + Vinaigre<br><em>+ <\/em><em>Beurre + Poivre + Sel<\/em><\/p>\n\n\n\n<p><sup>VG<\/sup> <a href=\"https:\/\/www.elle.fr\/Elle-a-Table\/Recettes-de-cuisine\/Navets-au-miel-et-aux-epices-2028304\">Navets au <strong>Miel<\/strong> et aux \u00e9pices<\/a> : <br><sup>AMAP<\/sup> Ail + Huile d&#8217;Olive + Miel + Navets + Vinaigre<br><em>+ Curcuma + Coriandre fra\u00eeche + Gingembre + Poivre + Sel<\/em><\/p>\n\n\n\n<p><sup>VG<\/sup> <a href=\"https:\/\/www.750g.com\/patates-douces-roties-au-miel-et-a-la-cannelle-r205914.htm\"><strong>Patates douces<\/strong> r\u00f4ties au Miel et \u00e0 la cannelle<\/a> : <br><sup>AMAP<\/sup> Huile d&#8217;Olive + Miel + Patate douce<br><em>+ Cannelle + Poivre + Sel<\/em><\/p>\n\n\n\n<p><sup>VG<\/sup> <a href=\"https:\/\/www.fourchette-et-bikini.fr\/recettes\/recettes-minceur\/potiron-roti-au-miel-thym-et-ail.html\"><strong>Potiron<\/strong> r\u00f4ti au Miel, thym et Ail<\/a> : <br><sup>AMAP<\/sup> Ail + Huile d&#8217;olive + Miel + Potiron<br><em><em>+ <\/em>Poivre + Sel + Thym<\/em><\/p>\n\n\n\n<p><sup>VG<\/sup> <a href=\"https:\/\/www.soscuisine.com\/recette\/salade-carottes-pommes\">Salade aux Carottes et aux <strong>Pommes<\/strong><\/a> : <br><sup>AMAP<\/sup> Citron + Carottes + Huile d&#8217;Olive + Miel + Persil + Pommes<br><em>+ Cannelle + Clous de girofle + Menthe + Poivre + Sel<\/em><\/p>\n\n\n\n<p><sup>VG<\/sup> <a href=\"https:\/\/www.ptitchef.com\/recettes\/accompagnement\/saute-de-navets-aux-pommes-et-au-miel-fid-193970\">Saut\u00e9 de <strong>Navets<\/strong> aux <strong>Pommes<\/strong> et au Miel<\/a> : <br><sup>AMAP<\/sup> Citron + Huile de Tournesol + Miel + Navets + Oignons + Noix + Pommes<\/p>\n\n\n\n<p><sup>VG<\/sup> <a href=\"https:\/\/www.cuisineaz.com\/recettes\/tagliatelles-de-carottes-au-miel-54042.aspx\">Tagliatelles de Carottes au <strong>Miel<\/strong><\/a> : <br><sup>AMAP<\/sup> Carottes + Huile v\u00e9g\u00e9tale + Miel<br><em>+ Poivre + Sel<\/em><\/p>\n\n\n\n<h2 class=\"wp-block-heading\">Plats avec viande<\/h2>\n\n\n\n<p><a href=\"https:\/\/www.marmiton.org\/recettes\/recette_poulet-marine-a-s-en-lecher-les-doigts_67241.aspx\"><strong>Poulet<\/strong> marin\u00e9<\/a> : <br><sup>AMAP<\/sup> Ail + Huile v\u00e9g\u00e9tale + Miel + Cuisses de Poulet<br><em><em>+ <\/em>Poivre + Sauce soja + Thym<\/em><\/p>\n\n\n\n<h2 class=\"wp-block-heading\">Desserts<\/h2>\n\n\n\n<p><sup>VG<\/sup> <a href=\"https:\/\/www.femmeactuelle.fr\/cuisine\/recettes\/dessert\/biscuits-aux-raisins-secs-et-au-miel-09785\">Biscuits aux <strong>Raisins secs<\/strong> et au Miel<\/a> : <br><sup>AMAP<\/sup> Farine + Miel + Oeufs + Raisins secs<br><em>+ Beurre + Bicarbonate de Soude + Cannelle + Sel + Sucre<\/em><\/p>\n\n\n\n<p><sup>VG<\/sup> <a href=\"https:\/\/www.750g.com\/cookies-miel-chocolat-r24051.htm\">Cookies Miel-Chocolat<\/a> : <br><sup>AMAP<\/sup> Farine + Miel + Oeufs<em><br><em>+ <\/em>Beurre doux + Beurre demi-sel + Chocolat + Levure chimique + Sucre + Vanille<\/em><\/p>\n\n\n\n<p><sup>VG<\/sup> <a href=\"https:\/\/www.marmiton.org\/recettes\/recette_cookies-aux-pommes-cannelle-et-miel_233119.aspx\" data-type=\"link\" data-id=\"https:\/\/cuisine.journaldesfemmes.fr\/recette\/340951-muffins-aux-pommes\">Cookies aux <strong>Pommes<\/strong>, cannelle et Miel<\/a> : <br><sup>AMAP<\/sup> Farine + Miel + Oeufs + Pommes<em><br><em>+ <\/em>Beurre + Lait + Levure chimique + Sucre<\/em><\/p>\n\n\n\n<p><sup>VG<\/sup> <a href=\"https:\/\/www.marmiton.org\/recettes\/recette_madeleines-aux-pommes_59173.aspx\" data-type=\"link\" data-id=\"https:\/\/cuisine.journaldesfemmes.fr\/recette\/340951-muffins-aux-pommes\">Madeleines aux <strong>Pommes<\/strong><\/a> : <br><sup>AMAP<\/sup> Farine + Miel + Oeufs + Pommes<em><br><em>+ <\/em>Beurre + Levure chimique + Sucre glace<\/em><\/p>\n\n\n\n<p><sup>VG<\/sup> <a href=\"https:\/\/www.unjourunerecette.fr\/recette-pommes-au-four\"><strong>Pommes<\/strong> au four<\/a> : <br><sup>AMAP<\/sup> Miel + Pommes + Raisins secs<br><em><em>+ <\/em>Beurre + Cannelle + Rhum<\/em><\/p>\n\n\n\n<p><sup>VG<\/sup> <a href=\"https:\/\/adelleskitchen.blogspot.com\/2018\/03\/sables-aux-graines-de-sesame-et-de-lin.html?m=1\" data-type=\"link\" data-id=\"https:\/\/www.marmiton.org\/recettes\/recette_muffins-aux-fraises-et-a-la-menthe_31325.aspx\">Sabl\u00e9s aux graines de s\u00e9same et de lin<\/a> : <br><sup>AMAP<\/sup> Citron (zeste) + Farine + Miel + Oeufs<br><em>+ Beurre + <em>Grains de Lin<\/em> + Sel + Graines de S\u00e9same + Sucre + Vanille<\/em><\/p>\n","protected":false},"excerpt":{"rendered":"<p>Plats VG Carottes caram\u00e9lis\u00e9es au four : AMAP Carottes + Miel + Vinaigre+ Beurre + Poivre + Sel VG Navets au Miel et aux \u00e9pices : AMAP Ail + Huile d&#8217;Olive + Miel + Navets + Vinaigre+ Curcuma + Coriandre fra\u00eeche + Gingembre + Poivre + Sel VG Patates douces r\u00f4ties au Miel et \u00e0 &hellip; <a href=\"https:\/\/www.amaporte.org\/index.php\/amaporte\/produits\/recettes\/recettes-miel\/\" class=\"more-link\">Lire la suite de <span class=\"screen-reader-text\">Recettes au Miel<\/span><\/a><\/p>\n","protected":false},"author":1,"featured_media":0,"parent":258,"menu_order":0,"comment_status":"closed","ping_status":"closed","template":"","meta":{"footnotes":""},"categories":[5],"tags":[4],"class_list":["post-582","page","type-page","status-publish","hentry","category-recettes-specifiques","tag-recettes"],"_links":{"self":[{"href":"https:\/\/www.amaporte.org\/index.php\/wp-json\/wp\/v2\/pages\/582","targetHints":{"allow":["GET"]}}],"collection":[{"href":"https:\/\/www.amaporte.org\/index.php\/wp-json\/wp\/v2\/pages"}],"about":[{"href":"https:\/\/www.amaporte.org\/index.php\/wp-json\/wp\/v2\/types\/page"}],"author":[{"embeddable":true,"href":"https:\/\/www.amaporte.org\/index.php\/wp-json\/wp\/v2\/users\/1"}],"replies":[{"embeddable":true,"href":"https:\/\/www.amaporte.org\/index.php\/wp-json\/wp\/v2\/comments?post=582"}],"version-history":[{"count":0,"href":"https:\/\/www.amaporte.org\/index.php\/wp-json\/wp\/v2\/pages\/582\/revisions"}],"up":[{"embeddable":true,"href":"https:\/\/www.amaporte.org\/index.php\/wp-json\/wp\/v2\/pages\/258"}],"wp:attachment":[{"href":"https:\/\/www.amaporte.org\/index.php\/wp-json\/wp\/v2\/media?parent=582"}],"wp:term":[{"taxonomy":"category","embeddable":true,"href":"https:\/\/www.amaporte.org\/index.php\/wp-json\/wp\/v2\/categories?post=582"},{"taxonomy":"post_tag","embeddable":true,"href":"https:\/\/www.amaporte.org\/index.php\/wp-json\/wp\/v2\/tags?post=582"}],"curies":[{"name":"wp","href":"https:\/\/api.w.org\/{rel}","templated":true}]}}