{"id":547,"date":"2024-01-17T21:49:21","date_gmt":"2024-01-17T20:49:21","guid":{"rendered":"https:\/\/lescalamb.ovh\/?page_id=547"},"modified":"2024-01-17T21:49:21","modified_gmt":"2024-01-17T20:49:21","slug":"recettes-fromages-chevre","status":"publish","type":"page","link":"https:\/\/www.amaporte.org\/index.php\/amaporte\/produits\/recettes\/recettes-fromages-chevre\/","title":{"rendered":"Recettes aux Fromages ou Yaourts de Ch\u00e8vre"},"content":{"rendered":"\n<h2 class=\"wp-block-heading\">Plats v\u00e9g\u00e9tariens<\/h2>\n\n\n\n<p><sup>VG<\/sup> <a href=\"https:\/\/fr.wikibooks.org\/wiki\/Livre_de_cuisine\/Carpaccio_de_fromage\">Carpaccio de Fromage<\/a> : <br><sup>AMAP<\/sup> Ail + Fromage de ch\u00e8vre + Huile d&#8217;Olive + Oignons + Persil + Poivrons<br><em><em>+ <\/em>Poivre + Sel<\/em><\/p>\n\n\n\n<p><sup>VG<\/sup> <a href=\"https:\/\/www.cuisineaz.com\/recettes\/clafoutis-au-chevre-frais-courgettes-et-tomates-cerises-5303.aspx\">Clafoutis au Ch\u00e8vre frais, <strong>Courgettes<\/strong> et <strong>Tomates<\/strong> cerises<\/a> : <br><sup>AMAP<\/sup> Courgettes + Fromage de ch\u00e8vre + Oeufs + Tomates cerises<br><em><em>+ <\/em>Beurre + Cannelle + Ciboulette + Lait + Noix de Muscade + Poivre + Sel<\/em><\/p>\n\n\n\n<p><sup>VG<\/sup> <a href=\"https:\/\/fr.wikibooks.org\/wiki\/Livre_de_cuisine\/Concombres_%C3%A0_la_cretoise\"><strong>Concombres<\/strong> \u00e0 la cr\u00e9toise<\/a> : <br><sup>AMAP<\/sup> Citron + Concombres + Huile d&#8217;Olive + Yaourt (de ch\u00e8vre)<br><em>+ Cr\u00e8me \u00e9paisse + Feta + Olives noires + Poivre + Sel<\/em><\/p>\n\n\n\n<p><sup>VG<\/sup> <a href=\"https:\/\/fr.wikibooks.org\/wiki\/Livre_de_cuisine\/%C5%92uf_bocage\"><strong>Oeuf<\/strong> bocage<\/a> : <br><sup>AMAP<\/sup> Fromage de ch\u00e8vre + Oeufs + Persil + Pommes de terre<br><em><em>+ <\/em>Beurre + Emmental<\/em><\/p>\n\n\n\n<p><sup>VG<\/sup> <a href=\"https:\/\/www.cuisineaz.com\/recettes\/ufs-brouilles-au-chevre-96702.aspx\"><strong>Oeufs<\/strong> brouill\u00e9s au ch\u00e8vre<\/a> : <br><sup>AMAP<\/sup> Fromage de ch\u00e8vre + Oeufs<br><em><em>+ <\/em>Beurre + Lait + Poivre + Sel<\/em><\/p>\n\n\n\n<p><sup>VG<\/sup> <a href=\"https:\/\/www.lesfoodies.com\/choupettet\/recette\/omelette-soufflee-au-fromage-blanc-et-courgette\">Omelette souffl\u00e9e au fromage blanc et <strong>Courgette<\/strong><\/a> : <br><sup>AMAP<\/sup>  Ail + Courgettes + Fromage blanc (de ch\u00e8vre) + Huile d&#8217;Olive + Oeufs + Persil<br><em>+ Ciboulette + Poivre + Sel<\/em><\/p>\n\n\n\n<p><sup>VG<\/sup> <a href=\"https:\/\/fr.wikibooks.org\/wiki\/Livre_de_cuisine\/Penne_rigate_%C3%A0_la_grecque\">Penne rigate \u00e0 la grecque<\/a> : <br><sup>AMAP<\/sup>  Ail + Basilic + Fromage de ch\u00e8vre + Huile d&#8217;Olive + P\u00e2tes + Tomates + Vin blanc<br><em>+ Olives noires<\/em><\/p>\n\n\n\n<p><sup>VG<\/sup> <a href=\"https:\/\/www.ptitchef.com\/recettes\/entree\/salade-de-haricots-rouges-courgettes-et-chevres-fid-812589\">Salade de <strong>Haricots, Courgettes<\/strong> et Ch\u00e8vre<\/a> : <br><sup>AMAP<\/sup> Citron + Courgettes + Fromage de ch\u00e8vre + Haricots (coco) + Huile d&#8217;Olive<br><em><em>+ <\/em>Coriandre fra\u00eeche + Cumin + Poivre + Sel<\/em><\/p>\n\n\n\n<p><sup>VG<\/sup> <a href=\"https:\/\/fr.wikibooks.org\/wiki\/Livre_de_cuisine\/Tarator\">Tarator<\/a> : <br><sup>AMAP<\/sup> Ail + Concombres + Huile d&#8217;Olive + Noix + Vinaigre + Yaourt (de Ch\u00e8vre)<br><em>+ Aneth + Sel<\/em><\/p>\n\n\n\n<p><sup>VG<\/sup> <a href=\"https:\/\/fr.wikibooks.org\/wiki\/Livre_de_cuisine\/Tarte_au_ch%C3%A8vre\">Tarte au Ch\u00e8vre<\/a> : <br><sup>AMAP<\/sup> Fromage de Ch\u00e8vre + Oeufs + Farine + Oignons + Tomates<br><em>+ Beurre + Comt\u00e9 + Cr\u00e8me \u00e9paisse + Poivre + Sel<\/em><\/p>\n\n\n\n<p><sup>VG<\/sup> <a href=\"https:\/\/www.marieclaire.fr\/cuisine\/tian-chevre-et-aubergines,1206627.asp\">Tian Ch\u00e8vre et <strong>Aubergines<\/strong><\/a> : <br><sup>AMAP<\/sup>  Ail + Aubergines + Basilic + Fromage de ch\u00e8vre + Huile d&#8217;Olive + Oignons rouges + Tomates<br><em>+ Anis + Parmesan + Poivre + Sel<\/em><\/p>\n\n\n\n<h2 class=\"wp-block-heading\">Plats avec viande<\/h2>\n\n\n\n<p><a href=\"https:\/\/www.lesfruitsetlegumesfrais.com\/en-cuisine\/recettes\/burger-de-pomme-et-boeuf-a-la-coriandre-fraiche\">Burger de pomme et boeuf \u00e0 la coriandre fra\u00eeche<\/a> : <br><sup>AMAP<\/sup> Boeuf + Citron + Echalote + Fromage blanc (de ch\u00e8vre) + Huile d&#8217;Olive + Pommes<br><em>+ Beurre + Cerfeuil + Coriandre fra\u00eeche et poudre + Estragon + Moutarde + Poivre + Sel<\/em><\/p>\n\n\n\n<h2 class=\"wp-block-heading\">Desserts<\/h2>\n\n\n\n<p><sup>VG<\/sup> <a href=\"https:\/\/tradi.chez-la-marmotte.fr\/archives\/11749\" data-type=\"link\" data-id=\"https:\/\/www.femmesdaujourdhui.be\/cuisine\/voir-la-recette\/75780\/moelleux-au-chocolat-et-aux-courgettes\">Flan sucr\u00e9 \u00e0 la <strong>Courgette<\/strong><\/a> : <br><sup>AMAP<\/sup> Courgettes + Farine + Oeufs + Raisins secs + Yaourts (de ch\u00e8vre)<br><em>+ F\u00e9cule de Ma\u00efs + Levure chimique + Sel + Sucre + Vanille<\/em><\/p>\n\n\n\n<p><sup>VG<\/sup> <a href=\"https:\/\/www.ptitchef.com\/recettes\/dessert\/gateau-au-fromage-blanc-super-facile-fid-1507834\">G\u00e2teau au fromage blanc<\/a> : <br><sup>AMAP<\/sup> Farine + Fromage blanc (de ch\u00e8vre) + Oeufs + Zeste de citron<br><em><em>+ <\/em>Sucre<\/em><\/p>\n","protected":false},"excerpt":{"rendered":"<p>Plats v\u00e9g\u00e9tariens VG Carpaccio de Fromage : AMAP Ail + Fromage de ch\u00e8vre + Huile d&#8217;Olive + Oignons + Persil + Poivrons+ Poivre + Sel VG Clafoutis au Ch\u00e8vre frais, Courgettes et Tomates cerises : AMAP Courgettes + Fromage de ch\u00e8vre + Oeufs + Tomates cerises+ Beurre + Cannelle + Ciboulette + Lait + Noix &hellip; <a href=\"https:\/\/www.amaporte.org\/index.php\/amaporte\/produits\/recettes\/recettes-fromages-chevre\/\" class=\"more-link\">Lire la suite de <span class=\"screen-reader-text\">Recettes aux Fromages ou Yaourts de Ch\u00e8vre<\/span><\/a><\/p>\n","protected":false},"author":1,"featured_media":0,"parent":258,"menu_order":0,"comment_status":"closed","ping_status":"closed","template":"","meta":{"footnotes":""},"categories":[5],"tags":[4],"class_list":["post-547","page","type-page","status-publish","hentry","category-recettes-specifiques","tag-recettes"],"_links":{"self":[{"href":"https:\/\/www.amaporte.org\/index.php\/wp-json\/wp\/v2\/pages\/547","targetHints":{"allow":["GET"]}}],"collection":[{"href":"https:\/\/www.amaporte.org\/index.php\/wp-json\/wp\/v2\/pages"}],"about":[{"href":"https:\/\/www.amaporte.org\/index.php\/wp-json\/wp\/v2\/types\/page"}],"author":[{"embeddable":true,"href":"https:\/\/www.amaporte.org\/index.php\/wp-json\/wp\/v2\/users\/1"}],"replies":[{"embeddable":true,"href":"https:\/\/www.amaporte.org\/index.php\/wp-json\/wp\/v2\/comments?post=547"}],"version-history":[{"count":0,"href":"https:\/\/www.amaporte.org\/index.php\/wp-json\/wp\/v2\/pages\/547\/revisions"}],"up":[{"embeddable":true,"href":"https:\/\/www.amaporte.org\/index.php\/wp-json\/wp\/v2\/pages\/258"}],"wp:attachment":[{"href":"https:\/\/www.amaporte.org\/index.php\/wp-json\/wp\/v2\/media?parent=547"}],"wp:term":[{"taxonomy":"category","embeddable":true,"href":"https:\/\/www.amaporte.org\/index.php\/wp-json\/wp\/v2\/categories?post=547"},{"taxonomy":"post_tag","embeddable":true,"href":"https:\/\/www.amaporte.org\/index.php\/wp-json\/wp\/v2\/tags?post=547"}],"curies":[{"name":"wp","href":"https:\/\/api.w.org\/{rel}","templated":true}]}}