{"id":529,"date":"2024-01-17T21:25:04","date_gmt":"2024-01-17T20:25:04","guid":{"rendered":"https:\/\/lescalamb.ovh\/?page_id=529"},"modified":"2024-01-17T21:25:04","modified_gmt":"2024-01-17T20:25:04","slug":"recettes-jambon","status":"publish","type":"page","link":"https:\/\/www.amaporte.org\/index.php\/amaporte\/produits\/recettes\/recettes-jambon\/","title":{"rendered":"Recettes au Jambon"},"content":{"rendered":"\n<h2 class=\"wp-block-heading\">Plats<\/h2>\n\n\n\n<p><a href=\"https:\/\/www.amandinecooking.com\/2017\/02\/cookie-sale-au-jambon-et-fromage.html\">Cookies sal\u00e9s au Jambon et Fromage<\/a> : <br><sup>AMAP<\/sup> Farine + Jambon + Oeuf<br><em>+ Beurre demi-sel + Fromage r\u00e2p\u00e9 + Levure chimique + Poivre<\/em><\/p>\n","protected":false},"excerpt":{"rendered":"<p>Plats Cookies sal\u00e9s au Jambon et Fromage : AMAP Farine + Jambon + Oeuf+ Beurre demi-sel + Fromage r\u00e2p\u00e9 + Levure chimique + Poivre<\/p>\n","protected":false},"author":1,"featured_media":0,"parent":258,"menu_order":0,"comment_status":"closed","ping_status":"closed","template":"","meta":{"footnotes":""},"categories":[5],"tags":[4],"class_list":["post-529","page","type-page","status-publish","hentry","category-recettes-specifiques","tag-recettes"],"_links":{"self":[{"href":"https:\/\/www.amaporte.org\/index.php\/wp-json\/wp\/v2\/pages\/529","targetHints":{"allow":["GET"]}}],"collection":[{"href":"https:\/\/www.amaporte.org\/index.php\/wp-json\/wp\/v2\/pages"}],"about":[{"href":"https:\/\/www.amaporte.org\/index.php\/wp-json\/wp\/v2\/types\/page"}],"author":[{"embeddable":true,"href":"https:\/\/www.amaporte.org\/index.php\/wp-json\/wp\/v2\/users\/1"}],"replies":[{"embeddable":true,"href":"https:\/\/www.amaporte.org\/index.php\/wp-json\/wp\/v2\/comments?post=529"}],"version-history":[{"count":0,"href":"https:\/\/www.amaporte.org\/index.php\/wp-json\/wp\/v2\/pages\/529\/revisions"}],"up":[{"embeddable":true,"href":"https:\/\/www.amaporte.org\/index.php\/wp-json\/wp\/v2\/pages\/258"}],"wp:attachment":[{"href":"https:\/\/www.amaporte.org\/index.php\/wp-json\/wp\/v2\/media?parent=529"}],"wp:term":[{"taxonomy":"category","embeddable":true,"href":"https:\/\/www.amaporte.org\/index.php\/wp-json\/wp\/v2\/categories?post=529"},{"taxonomy":"post_tag","embeddable":true,"href":"https:\/\/www.amaporte.org\/index.php\/wp-json\/wp\/v2\/tags?post=529"}],"curies":[{"name":"wp","href":"https:\/\/api.w.org\/{rel}","templated":true}]}}