{"id":528,"date":"2024-01-17T21:11:28","date_gmt":"2024-01-17T20:11:28","guid":{"rendered":"https:\/\/lescalamb.ovh\/?page_id=528"},"modified":"2024-01-17T21:11:28","modified_gmt":"2024-01-17T20:11:28","slug":"recettes-semoule","status":"publish","type":"page","link":"https:\/\/www.amaporte.org\/index.php\/amaporte\/produits\/recettes\/recettes-semoule\/","title":{"rendered":"Recettes \u00e0 la Semoule"},"content":{"rendered":"\n<h2 class=\"wp-block-heading\">Plats v\u00e9g\u00e9tariens<\/h2>\n\n\n\n<p><sup>VG<\/sup> <a href=\"https:\/\/www.elle.fr\/Elle-a-Table\/Recettes-de-cuisine\/Boulgour-aux-abricots-secs-2155428\">Boulgour aux abricots secs<\/a> : <br><sup>AMAP<\/sup> Bouillon (de l\u00e9gumes) + Carottes + Courgettes + Navets + Oignons + Semoule<br><em>+ Abricots secs moelleux + Beurre + Sauce soja + Sel + Poivre<\/em><\/p>\n\n\n\n<p><sup>VG<\/sup> <a href=\"https:\/\/www.tourisme-thierache.fr\/Sejourner\/Gastronomie\/Recettes\/Gratin-de-boulgour-au-potimarron-novembre-2019\" data-type=\"link\" data-id=\"https:\/\/cuisine.journaldesfemmes.fr\/recette\/316965-gateau-de-potimarron-au-comte\">Gratin de Boulgour au <strong>Potimarron<\/strong><\/a> : <br><sup>AMAP<\/sup> Courgette + Potimarron + Semoule (boulgour)<br><em>+ Emmental + F\u00e9cule de Ma\u00efs + Lait<\/em><\/p>\n\n\n\n<p><sup>VG<\/sup> <a href=\"https:\/\/fr.wikibooks.org\/wiki\/Livre_de_cuisine\/Gratin_de_c%C3%A9r%C3%A9ales\">Gratin de c\u00e9r\u00e9ales<\/a> : <br><sup>AMAP<\/sup> Ail + Bouillon (de l\u00e9gumes) + Huile d&#8217;Olive + Pain + Semoule (boulgour) + Tomates<br><em>+ Lait + Origan + Poivre + Sel + Thym<\/em> <\/p>\n\n\n\n<p><sup>VG<\/sup> <a href=\"https:\/\/fr.wikibooks.org\/wiki\/Livre_de_cuisine\/Taboul%C3%A9_exotique_aux_oranges_et_aux_pruneaux\">Taboul\u00e9 exotique aux <strong>Oranges<\/strong> et aux pruneaux<\/a> : <br><sup>AMAP<\/sup> Basilic + Bouillon (de l\u00e9gumes) + Huile d&#8217;Olive + Oignons + Oranges + Poivrons + Semoule + Tomates<br><em>+ Menthe + Poivre + Pruneaux + Sel<\/em><\/p>\n\n\n\n<p><sup>VG<\/sup> <a href=\"https:\/\/www.chefclub.tv\/fr\/recettes\/daily\/5e7f82f2-cab7-4a56-b386-63ce038fe701\/taboul%C3%A9-poivron-rouge-et-concombre-une-recette-facile-et-rapide\/\">Taboul\u00e9 Poivron rouge et Concombre<\/a> : <br><sup>AMAP<\/sup>  Citron + Concombre + Huile d&#8217;Olive + Oignons rouges + Persil + Poivron rouge + Semoule + Tomate<br><em>+ Poivre + Sel<\/em><\/p>\n\n\n\n<h2 class=\"wp-block-heading\">Plats avec viande<\/h2>\n\n\n\n<p><a href=\"https:\/\/fr.wikibooks.org\/wiki\/Livre_de_cuisine\/Couscous\">Couscous<\/a> : <br><sup>AMAP<\/sup> Agneau (collier) + Carottes + Coulis de Tomate + Courgettes + Huile d&#8217;Olive + Navets + Oignons + Pois chiche + Semoule<br><em>+ Raz el hanout<\/em><\/p>\n","protected":false},"excerpt":{"rendered":"<p>Plats v\u00e9g\u00e9tariens VG Boulgour aux abricots secs : AMAP Bouillon (de l\u00e9gumes) + Carottes + Courgettes + Navets + Oignons + Semoule+ Abricots secs moelleux + Beurre + Sauce soja + Sel + Poivre VG Gratin de Boulgour au Potimarron : AMAP Courgette + Potimarron + Semoule (boulgour)+ Emmental + F\u00e9cule de Ma\u00efs + Lait &hellip; <a href=\"https:\/\/www.amaporte.org\/index.php\/amaporte\/produits\/recettes\/recettes-semoule\/\" class=\"more-link\">Lire la suite de <span class=\"screen-reader-text\">Recettes \u00e0 la Semoule<\/span><\/a><\/p>\n","protected":false},"author":1,"featured_media":0,"parent":258,"menu_order":0,"comment_status":"closed","ping_status":"closed","template":"","meta":{"footnotes":""},"categories":[5],"tags":[4],"class_list":["post-528","page","type-page","status-publish","hentry","category-recettes-specifiques","tag-recettes"],"_links":{"self":[{"href":"https:\/\/www.amaporte.org\/index.php\/wp-json\/wp\/v2\/pages\/528","targetHints":{"allow":["GET"]}}],"collection":[{"href":"https:\/\/www.amaporte.org\/index.php\/wp-json\/wp\/v2\/pages"}],"about":[{"href":"https:\/\/www.amaporte.org\/index.php\/wp-json\/wp\/v2\/types\/page"}],"author":[{"embeddable":true,"href":"https:\/\/www.amaporte.org\/index.php\/wp-json\/wp\/v2\/users\/1"}],"replies":[{"embeddable":true,"href":"https:\/\/www.amaporte.org\/index.php\/wp-json\/wp\/v2\/comments?post=528"}],"version-history":[{"count":0,"href":"https:\/\/www.amaporte.org\/index.php\/wp-json\/wp\/v2\/pages\/528\/revisions"}],"up":[{"embeddable":true,"href":"https:\/\/www.amaporte.org\/index.php\/wp-json\/wp\/v2\/pages\/258"}],"wp:attachment":[{"href":"https:\/\/www.amaporte.org\/index.php\/wp-json\/wp\/v2\/media?parent=528"}],"wp:term":[{"taxonomy":"category","embeddable":true,"href":"https:\/\/www.amaporte.org\/index.php\/wp-json\/wp\/v2\/categories?post=528"},{"taxonomy":"post_tag","embeddable":true,"href":"https:\/\/www.amaporte.org\/index.php\/wp-json\/wp\/v2\/tags?post=528"}],"curies":[{"name":"wp","href":"https:\/\/api.w.org\/{rel}","templated":true}]}}