{"id":429,"date":"2024-01-17T14:41:29","date_gmt":"2024-01-17T13:41:29","guid":{"rendered":"https:\/\/lescalamb.ovh\/?page_id=429"},"modified":"2024-01-17T14:41:29","modified_gmt":"2024-01-17T13:41:29","slug":"recettes-farine","status":"publish","type":"page","link":"https:\/\/www.amaporte.org\/index.php\/amaporte\/produits\/recettes\/recettes-farine\/","title":{"rendered":"Recettes \u00e0 la Farine"},"content":{"rendered":"\n<p>Astuce : La farine de bl\u00e9 peut \u00eatre remplac\u00e9e par de la farine de <strong>petit \u00e9peautre<\/strong> (m\u00eames quantit\u00e9s).<\/p>\n\n\n\n<h2 class=\"wp-block-heading\"><strong>Plats<\/strong><\/h2>\n\n\n\n<p><sup>VG<\/sup> <a href=\"https:\/\/www.cuisineaz.com\/recettes\/biscuits-sales-maison-aux-oignons-83665.aspx\">Biscuits sal\u00e9s maison aux <strong>Oignons<\/strong><\/a> : <br><sup>AMAP<\/sup> Farine + Oeufs + Oignons + Persil<br><em>+ Beurre + Levure chimique + Poivre + Sel + S\u00e9same<\/em><\/p>\n\n\n\n<p><sup>VG<\/sup> <a href=\"https:\/\/www.comte.com\/recettes\/blinis-au-comte-oeufs-a-la-coque\/\" data-type=\"link\" data-id=\"https:\/\/www.comte.com\/recettes\/blinis-au-comte-oeufs-a-la-coque\/\">Blinis au Comt\u00e9, <strong>Oeufs<\/strong> \u00e0 la coque<\/a> : <br><sup>AMAP<\/sup> Farine + Oeufs<em><br><em>+ <\/em>Beurre + Ciboulette + Comt\u00e9 + Lait + Levure chimique + Poivre + Sel<\/em><\/p>\n\n\n\n<p><sup>VG<\/sup> <a href=\"https:\/\/www.cuisineaz.com\/recettes\/cake-au-chou-fleur-et-au-comte-89871.aspx\">Cake au <strong>Chou-fleur<\/strong><\/a> : <br><sup>AMAP<\/sup> Chou-fleur + Farine + Huile d&#8217;Olive + Oeufs + Oignon + Persil<br>+ <em>Comt\u00e9 + Levure chimique + Poivre + Sel<\/em><\/p>\n\n\n\n<p><sup>VG<\/sup> <a href=\"https:\/\/www.marmiton.org\/recettes\/recette_cake-au-mais-et-au-parmesan_170331.aspx\">Cake au <strong>Ma\u00efs<\/strong> et au parmesan<\/a> : <br><sup>AMAP<\/sup> Farine + Oeufs + Ma\u00efs<br><em>+ Beurre + Ciboulette + Lait + Levure chimique + Parmesan + Poivre + Sel<\/em><\/p>\n\n\n\n<p><sup>VG<\/sup> <a href=\"https:\/\/www.lesfoodies.com\/jeanmerode\/recette\/crackers-au-piment-d-espelette\">Crackers au <strong>Piment<\/strong><\/a> : <br><sup>AMAP<\/sup> Farine + Huile d&#8217;Olive + Piment<br><em>+ Beurre + Levure chimique + Sel<\/em><\/p>\n\n\n\n<p><sup>VG<\/sup> <a href=\"https:\/\/www.femmeactuelle.fr\/cuisine\/recettes\/accompagnement\/croquettes-de-carottes-09123\">Croquettes de <strong>Carottes<\/strong><\/a> : <br><sup>AMAP<\/sup> Carottes + Farine + Oeufs<br><em>+ Cr\u00e8me + Poivre + Sel<\/em><\/p>\n\n\n\n<p><sup>VG<\/sup> <a href=\"https:\/\/www.cuisineactuelle.fr\/recettes\/crumble-de-carottes-et-noisettes-234217#\">Crumble de <strong>Carottes<\/strong> et noisettes<\/a> : <br><sup>AMAP<\/sup> Bouillon (de l\u00e9gumes) + Carottes + Citron + Farine + Huile d&#8217;Olive + Oignons<br><em>+ Beurre + Noisettes + Parmesan<\/em><\/p>\n\n\n\n<p><sup>VG<\/sup> <a href=\"https:\/\/www.cuisineaz.com\/recettes\/crumble-de-potiron-au-parmesan-50178.aspx\">Crumble de <strong>Potiron<\/strong> au parmesan<\/a> : <br><sup>AMAP<\/sup> Bouillon (de l\u00e9gumes) + Farine + Potiron<br><em>+ Beurre + <\/em><em>Chapelure + Parmesan + Poivre + Poudre d&#8217;amandes + Sel<\/em><\/p>\n\n\n\n<p><sup>VG<\/sup> <a href=\"https:\/\/cuisine.journaldesfemmes.fr\/recette\/3113089-galettes-craquantes-a-l-emmental\">Galettes craquantes \u00e0 l&#8217;emmental<\/a> : <br><sup>AMAP<\/sup> Farine + Oeufs<em><br><em>+ <\/em>Beurre + Emmental + Poivre + Sel<\/em><\/p>\n\n\n\n<p><sup>VG<\/sup> <a href=\"https:\/\/www.cuisine-etudiant.fr\/recette\/6094-galettes-de-pommes-de-terre\">Galettes de <strong>Pommes de terre<\/strong><\/a> : <br><sup>AMAP<\/sup> Echalote + Farine + Oeufs + Persil + Pommes de terre + Yaourt (de ch\u00e8vre)<br><em>+ Noix de muscade + Poivre + Sel<\/em><\/p>\n\n\n\n<p><sup>VG<\/sup> <a href=\"https:\/\/cuisine.journaldesfemmes.fr\/recette\/316965-gateau-de-potimarron-au-comte\" data-type=\"link\" data-id=\"https:\/\/cuisine.journaldesfemmes.fr\/recette\/316965-gateau-de-potimarron-au-comte\">G\u00e2teau de <strong>Potimarron<\/strong> au Comt\u00e9<\/a> : <br><sup>AMAP<\/sup> Farine + Huile d&#8217;Olive + Oeufs + Potimarron<br><em>+ Beurre + Comt\u00e9 + Cr\u00e8me liquide + Lait + Pignons de Pin<\/em><\/p>\n\n\n\n<p><sup>VG<\/sup> <a href=\"https:\/\/www.recettes-italiennes.org\/gaufres-lail-persil\/\">Gaufres \u00e0 l&#8217;<strong>Ail<\/strong> et au <strong>Persil<\/strong><\/a> : <br><sup>AMAP<\/sup> Ail + Farine + Oeufs + Persil<br><em>+ Beurre + Lait + Levure chimique<\/em><\/p>\n\n\n\n<p><sup>VG<\/sup> <a href=\"https:\/\/www.femmeactuelle.fr\/cuisine\/recettes\/gaufres-de-l-espace-aux-epinards-12369\" data-type=\"link\" data-id=\"https:\/\/www.femmeactuelle.fr\/cuisine\/recettes\/gaufres-de-l-espace-aux-epinards-12369\">Gaufres aux <strong>Epinards<\/strong><\/a> : <br><sup>AMAP<\/sup> Ail + Epinards + Farine + Oeufs<br><em>+ Beurre + Lait + Levure chimique<\/em><\/p>\n\n\n\n<p><sup>VG<\/sup> <a href=\"https:\/\/www.cuisineactuelle.fr\/recettes\/gaufre-au-basilic-343084\">Gaufres au <strong>Basilic<\/strong><\/a> : <br><sup>AMAP<\/sup> Basilic + Farine + Oeufs<br><em>+ Beurre + Lait + Levure chimique<\/em> + Sel<\/p>\n\n\n\n<p><sup>VG<\/sup> <a href=\"https:\/\/gourmand.viepratique.fr\/recettes-par-ingredient\/legumes\/gaufres-carotte-et-fines-herbes-28702.html\">Gaufres <strong>Carottes<\/strong> et fines herbes<\/a> : <br><sup>AMAP<\/sup> Carottes + Farine + Huile v\u00e9g\u00e9tale + Oeufs<br><em>+ Beurre + Ciboulette + Emmental + Sel<\/em><\/p>\n\n\n\n<p><sup>VG<\/sup> <a href=\"https:\/\/fr.wikibooks.org\/wiki\/Livre_de_cuisine\/Gnocchi\">Gnocchi<\/a> : <br><sup>AMAP<\/sup> Farine + Huile d&#8217;Olive + Oeufs + Pommes de terre<br><em>+ Sel<\/em><\/p>\n\n\n\n<p><sup>VG<\/sup> <a href=\"https:\/\/www.marmiton.org\/recettes\/recette_gratin-de-courge-sauce-bechamel_231779.aspx\">Gratin de <strong>Courge<\/strong> sauce b\u00e9chamel<\/a> : <br><sup>AMAP<\/sup> Farine + Oeufs + Potiron<br><em>+ Beurre + Emmental + Lait + Poivre + Sel<\/em><\/p>\n\n\n\n<p><sup>VG<\/sup> <a href=\"https:\/\/www.ptitchef.com\/recettes\/plat\/galette-de-mais-a-la-poele-facon-corn-bread-des-usa-fid-213450\">Galette de <strong>Ma\u00efs<\/strong> fa\u00e7on Corn Bread<\/a> : <br><sup>AMAP<\/sup> Farine + Oeufs + Huile v\u00e9g\u00e9tale + Ma\u00efs + Semoule de ma\u00efs (polenta)<br><em>+ Beurre + Emmental + Lait + Levure chimique + Poivre + Sel<\/em><\/p>\n\n\n\n<p><sup>VG<\/sup> <a href=\"https:\/\/www.750g.com\/madeleines-aux-saucissons-r49277.htm\">Madeleines au <strong>Saucisson<\/strong><\/a> : <br><sup>AMAP<\/sup> Farine + Oeufs + Saucisson<br><em>+ Beurre + Emmental + Lait + Levure chimique + Poivre + Sel + Thym<\/em><\/p>\n\n\n\n<p><sup>VG<\/sup> <a href=\"https:\/\/www.cuisineactuelle.fr\/recettes\/madeleines-aux-olives-vertes-327657\">Madeleines aux olives vertes<\/a> : <br><sup>AMAP<\/sup> Farine + Oeufs<br><em>+ Beurre + Levure chimique + Olives vertes + Poivre + Sel + Thym<\/em><\/p>\n\n\n\n<p><sup>VG<\/sup> <a href=\"https:\/\/fr.wikibooks.org\/wiki\/Livre_de_cuisine\/Soupe_%C3%A0_l%27oignon\">Soupe \u00e0 l&#8217;<strong>Oignon<\/strong><\/a> : <br><sup>AMAP<\/sup> Bi\u00e8re + Bouillon (de l\u00e9gumes) + Farine + Oignons<br>+ <em>Beurre + Emmental + Laurier + Muscade + Poivre + Sel + Thym<\/em><\/p>\n\n\n\n<p><sup>VG<\/sup> <a href=\"https:\/\/fr.wikibooks.org\/wiki\/Livre_de_cuisine\/Tarte_au_ch%C3%A8vre\">Tarte au <strong>Ch\u00e8vre<\/strong><\/a> : <br><sup>AMAP<\/sup> Farine + Fromage de Ch\u00e8vre + Oeufs + Oignons + Tomates<br>+ <em>Beurre + Comt\u00e9 + Cr\u00e8me \u00e9paisse + Poivre + Sel<\/em><\/p>\n\n\n\n<p><sup>VG<\/sup> <a href=\"https:\/\/fr.wikibooks.org\/wiki\/Livre_de_cuisine\/Tarte_proven%C3%A7ale\">Tarte proven\u00e7ale<\/a> : <br><sup>AMAP<\/sup> Aubergines + Farine + Huile d&#8217;olive + Oeufs + Poivrons + Tomates<br><em>+ Beurre + Herbes de Provence + Olives noires + Poivre + Sel<\/em><\/p>\n\n\n\n<h2 class=\"wp-block-heading\">Sauces<\/h2>\n\n\n\n<p><sup>VG<\/sup> <a href=\"https:\/\/fr.wikibooks.org\/wiki\/Livre_de_cuisine\/Sauce_%C3%A0_l%27oignon_et_au_curry\">Sauce \u00e0 l&#8217;<strong>Oignon<\/strong> et au curry<\/a> : <br><sup>AMAP<\/sup> Bouillon (de l\u00e9gumes) + Huile d&#8217;Olive + Farine + Oignons<br><em>+ Curry + Poivre + Sel<\/em><\/p>\n\n\n\n<p><a href=\"https:\/\/fr.wikibooks.org\/wiki\/Livre_de_cuisine\/Sauce_blanche\">Sauce blanche<\/a> : <br><sup>AMAP<\/sup> Farine<br><em>+ Beurre<\/em><\/p>\n\n\n\n<p><a href=\"https:\/\/www.cuisineactuelle.fr\/recettes\/sauce-brune-336992\">Sauce brune<\/a> : <br><sup>AMAP<\/sup> Ail + Bouillon (de l\u00e9gumes) + Farine + Oignons<br><em>+ Poivre + Sel<\/em><\/p>\n\n\n\n<p><a href=\"https:\/\/www.cuisineaz.com\/recettes\/sauce-demi-glace-102360.aspx\">Sauce demi-glace<\/a> : <br><sup>AMAP<\/sup> Bouillon (de l\u00e9gumes) + Farine + Oignons<br><em>+ Beurre + Sel + Sucre<\/em><\/p>\n\n\n\n<h2 class=\"wp-block-heading\"><strong>Desserts<\/strong><\/h2>\n\n\n\n<p><sup>VG<\/sup> <a href=\"https:\/\/www.lesfoodies.com\/italmo\/recette\/biscuit-de-savoie-au-chocolat\">Biscuit de Savoie au chocolat<\/a> : <br><sup>AMAP<\/sup> Farine + Oeufs<br><em>+ Beurre + Cacao + F\u00e9cule de Ma\u00efs + Sucre + Sel<\/em><\/p>\n\n\n\n<p><sup>VG<\/sup> <a href=\"https:\/\/www.altergusto.fr\/2015\/10\/01\/biscuits-creme-marrons-noisette\/\">Biscuits \u00e0 la <strong>cr\u00e8me de Marrons<\/strong> &amp; noisettes<\/a> : <br><sup>AMAP<\/sup> Citron + Cr\u00e8me de Marrons (Confiture de Ch\u00e2taigne) + Farine<br><em>+ Beurre + Poudre de noisettes + Sucre<\/em><\/p>\n\n\n\n<p><sup>VG<\/sup> <a href=\"https:\/\/cuisine.journaldesfemmes.fr\/recette\/339807-biscuits-aux-noix\">Biscuits aux <strong>Noix<\/strong><\/a> : <br><sup>AMAP<\/sup> Farine + Noix + Oeufs<br><em>+ Beurre + Levure chimique + Sucre + Sel<\/em><\/p>\n\n\n\n<p><sup>VG<\/sup> <a href=\"https:\/\/www.femmeactuelle.fr\/cuisine\/recettes\/dessert\/biscuits-aux-raisins-secs-et-au-miel-09785\">Biscuits aux <strong>Raisins secs<\/strong> et au <strong>Miel<\/strong><\/a> : <br><sup>AMAP<\/sup> Farine + Miel + Oeufs + Raisins secs<br><em>+ Beurre + Bicarbonate de soude + Cannelle + Sel + Sucre<\/em><\/p>\n\n\n\n<p><sup>VG<\/sup> <a href=\"https:\/\/www.marmiton.org\/recettes\/recette_biscuits-sables-aux-noisettes_26136.aspx\">Biscuits sabl\u00e9s aux noisettes<\/a> : <br><sup>AMAP<\/sup> Farine + Oeufs<br><em>+ Beurre + Noisettes + Sel + Sucre<\/em><\/p>\n\n\n\n<p><sup>VG<\/sup> <a href=\"https:\/\/www.zeste.ca\/recettes\/brownies-choco-carottes\">Brownies choco-carottes<\/a> : <br><sup>AMAP<\/sup> Carottes + Farine + Noix + Oeufs<br><em>+ Beurre + Chocolat noir + Sucre<\/em><\/p>\n\n\n\n<p><sup>VG<\/sup> <a href=\"https:\/\/cuisine.journaldesfemmes.fr\/recette\/314735-buche-de-noel-chocolat-et-creme-aux-marrons\">B\u00fbche de No\u00ebl chocolat et <strong>cr\u00e8me de Marrons<\/strong><\/a> : <br><sup>AMAP<\/sup> Cr\u00e8me de Marrons (Confiture de Ch\u00e2taignes) + Farine + Oeufs<br><em>+ Beurre + Chocolat noir + F\u00e9cule de Ma\u00efs + Sucre<\/em><\/p>\n\n\n\n<p><sup>VG<\/sup> <a href=\"https:\/\/www.aux-fourneaux.fr\/cake-au-chocolat-basilic-12796\/\">Cake au chocolat <strong>Basilic<\/strong><\/a> : <br><sup>AMAP<\/sup> Basilic + Farine + Oeufs<br><em>+ Beurre + Chocolat + Levure chimique + Sucre<\/em><\/p>\n\n\n\n<p><sup>VG<\/sup> <a href=\"https:\/\/www.fourchette-et-bikini.fr\/recettes\/recettes-minceur\/carrot-cake-minceur-sucre-aux-noix.html\">Carrot cake sucr\u00e9 aux <strong>Noix<\/strong><\/a> : <br><sup>AMAP<\/sup> Carottes + Farine + Noix + Oeufs<br><em>+ Cannelle + Poudre d&#8217;amandes + Poudre de noisettes + Sel + Sucre<\/em><\/p>\n\n\n\n<p><sup>VG<\/sup> <a href=\"https:\/\/www.marieclaire.fr\/cuisine\/clafoutis-aux-pommes-tatin,1206528.asp\">Clafoutis aux <strong>Pommes<\/strong> Tatin<\/a> : <br><sup>AMAP<\/sup> Oeufs + Pommes<em><br><em>+ <\/em>Cr\u00e8me liquide + F\u00e9cule de Ma\u00efs + Lait + Levure chimique + Sel + Sucre + Vanille<\/em><\/p>\n\n\n\n<p><sup>VG<\/sup> <a href=\"https:\/\/www.marmiton.org\/recettes\/recette_cookies-aux-pommes-cannelle-et-miel_233119.aspx\">Cookies aux <strong>Pommes<\/strong>, cannelle et <strong>Miel<\/strong><\/a> : <br><sup>AMAP<\/sup> Farine + Miel + Oeufs + Pommes<em><br><em>+ <\/em>Beurre + Lait + Levure chimique + Sucre<\/em><\/p>\n\n\n\n<p><sup>VG<\/sup> <a href=\"https:\/\/www.750g.com\/cookies-miel-chocolat-r24051.htm\">Cookies <strong>Miel<\/strong>-Chocolat<\/a> : <br><sup>AMAP<\/sup> Farine + Miel + Oeufs<em><br><em>+ <\/em>Beurre doux + Beurre demi-sel + Chocolat noir + Levure chimique + Sucre + Vanille<\/em><\/p>\n\n\n\n<p><sup>VG<\/sup> <a href=\"https:\/\/www.notretemps.com\/vie-pratique\/cuisine\/le-financier-a-la-noisette-de-cyril-lignac-5383\">Financier \u00e0 la noisette<\/a> : <br><sup>AMAP<\/sup> Farine + Oeufs<br><em>+ Beurre + Farine + Poudre de noisettes + Sel + Sucre glace + Vanille<\/em><\/p>\n\n\n\n<p><sup>VG<\/sup> <a href=\"https:\/\/tradi.chez-la-marmotte.fr\/archives\/11749\" data-type=\"link\" data-id=\"https:\/\/www.femmesdaujourdhui.be\/cuisine\/voir-la-recette\/75780\/moelleux-au-chocolat-et-aux-courgettes\">Flan sucr\u00e9 \u00e0 la <strong>Courgette<\/strong><\/a> : <br><sup>AMAP<\/sup> Courgettes + Farine + Oeufs + Raisins secs + Yaourts (de ch\u00e8vre)<br><em>+ F\u00e9cule de Ma\u00efs + Levure chimique + Sel + Sucre + Vanille<\/em><\/p>\n\n\n\n<p><sup>VG<\/sup> <a href=\"https:\/\/www.ptitchef.com\/recettes\/dessert\/gateau-au-fromage-blanc-super-facile-fid-1507834\">G\u00e2teau au <strong>Fromage blanc<\/strong><\/a> : <br><sup>AMAP<\/sup> Farine + Fromage blanc (de ch\u00e8vre) + Oeufs + Zeste de citron<br><em><em>+ <\/em>Sucre<\/em><\/p>\n\n\n\n<p><sup>VG<\/sup> <a href=\"https:\/\/www.lesfoodies.com\/lyly59\/recette\/gateau-aux-pommes-et-au-pralin\">Gateau aux <strong>Pommes<\/strong> et au pralin<\/a> : <br><sup>AMAP<\/sup> Farine + Oeufs + Pommes<em><br><em>+ <\/em>Beurre + Levure chimique + Pralin + Sucre<\/em><\/p>\n\n\n\n<p><sup>VG<\/sup> <a href=\"http:\/\/lespatisseriesdaurelie.over-blog.com\/2015\/10\/gateau-moelleux-aux-pommes-et-a-la-puree-d-amandes.html\" data-type=\"link\" data-id=\"http:\/\/lespatisseriesdaurelie.over-blog.com\/2015\/10\/gateau-moelleux-aux-pommes-et-a-la-puree-d-amandes.html\">G\u00e2teau moelleux aux <strong>Pommes<\/strong> et \u00e0 la pur\u00e9e d&#8217;amandes<\/a> : <br><sup>AMAP<\/sup> Farine + Oeufs + Pommes<br><em><em>+ <\/em>Beurre + Lait + Levure chimique + Pur\u00e9e d&#8217;amande + Sucre<\/em><\/p>\n\n\n\n<p><sup>VG<\/sup> <a href=\"https:\/\/www.marmiton.org\/recettes\/recette_gateau-ultra-moelleux-pommes-noisettes-et-cannelle_528754.aspx\" data-type=\"link\" data-id=\"https:\/\/www.marmiton.org\/recettes\/recette_gateau-ultra-moelleux-pommes-noisettes-et-cannelle_528754.aspx\">G\u00e2teau ultra-moelleux <strong>Pommes<\/strong>, noisettes et cannelle<\/a> : <br><sup>AMAP<\/sup> Farine + Oeufs + Pommes<br><em>+ Beurre + Cannelle + Levure chimique + Poudre de Noisettes + Sucre + Vanille<\/em><\/p>\n\n\n\n<p><sup>VG<\/sup> <a href=\"https:\/\/www.750g.com\/gaufres-aux-pommes-r75762.htm\">Gaufres aux <strong>Pommes<\/strong><\/a> : <br><sup>AMAP<\/sup> Farine + Oeufs + Pommes<br><em>+ Beurre + Cr\u00e8me liquide + Lait + Levure chimique + Sucre + Sucre glace + Vanille<\/em><\/p>\n\n\n\n<p><sup>VG<\/sup> <a href=\"https:\/\/www.marmiton.org\/recettes\/recette_gaufres-au-potiron_13243.aspx\" data-type=\"link\" data-id=\"https:\/\/www.marmiton.org\/recettes\/recette_gaufres-au-potiron_13243.aspx\">Gaufres au <strong>Potiron<\/strong><\/a> : <br><sup>AMAP<\/sup> Farine + Oeufs + Potiron<br><em>+ Beurre + Lait + Levure chimique + Rhum + Sel + Sucre<\/em><\/p>\n\n\n\n<p><sup>VG<\/sup> <a href=\"https:\/\/www.cuisineaz.com\/recettes\/gaufres-archi-croustillantes-aux-noisettes-57803.aspx\" data-type=\"link\" data-id=\"https:\/\/www.cuisineaz.com\/recettes\/gaufres-archi-croustillantes-aux-noisettes-57803.aspx\">Gaufres croustillantes aux noisettes<\/a> : <br><sup>AMAP<\/sup> Farine + Oeufs<br><em>+ Beurre + Lait + Levure chimique + Poudre de noisettes + Sucre + Sucre glac\u00e9 + Vanille<\/em><\/p>\n\n\n\n<p><sup>VG<\/sup> <a href=\"https:\/\/www.elle.fr\/Elle-a-Table\/Recettes-de-cuisine\/Genoise-aux-pommes-2070240\">G\u00e9noise aux <strong>Pommes<\/strong><\/a> : <br><sup>AMAP<\/sup> Farine + Oeufs + Pommes<br><em><em>+<\/em> Beurre + Sucre<\/em><\/p>\n\n\n\n<p><sup>VG<\/sup> <a href=\"https:\/\/www.marmiton.org\/recettes\/recette_madeleines-a-la-courge_219082.aspx\">Madeleines \u00e0 la <strong>Courge<\/strong><\/a> : <br><sup>AMAP<\/sup> Farine + Oeufs + Potiron<br><em>+ Beurre + Levure chimique + Sucre<\/em><\/p>\n\n\n\n<p><sup>VG<\/sup> <a href=\"https:\/\/www.marmiton.org\/recettes\/recette_madeleines-aux-fraises_94133.aspx\" data-type=\"link\" data-id=\"https:\/\/www.marmiton.org\/recettes\/recette_muffins-aux-fraises-et-a-la-menthe_31325.aspx\">Madeleines aux <strong>Fraises<\/strong><\/a> : <br><sup>AMAP<\/sup> Farine + Fraises + Oeufs<br><em>+ Beurre + <em>Sucre<\/em><\/em><\/p>\n\n\n\n<p><sup>VG<\/sup> <a href=\"https:\/\/www.marmiton.org\/recettes\/recette_madeleines-aux-raisins-secs_35763.aspx\">Madeleines aux <strong>Raisins secs<\/strong><\/a> : <br><sup>AMAP<\/sup> Farine + Oeufs + Raisins secs<br><em>+ Beurre + Sucre<\/em><\/p>\n\n\n\n<p><sup>VG<\/sup> <a href=\"https:\/\/www.femmesdaujourdhui.be\/cuisine\/voir-la-recette\/75780\/moelleux-au-chocolat-et-aux-courgettes\" data-type=\"link\" data-id=\"https:\/\/www.femmesdaujourdhui.be\/cuisine\/voir-la-recette\/75780\/moelleux-au-chocolat-et-aux-courgettes\">Moelleux au chocolat et aux <strong>Courgettes<\/strong><\/a> : <br><sup>AMAP<\/sup> Courgettes + Farine + Oeufs<br><em><em>+ <\/em>Chocolat noir + Levure chimique + Sel + Sucre<\/em><\/p>\n\n\n\n<p><sup>VG<\/sup> <a href=\"http:\/\/cuisinertoutsimplement.com\/article-23743750.html\">Moelleux au <strong>Fenouil<\/strong><\/a> : <br><sup>AMAP<\/sup> Farine + Fenouil + Oeufs<br><em>+ Beurre + Sucre<\/em><\/p>\n\n\n\n<p><sup>VG<\/sup> <a href=\"https:\/\/www.marmiton.org\/recettes\/recette_muffins-aux-fraises-et-a-la-menthe_31325.aspx\" data-type=\"link\" data-id=\"https:\/\/www.marmiton.org\/recettes\/recette_muffins-aux-fraises-et-a-la-menthe_31325.aspx\">Muffins aux <strong>Fraises<\/strong> et \u00e0 la <strong>Menthe<\/strong><\/a> : <br><sup>AMAP<\/sup> Farine + Fraises + Huile de Tournesol + Menthe + Oeufs<br><em>+ Beurre + Lait + Levure chimique<\/em> + <em>Sel + <em>Sucre<\/em><\/em><\/p>\n\n\n\n<p><sup>VG<\/sup> <a href=\"https:\/\/cuisine.journaldesfemmes.fr\/recette\/340951-muffins-aux-pommes\" data-type=\"link\" data-id=\"https:\/\/cuisine.journaldesfemmes.fr\/recette\/340951-muffins-aux-pommes\">Muffins aux <strong>Pommes<\/strong><\/a> : <br><sup>AMAP<\/sup> Farine + Oeufs + Pommes<em><br><em>+ <\/em>Beurre + Cannelle + Gingembre + Lait + Levure chimique + Sucre<\/em><\/p>\n\n\n\n<p><sup>VG<\/sup> <a href=\"https:\/\/www.chezpatchouka.com\/muffins-aux-raisins-secs\/\">Muffins aux <strong>Raisins secs<\/strong><\/a> : <br><sup>AMAP<\/sup> Farine + Oeufs + Raisins secs<br><em>+ Beurre + Lait + Levure chimique + Sucre + Vanille<\/em><\/p>\n\n\n\n<p><sup>VG<\/sup> <a href=\"https:\/\/www.cuisineaz.com\/recettes\/muffin-light-chocolat-potiron-83978.aspx\">Muffin light Chocolat-<strong>Potiron<\/strong><\/a> : <br><sup>AMAP<\/sup> Farine + Oeufs + Potiron<br><em>+ Cannelle + Lait + Levure chimique + Chocolat noir<\/em><\/p>\n\n\n\n<p><sup>VG<\/sup> <a href=\"https:\/\/www.marmiton.org\/recettes\/recette_omelette-soufflee_72717.aspx\">Omelette souffl\u00e9e<\/a> : <br><sup>AMAP<\/sup> Farine + Oeufs<br><em>+ Beurre + Cr\u00e8me \u00e9paisse + Lait + Sucre<\/em><\/p>\n\n\n\n<p><sup>VG<\/sup> <a href=\"https:\/\/www.cuisine-etudiant.fr\/recette\/3711-pancakes-a-la-creme-de-marrons\">Pancakes \u00e0 la cr\u00e8me de <strong>Marrons<\/strong><\/a> : <br><sup>AMAP<\/sup> Cr\u00e8me de Marrons (Confiture de Ch\u00e2taignes) + Farine + Oeufs + Yaourts (ch\u00e8vre)<br><em>+ Lait<\/em><\/p>\n\n\n\n<p><sup>VG<\/sup> <a href=\"https:\/\/www.cuisineaz.com\/recettes\/quatre-quarts-aux-pommes-facile-36766.aspx\">Quatre-quarts aux <strong>Pommes<\/strong><\/a> : <br><sup>AMAP<\/sup> Farine + Oeufs + Pommes<br><em>+ Beurre + Sucre<\/em><\/p>\n\n\n\n<p><sup>VG<\/sup> <a href=\"https:\/\/www.750g.com\/roule-aux-pommes-r83727.htm\">Roul\u00e9 aux <strong>Pommes<\/strong><\/a> : <br><sup>AMAP<\/sup> Compote de Pommes + Farine + Oeufs + Pommes<br><em>+ Beurre + Levure + Sucre + Sucre glace + Vanille<\/em><\/p>\n\n\n\n<p><sup>VG<\/sup> <a href=\"https:\/\/cuisine.journaldesfemmes.fr\/recette\/320148-sables-a-la-creme-de-marron\" data-type=\"link\" data-id=\"https:\/\/www.marmiton.org\/recettes\/recette_muffins-aux-fraises-et-a-la-menthe_31325.aspx\">Sabl\u00e9s \u00e0 la cr\u00e8me de <strong>Marrons<\/strong><\/a> : <br><sup>AMAP<\/sup> Cr\u00e8me de Marrons (Confiture de Ch\u00e2taignes) + Farine + Oeufs<br><em>+ Beurre + Rhum + Sel + Sucre + Sucre glace<\/em><\/p>\n\n\n\n<p><sup>VG<\/sup> <a href=\"https:\/\/adelleskitchen.blogspot.com\/2018\/03\/sables-aux-graines-de-sesame-et-de-lin.html?m=1\" data-type=\"link\" data-id=\"https:\/\/www.marmiton.org\/recettes\/recette_muffins-aux-fraises-et-a-la-menthe_31325.aspx\">Sabl\u00e9s aux graines de s\u00e9same et de lin<\/a> : <br><sup>AMAP<\/sup> Citron (zeste) + Farine + Miel + Oeufs<br><em>+ Beurre + <em>Grains de Lin<\/em> + Sel + Graines de S\u00e9same + Sucre + Vanille<\/em><\/p>\n\n\n\n<p><sup>VG<\/sup> <a href=\"https:\/\/www.chezpatchouka.com\/sables-chocolat-noisettes\/\" data-type=\"link\" data-id=\"https:\/\/www.marmiton.org\/recettes\/recette_muffins-aux-fraises-et-a-la-menthe_31325.aspx\">Sabl\u00e9s chocolat noisettes<\/a> : <br><sup>AMAP<\/sup> Farine + Oeufs<br><em>+ Beurre + Cannelle + Chocolat + Poudre de noisettes + Sel + Sucre + Vanille<\/em><\/p>\n\n\n\n<p><sup>VG<\/sup> <a href=\"https:\/\/www.femmeactuelle.fr\/cuisine\/recettes\/dessert\/sables-traditionnels-sans-oeuf-08627\" data-type=\"link\" data-id=\"https:\/\/www.marmiton.org\/recettes\/recette_muffins-aux-fraises-et-a-la-menthe_31325.aspx\">Sabl\u00e9s traditionnels sans oeuf<\/a> : <br><sup>AMAP<\/sup> Farine<br><em>+ Beurre + Sel + Sucre + Vanille<\/em><\/p>\n\n\n\n<p><sup>VG<\/sup> <a href=\"https:\/\/fr.wikibooks.org\/wiki\/Livre_de_cuisine\/Tarte_aux_fraises\">Tarte aux <strong>Fraises<\/strong><\/a> : <br><sup>AMAP<\/sup> Farine + Fraises + Oeufs<br><em>+ Beurre + Lait + Sel + <em>Sucre<\/em><\/em><\/p>\n\n\n\n<p><sup>VG<\/sup> <a href=\"https:\/\/atelierdebrigitte.over-blog.com\/2019\/10\/tarte-aux-pommes-et-noisettes-pate-sablee-noisettes-recette-du-chef-conticini-ph.html\">Tarte aux <strong>Pommes<\/strong> et noisettes<\/a> : <br><sup>AMAP<\/sup> Farine + Oeufs + Pommes<br><em><em>+ Beurre + <\/em>Poudre de noisettes + Sucre glace<\/em><\/p>\n","protected":false},"excerpt":{"rendered":"<p>Astuce : La farine de bl\u00e9 peut \u00eatre remplac\u00e9e par de la farine de petit \u00e9peautre (m\u00eames quantit\u00e9s). Plats VG Biscuits sal\u00e9s maison aux Oignons : AMAP Farine + Oeufs + Oignons + Persil+ Beurre + Levure chimique + Poivre + Sel + S\u00e9same VG Blinis au Comt\u00e9, Oeufs \u00e0 la coque : AMAP Farine &hellip; <a href=\"https:\/\/www.amaporte.org\/index.php\/amaporte\/produits\/recettes\/recettes-farine\/\" class=\"more-link\">Lire la suite de <span class=\"screen-reader-text\">Recettes \u00e0 la Farine<\/span><\/a><\/p>\n","protected":false},"author":1,"featured_media":0,"parent":258,"menu_order":0,"comment_status":"closed","ping_status":"closed","template":"","meta":{"footnotes":""},"categories":[5],"tags":[4],"class_list":["post-429","page","type-page","status-publish","hentry","category-recettes-specifiques","tag-recettes"],"_links":{"self":[{"href":"https:\/\/www.amaporte.org\/index.php\/wp-json\/wp\/v2\/pages\/429","targetHints":{"allow":["GET"]}}],"collection":[{"href":"https:\/\/www.amaporte.org\/index.php\/wp-json\/wp\/v2\/pages"}],"about":[{"href":"https:\/\/www.amaporte.org\/index.php\/wp-json\/wp\/v2\/types\/page"}],"author":[{"embeddable":true,"href":"https:\/\/www.amaporte.org\/index.php\/wp-json\/wp\/v2\/users\/1"}],"replies":[{"embeddable":true,"href":"https:\/\/www.amaporte.org\/index.php\/wp-json\/wp\/v2\/comments?post=429"}],"version-history":[{"count":0,"href":"https:\/\/www.amaporte.org\/index.php\/wp-json\/wp\/v2\/pages\/429\/revisions"}],"up":[{"embeddable":true,"href":"https:\/\/www.amaporte.org\/index.php\/wp-json\/wp\/v2\/pages\/258"}],"wp:attachment":[{"href":"https:\/\/www.amaporte.org\/index.php\/wp-json\/wp\/v2\/media?parent=429"}],"wp:term":[{"taxonomy":"category","embeddable":true,"href":"https:\/\/www.amaporte.org\/index.php\/wp-json\/wp\/v2\/categories?post=429"},{"taxonomy":"post_tag","embeddable":true,"href":"https:\/\/www.amaporte.org\/index.php\/wp-json\/wp\/v2\/tags?post=429"}],"curies":[{"name":"wp","href":"https:\/\/api.w.org\/{rel}","templated":true}]}}