{"id":411,"date":"2024-01-17T14:05:20","date_gmt":"2024-01-17T13:05:20","guid":{"rendered":"https:\/\/lescalamb.ovh\/?page_id=411"},"modified":"2024-01-17T14:05:20","modified_gmt":"2024-01-17T13:05:20","slug":"recettes-oignons-jaunes","status":"publish","type":"page","link":"https:\/\/www.amaporte.org\/index.php\/amaporte\/produits\/recettes\/recettes-oignons-jaunes\/","title":{"rendered":"Recettes aux Oignons jaunes"},"content":{"rendered":"\n<h2 class=\"wp-block-heading\">Plats v\u00e9g\u00e9tariens<\/h2>\n\n\n\n<p><sup>VG<\/sup> <a href=\"https:\/\/fr.wikibooks.org\/wiki\/Livre_de_cuisine\/Aubergines_farcies_v%C3%A9g%C3%A9tariennes\">Aubergines farcies v\u00e9g\u00e9tariennes<\/a> : <br><sup>AMAP<\/sup> Ail + Aubergines + Citron + Huile d&#8217;olive + Oignons + Tomates<br><em>+ <em><em>Origan + Pignons de pin + <\/em>Poivre<\/em><\/em> + <em>Romarin + Sel + Sucre + Thym<\/em><\/p>\n\n\n\n<p><sup>VG<\/sup> <a href=\"https:\/\/www.cuisineaz.com\/recettes\/biscuits-sales-maison-aux-oignons-83665.aspx\">Biscuits sal\u00e9s maison aux Oignons<\/a> : <br><sup>AMAP<\/sup> Farine + Oeufs + Oignons + Persil<br><em>+ Beurre + Levure chimique + <em>Poivre<\/em><\/em> + <em>Sel + <em>S\u00e9same<\/em><\/em><\/p>\n\n\n\n<p><sup>VG<\/sup> <a href=\"https:\/\/fr.wikibooks.org\/wiki\/Livre_de_cuisine\/Bouillon_de_l%C3%A9gumes\">Bouillon de l\u00e9gumes<\/a> : <br><sup>AMAP<\/sup> Ail + Carottes + C\u00e9leri branche + Oignons + Persil + Tomates<br><em><em>+ <\/em>Beurre + Laurier + Poivre + Sel + Thym<\/em><\/p>\n\n\n\n<p><sup>VG<\/sup> <a href=\"https:\/\/fr.wikibooks.org\/wiki\/Livre_de_cuisine\/Boulettes_aux_noix_de_cajou\">Boulettes aux noix de cajou<\/a> : <br><sup>AMAP<\/sup> Carottes + C\u00e9leri branche + Oignons + Persil<br><em><em>+ <\/em>Chapelure + Noix de cajou + Sauce soja + Thym <\/em><\/p>\n\n\n\n<p><sup>VG<\/sup> <a href=\"https:\/\/www.elle.fr\/Elle-a-Table\/Recettes-de-cuisine\/Boulgour-aux-abricots-secs-2155428\"><strong>Boulgour<\/strong> aux abricots secs<\/a> : <br><sup>AMAP<\/sup> Bouillon (de l\u00e9gumes) + Carottes + Courgettes + Navets + Oignons + Semoule<br><em><em>+ <\/em>Abricots secs moelleux + Beurre + Sauce soja + Sel + Poivre<\/em><\/p>\n\n\n\n<p><sup>VG<\/sup> <a href=\"https:\/\/www.cuisineaz.com\/recettes\/cake-au-chou-fleur-et-au-comte-89871.aspx\">Cake au <strong>Chou-fleur<\/strong><\/a> : <br><sup>AMAP<\/sup> Chou-fleur + Farine + Huile d&#8217;Olive + Oeufs + Oignon + Persil<br><em>+<\/em> <em>Comt\u00e9 + Levure chimique + Poivre + Sel<\/em><\/p>\n\n\n\n<p><sup>VG<\/sup> <a href=\"http:\/\/autrecuisine.canalblog.com\/archives\/2008\/10\/19\/11012866.html\"><strong>Carottes<\/strong> aux \u00e9pices, curry, <strong>Raisins secs<\/strong>, amandes<\/a> : <br><sup>AMAP<\/sup> Carottes + Huile d&#8217;Olive + Oignons + Persil + Poireaux + Raisins secs<br><em>+ Amandes effil\u00e9es + Cumin + Curry + Poivre + Sel<\/em><\/p>\n\n\n\n<p><sup>VG<\/sup> <a href=\"https:\/\/fr.wikibooks.org\/wiki\/Livre_de_cuisine\/Carpaccio_de_fromage\">Carpaccio de <strong>Fromage<\/strong><\/a> : <br><sup>AMAP<\/sup> Ail + Fromage de ch\u00e8vre + Huile d&#8217;Olive + Oignons + Persil + Poivrons<br><em><em>+ <\/em>Poivre + Sel<\/em><\/p>\n\n\n\n<p><sup>VG<\/sup> <a href=\"https:\/\/www.ptitchef.com\/recettes\/plat\/clafoutis-d-aubergines-et-carottes-au-curry-fid-1422673\">Clafoutis d&#8217;<strong>Aubergines<\/strong> et <strong>Carottes<\/strong> au curry<\/a> : <br><sup>AMAP<\/sup> Aubergines + Carottes + Farine + Huile d&#8217;Olive + Oeufs + Oignons<br><em>+ Curry + Lait de coco + Poivre + Sel + Thym<\/em><\/p>\n\n\n\n<p><sup>VG<\/sup> <a href=\"https:\/\/www.cuisineactuelle.fr\/recettes\/crumble-de-carottes-et-noisettes-234217#\">Crumble de <strong>Carottes<\/strong> et noisettes<\/a> : <br><sup>AMAP<\/sup> Bouillon (de l\u00e9gumes) + Carottes + Citron + Farine + Huile d&#8217;Olive + Oignons<br><em>+ Beurre + Noisettes + Parmesan + Poivre + Sel<\/em><\/p>\n\n\n\n<p><sup>VG<\/sup> <a href=\"https:\/\/fr.wikibooks.org\/wiki\/Livre_de_cuisine\/Fritade_de_courgettes\">Fritade de <strong>Courgettes<\/strong><\/a> : <br><sup>AMAP<\/sup>  Courgettes + Huile d&#8217;Olive + Oeufs<br><em>+ Oignons + Poivre + Sel<\/em><\/p>\n\n\n\n<p><sup>VG<\/sup> <a href=\"https:\/\/fr.wikibooks.org\/wiki\/Livre_de_cuisine\/Galettes_de_haricots_rouges_au_ma%C3%AFs\">Galettes de <strong>Haricots<\/strong> au <strong>Ma\u00efs<\/strong><\/a> : <br><sup>AMAP<\/sup> Haricots (coco) + Huile v\u00e9g\u00e9tale + Oignons + Ma\u00efs<br><em>+ Chapelure + Poivre + Sel<\/em><\/p>\n\n\n\n<p><sup>VG<\/sup> <a href=\"https:\/\/www.cuisineaz.com\/recettes\/gratin-butternut-pommes-de-terre-103488.aspx\">Gratin <strong>Butternut<\/strong> <strong>Pommes de terre<\/strong><\/a> : <br><sup>AMAP<\/sup> Courge Butternut + Huile d&#8217;Olive + Oignons + Persil + Pommes de terre<br>+ <em>Cr\u00e8me \u00e9paisse + Cumin + Emmental + Parmesan + Poivre + Sel<\/em><\/p>\n\n\n\n<p><sup>VG<\/sup> <a href=\"https:\/\/www.cuisineaz.com\/recettes\/marrons-et-carottes-sautes-34735.aspx\" data-type=\"link\" data-id=\"https:\/\/www.cuisineaz.com\/recettes\/marrons-et-carottes-sautes-34735.aspx\"><strong>Marrons<\/strong> et <strong>Carottes<\/strong> saut\u00e9s<\/a> : <br><sup>AMAP<\/sup> Carottes + Ch\u00e2taignes + Huile d&#8217;Olive + Oignons + Persil<\/p>\n\n\n\n<p><sup>VG<\/sup> <a href=\"https:\/\/fr.wikibooks.org\/wiki\/Livre_de_cuisine\/Mjadra\">Mjadra<\/a> : <br><sup>AMAP<\/sup> Huile d&#8217;Olive + Lentilles + Oignons<br>+ <em>Riz + Poivre + Sel<\/em><\/p>\n\n\n\n<p><sup>VG<\/sup> <a href=\"https:\/\/fr.wikibooks.org\/wiki\/Livre_de_cuisine\/Mogettes_cuisin%C3%A9es\">Mogettes cuisin\u00e9es<\/a> : <br><sup>AMAP<\/sup> Bouillon (de l\u00e9gumes) + Echalotes + Haricots (coco) + Huile de Noix + Huile d&#8217;Olive + Oignons + Tomates<br><em><em><em>+ Laurier <\/em>+ Noix de muscade + Paprika + <\/em>Poivre + Sel + Thym<\/em><\/p>\n\n\n\n<p><sup>VG<\/sup> <a href=\"https:\/\/vegebon.wordpress.com\/2014\/11\/30\/navet-maffe\/\"><strong>Navets<\/strong> maff\u00e9<\/a> : <br><sup>AMAP<\/sup> Coulis de Tomates + Huile d&#8217;Olive + Navets + Oignons + Piments<br><em><em>+ <\/em>Miso\/Bouillon + Poivre + Pur\u00e9e de Cacahu\u00e8tes + Sel<\/em><\/p>\n\n\n\n<p><sup>VG<\/sup> <a href=\"https:\/\/fr.wikibooks.org\/wiki\/Livre_de_cuisine\/P%C3%A2tes_aux_arachides_et_l%C3%A9gumes_r%C3%B4tis\"><strong>P\u00e2tes<\/strong> aux arachides et l\u00e9gumes r\u00f4tis<\/a> : <br><sup>AMAP<\/sup> Ail + Huile d&#8217;Olive + Oignons + P\u00e2tes + Persil + Poivrons + Tomates<br><em>+ Cacahu\u00e8tes + Origan + Poivre + Sel<\/em><\/p>\n\n\n\n<p><sup>VG<\/sup> <a href=\"https:\/\/fr.wikibooks.org\/wiki\/Livre_de_cuisine\/P%C3%A2tes_%C3%A0_la_Trapanese\"><strong>P\u00e2tes<\/strong> \u00e0 la Trapanese<\/a> : <br><sup>AMAP<\/sup> Ail + Basilic + Huile d&#8217;Olive + Oignons + P\u00e2tews + Tomates<br><em>+ Olives + Poivre + Sel<\/em><\/p>\n\n\n\n<p><sup>VG<\/sup> <a href=\"https:\/\/fr.wikibooks.org\/wiki\/Livre_de_cuisine\/Pip%C3%A9rade\">Pip\u00e9rade<\/a> : <br><sup>AMAP<\/sup> Ail + Huile d&#8217;Olive + Oeufs + Oignons + Piments + Poivrons + Tomates<br><em>+ Sel<\/em><\/p>\n\n\n\n<p><sup>VG<\/sup> <a href=\"https:\/\/www.biendecheznous.be\/recettes\/plat-de-lentilles-et-pommes-de-terre-sauce-au-yaourt\">Plat de <strong>Lentilles<\/strong> et <strong>Pommes de terre<\/strong>, sauce <strong>Yaourt<\/strong><\/a> : <br><sup>AMAP<\/sup> Ail + Bouillon (de l\u00e9gumes) + Carottes + Citron vert + Huile d&#8217;Olive + Lentilles + Oignons + Petits pois + Persil + Piment + Poivrons + Pommes de terre + Tomates<br><em>+ Curcuma + Poivre + Sel + Thym<\/em><\/p>\n\n\n\n<p><sup>VG<\/sup> <a href=\"https:\/\/www.cuisineactuelle.fr\/recettes\/poelee-de-navets-pommes-de-terre-et-epinards-frais-204009\">Po\u00eal\u00e9e de <strong>Navets, Pommes de terre et Epinards<\/strong> frais<\/a> : <br><sup>AMAP<\/sup> Epinards + Navets + Oignons + Pommes de terre<br><em><em>+ <\/em>Beurre + Paprika<em> + Poivre<\/em> + Sel<\/em><\/p>\n\n\n\n<p><sup>VG<\/sup> <a href=\"https:\/\/cuisine.journaldesfemmes.fr\/recette\/3117161-poelee-de-patates-douces-sautees-aux-oignons-a-l-ail-et-au-thym\">Po\u00eal\u00e9e de <strong>Patates douces<\/strong> saut\u00e9es aux Oignons, \u00e0 l&#8217;<strong>Ail<\/strong> et au thym<\/a> : <br><sup>AMAP<\/sup> Ail + Huile d&#8217;Olive + Oignons + Patates douces<br><em>+ Poivre + Sel + Thym<\/em><\/p>\n\n\n\n<p><sup>VG<\/sup> <a href=\"https:\/\/astucesaufeminin.com\/pommes-de-terre-au-four-a-la-sauce-tomate-tellement-bonnes\/\" data-type=\"link\" data-id=\"https:\/\/astucesaufeminin.com\/pommes-de-terre-au-four-a-la-sauce-tomate-tellement-bonnes\/\"><strong>Pommes de terre<\/strong> au four \u00e0 la sauce <strong>tomate<\/strong><\/a> : <br><sup>AMAP<\/sup> Coulis de tomate + Huile d&#8217;Olive + Oignon + Pommes de terre<br><em>+ Sel <\/em><\/p>\n\n\n\n<p><sup>VG<\/sup> <a href=\"https:\/\/cuisine.journaldesfemmes.fr\/recette\/338949-puree-de-pommes-de-terre-a-ma-facon\">Pur\u00e9e de <strong>Pommes de terre<\/strong><\/a> : <br><sup>AMAP<\/sup> Oignons + Pommes de terre<br><em>+ Beurre + Cr\u00e8me \u00e9paisse + Emmental r\u00e2p\u00e9 + Lait<\/em><\/p>\n\n\n\n<p><sup>VG<\/sup> <a href=\"https:\/\/fr.wikibooks.org\/wiki\/Livre_de_cuisine\/R%C3%B6sti\">R\u00f6stis<\/a> : <br><sup>AMAP<\/sup> Oignons + Pommes de terre<br><em>+ Beurre + Emmental<\/em><\/p>\n\n\n\n<p><sup>VG<\/sup> <a href=\"https:\/\/www.ptitchef.com\/recettes\/accompagnement\/saute-de-navets-aux-pommes-et-au-miel-fid-193970\">Saut\u00e9 de <strong>Navets<\/strong> aux <strong>Pommes<\/strong> et au <strong>Miel<\/strong><\/a> : <br><sup>AMAP<\/sup> Citron + Huile de Tournesol + Miel + Navets + Noix + Oignons + Pommes<\/p>\n\n\n\n<p><sup>VG<\/sup> <a href=\"https:\/\/fr.wikibooks.org\/wiki\/Livre_de_cuisine\/Soupe_%C3%A0_l%27oignon\">Soupe \u00e0 l&#8217;Oignon<\/a> : <br><sup>AMAP<\/sup> Bi\u00e8re + Bouillon (de l\u00e9gumes) + Farine + Oignons<br>+ <em>Beurre + Emmental + Laurier + Muscade + Poivre + Sel + Thym<\/em><\/p>\n\n\n\n<p><sup>VG<\/sup> <a href=\"https:\/\/fr.wikibooks.org\/wiki\/Livre_de_cuisine\/Soupe_aux_courgettes_et_aux_tomates\">Soupe aux <strong>Courgettes<\/strong> et aux <strong>Tomates<\/strong><\/a> :<br><sup>AMAP<\/sup> Bouillon (de l\u00e9gumes) + Courgettes + Huile d&#8217;Olive + Oignons + Tomates<br><em>+<\/em> <em>Ail + Poivre + Sel + Thym<\/em><\/p>\n\n\n\n<p><sup>VG<\/sup> <a href=\"https:\/\/www.marmiton.org\/recettes\/recette_soupe-courge-butternut-carotte-pomme-de-terre_164727.aspx\">Soupe Courge Butternut, <strong>Carottes<\/strong> et <strong>Pommes de terre<\/strong><\/a> : <br><sup>AMAP<\/sup> Ail + Bouillon (de l\u00e9gumes) + Carottes + Courge Butternut + Huile d&#8217;Olive + Oignons + Pommes + Pommes de terre<br>+ <em>Poivre + Romarin + Sel<\/em><\/p>\n\n\n\n<p><sup>VG<\/sup> <a href=\"https:\/\/www.marmiton.org\/recettes\/recette_soupe-de-carottes-express_36748.aspx\">Soupe de Carottes express<\/a> : <br><sup>AMAP<\/sup> Bouillon (de l\u00e9gumes) + Carottes + Huile d&#8217;Olive + Oignons + Persil + Pommes de terre<br><em>+ Cumin<\/em><\/p>\n\n\n\n<p><sup>VG<\/sup> <a href=\"https:\/\/fr.wikibooks.org\/wiki\/Livre_de_cuisine\/Soupe_minestrone\">Soupe Minestrone<\/a> : <br><sup>AMAP<\/sup> Basilic + Bouillon (de l\u00e9gumes) + Carottes + Chou blanc + Haricots coco + Haricots verts + Huile d&#8217;Olive + Oignons + Petits pois + Pommes de terre + Tomates<br><em>+ <em>Poivre<\/em> + Romarin<\/em> + <em>Sel + Thym<\/em><\/p>\n\n\n\n<p><sup>VG<\/sup> <a href=\"https:\/\/www.recettesduchef.fr\/Recettes\/Soupes\/soupe-legumes-panais.html\">Soupe Panais <strong>Carottes<\/strong><\/a> : <br><sup>AMAP<\/sup> Carottes + Huile d&#8217;Olive + Oignons + Panais + Persil<br><em>+ Cr\u00e8me \u00e9paisse + Cumin + Poivre + Sel<\/em><\/p>\n\n\n\n<p><sup>VG<\/sup> <a href=\"https:\/\/fr.wikibooks.org\/wiki\/Livre_de_cuisine\/Soupe_paysanne\">Soupe Paysanne<\/a> : <br><sup>AMAP<\/sup> Bouillon (de l\u00e9gumes) + Carottes + C\u00e9leri branche + Chou blanc + Epinards + Haricots coco + Haricots verts + Oignons + Poivrons rouges + Pommes de terre<br><em>+ Poivre + Sel<\/em><\/p>\n\n\n\n<p><sup>VG<\/sup> <a href=\"https:\/\/www.marmiton.org\/recettes\/recette_soupe-veloutee-de-potimarron-et-pommes-de-terre_41161.aspx\">Soupe velout\u00e9e de <strong>Potimarron<\/strong> et <strong>Pommes de terre<\/strong><\/a> : <br><sup>AMAP<\/sup> Ail + Bouillon (de l\u00e9gumes) + Oignons + Pommes de terre + Potimarron<br><em>+ Cr\u00e8me \u00e9paisse + Curry + Laurier + Noix de muscade + Poivre + Sel<\/em><\/p>\n\n\n\n<p><sup>VG<\/sup> <a href=\"https:\/\/fr.wikibooks.org\/wiki\/Livre_de_cuisine\/Taboul%C3%A9_exotique_aux_oranges_et_aux_pruneaux\">Taboul\u00e9 exotique aux Oranges et aux pruneaux<\/a> : <br><sup>AMAP<\/sup> Basilic + Bouillon (de l\u00e9gumes) + Huile d&#8217;Olive + Oignons + Oranges + Poivrons + Semoules + Tomates<br><em>+ Menthe + Poivre + Pruneaux + Sel<\/em><\/p>\n\n\n\n<p><sup>VG<\/sup> <a href=\"https:\/\/fr.wikibooks.org\/wiki\/Livre_de_cuisine\/Tarte_au_ch%C3%A8vre\">Tarte au <strong>Ch\u00e8vre<\/strong><\/a> : <br><sup>AMAP<\/sup> Fromage de Ch\u00e8vre + Oeufs + Farine + Oignons + Tomates<br>+ <em>Beurre + Comt\u00e9 + Cr\u00e8me \u00e9paisse + Poivre + Sel<\/em><\/p>\n\n\n\n<p><sup>VG<\/sup> <a href=\"https:\/\/fr.wikibooks.org\/wiki\/Livre_de_cuisine\/Tarte_aux_courgettes\">Tarte aux <strong>Courgettes<\/strong><\/a> : <br><sup>AMAP<\/sup> Carottes + Courgettes + Farine + Oeufs + Oignons<br>+ <em>Beurre + Comt\u00e9 + Cr\u00e8me \u00e9paisse + Poivre + Sel<\/em><\/p>\n\n\n\n<p><sup>VG<\/sup> <a href=\"https:\/\/www.cuisineactuelle.fr\/recettes\/tartiflette-vegetarienne-206699\">Tartiflette v\u00e9g\u00e9tarienne<\/a> : <br><sup>AMAP<\/sup> Ail + Huile d&#8217;Olive + Oignons + Persil + Pommes de terre<br><em>+ Poivre + Reblochon + Sel<\/em><\/p>\n\n\n\n<p><sup>VG<\/sup> <a href=\"https:\/\/www.lesfruitsetlegumesfrais.com\/en-cuisine\/recettes\/tian-de-legumes-dete\">Tian aux l\u00e9gumes d&#8217;\u00e9t\u00e9<\/a> : <br><sup>AMAP<\/sup> Ail + Aubergines + Courgettes + Huile d&#8217;olive + Oignons + Tomates<br><em>+ Laurier + Origan + Sel + Thym<\/em><\/p>\n\n\n\n<p><sup>VG<\/sup> <a href=\"https:\/\/www.marmiton.org\/recettes\/recette_tian-de-pommes-de-terre-et-courgettes_12110.aspx\">Tian <strong>Pommes de terre et Courgettes<\/strong><\/a> : <br><sup>AMAP<\/sup> Courgettes + Huile d&#8217;olive + Oignons + Pommes de terre<br><em>+ Emmental + Poivre + Sel<\/em><\/p>\n\n\n\n<p><sup>VG<\/sup> <a href=\"https:\/\/fr.wikibooks.org\/wiki\/Livre_de_cuisine\/Tortilla\">Tortilla<\/a> : <br><sup>AMAP<\/sup> Huile d&#8217;olive + Oeufs + Oignons + Pommes de terre<br><em>+ Poivre + Sel<\/em><\/p>\n\n\n\n<p><sup>VG<\/sup> <a href=\"https:\/\/www.recettesduchef.fr\/Recettes\/Soupes\/veloute-de-celeri-rave-pomme-granny.html\">Velout\u00e9 de <strong>C\u00e9leri-rave Pommes<\/strong><\/a> : <br><sup>AMAP<\/sup> C\u00e9leri-rave + Huile d&#8217;Olive + Oignons + Pommes<br><em><em>+<\/em> Bouillon + Cr\u00e8me liquide + Poivre + Sauge + Sel + Thym<\/em><\/p>\n\n\n\n<h2 class=\"wp-block-heading\">Plats avec viande<\/h2>\n\n\n\n<p><a href=\"https:\/\/www.750g.com\/aubergines-farcies-r99109.htm\"><strong>Aubergines<\/strong> farcies au Boeuf hach\u00e9<\/a> : <br><sup>AMAP<\/sup> Ail + Aubergines + Boeuf hach\u00e9 + Huile d&#8217;Olive + Oignons + Tomates<br><em><em>+ <\/em>Emmental + Parmesan + Poivre + Sel<\/em><\/p>\n\n\n\n<p><a href=\"https:\/\/fr.wikibooks.org\/wiki\/Livre_de_cuisine\/Couscous\">Couscous<\/a> : <br><sup>AMAP<\/sup> Agneau (collier) + Carottes + Coulis de Tomate + Courgettes + Huile d&#8217;Olive + Navets + Oignons + Pois chiche + Semoule<br><em>+ Raz el hanout<\/em><\/p>\n\n\n\n<p><a href=\"https:\/\/www.cuisineaz.com\/recettes\/gratin-au-chou-vert-103098.aspx\">Gratin au <strong>Chou vert<\/strong><\/a> : <br><sup>AMAP<\/sup> Chou vert + Huile d&#8217;Olive + Oeufs + Oignons<br><em>+ Cr\u00e8me liquide + Emmental + Lardons + Poivre + Sel<\/em><\/p>\n\n\n\n<p><a href=\"https:\/\/www.ptitchef.com\/recettes\/plat\/gratin-de-polenta-a-la-courgette-fid-1112653\">Gratin de <strong>Polenta<\/strong> \u00e0 la <strong>Courgette<\/strong><\/a> : <br><sup>AMAP<\/sup>  Courgettes + Oignons + Polenta<br><em>+ Cr\u00e8me liquide + Lardons<\/em><\/p>\n\n\n\n<p><a href=\"https:\/\/www.hervecuisine.com\/recette\/mijote-de-veau-aux-carottes-et-a-la-coriandre\/\">Mijot\u00e9 de veau aux <strong>Carottes<\/strong> et \u00e0 la coriandre<\/a> : <br><sup>AMAP<\/sup> Carottes + Coriandre + Huile d&#8217;Olive + Oignons + Veau \u00e0 blanquette<br><em><em>+ <\/em>Laurier + Poivre + Sel<\/em><\/p>\n\n\n\n<p><a href=\"https:\/\/fr.wikibooks.org\/wiki\/Livre_de_cuisine\/Poulet_basquaise\"><strong>Poulet<\/strong> basquaise<\/a> : <br><sup>AMAP<\/sup> Ail + Huile d&#8217;Olive + Oignons + Piment + Poivrons + Poulet (cuisses)+ Tomates<br><em>+ Sel<\/em><\/p>\n\n\n\n<p><a href=\"https:\/\/www.atelierdeschefs.fr\/recettes\/12568\/poulet-roti-et-carottes-primeurs\/\"><strong>Poulet<\/strong> r\u00f4ti et <strong>Carottes <\/strong>primeur<\/a> : <br><sup>AMAP<\/sup> Ail + Carottes + Huile d&#8217;olive + Miel + Oignons + Orange (jus) + Poulet entier<br>+ <em>Laurier + Poivre + Sel + Thym<\/em><\/p>\n\n\n\n<p><a href=\"https:\/\/odelices.ouest-france.fr\/recette\/puree-de-pois-casses-a-l-ancienne-r95\/\">Pur\u00e9e de <strong>Pois cass\u00e9s<\/strong> \u00e0 l&#8217;ancienne<\/a> : <br><sup>AMAP<\/sup> Carottes + Oignons + Persil + Pois cass\u00e9s<br><em>+ Lardons + Laurier + <em>Poivre<\/em><\/em> + <em>Sel + Thym<\/em><\/p>\n\n\n\n<p><a href=\"https:\/\/www.marmiton.org\/recettes\/recette_riz-cantonais-facile_27686.aspx\">Riz cantonnais<\/a> : <br><sup>AMAP<\/sup> Huile v\u00e9g\u00e9tale + Jambon + Oeufs + Oignons + Petits Pois<br><em>+ Crevettes + Riz<\/em><\/p>\n\n\n\n<p><a href=\"https:\/\/cuisine.journaldesfemmes.fr\/recette\/3128396-tartiflette-potiron-noisettes-richesmonts\">Tartiflette <strong>Potiron<\/strong> Noisettes<\/a> : <br><sup>AMAP<\/sup> Oignons + Potiron<br><em>+ Beurre + Lardons + Noisettes + Noix de muscade + Poivre + Reblochon + Sel<\/em><\/p>\n\n\n\n<p><a href=\"https:\/\/www.lesfruitsetlegumesfrais.com\/en-cuisine\/recettes\/wok-de-courgettes-et-volaille-aux-noix-de-cajou\">Wok de <strong>Courgettes<\/strong> et <strong>Volaille<\/strong> aux noix de cajou<\/a> : <br><sup>AMAP<\/sup> Ail + Oignons + Courgettes + Huile d&#8217;olive + Poulet (blancs)<br><em>+ Coriandre + Noix de cajou + Poivre + Sel<\/em><\/p>\n\n\n\n<h2 class=\"wp-block-heading\">Sauces<\/h2>\n\n\n\n<p><sup>VG<\/sup> <a href=\"https:\/\/fr.wikibooks.org\/wiki\/Livre_de_cuisine\/Sauce_%C3%A0_l%27oignon_et_au_curry\">Sauce \u00e0 l&#8217;Oignon et au curry<\/a> : <br><sup>AMAP<\/sup> Bouillon de l\u00e9gumes + Huile d&#8217;Olive + Farine + Oignons<br><em>+ Bouillon de Veau + Curry + Poivre + Sel<\/em><\/p>\n\n\n\n<p><a href=\"https:\/\/www.cuisineactuelle.fr\/recettes\/sauce-brune-336992\">Sauce brune<\/a> : <br><sup>AMAP<\/sup> Ail + Farine + Oignons<br><em>+ Bouillon de Veau + Poivre + Sel<\/em><\/p>\n\n\n\n<p><sup>VG<\/sup> <a href=\"https:\/\/fr.wikibooks.org\/wiki\/Livre_de_cuisine\/Sauce_chien\">Sauce chien<\/a> : <br><sup>AMAP<\/sup>  Ail + Citron + Civette + Echalotes + Huile d&#8217;Olive + Oignons jaunes + Persil + Piment + Vinaigre<br><em>+ Laurier + Poivre + Sel + Thym<\/em><\/p>\n\n\n\n<p><a href=\"https:\/\/www.cuisineaz.com\/recettes\/sauce-demi-glace-102360.aspx\">Sauce demi-glace<\/a> : <br><sup>AMAP<\/sup> Bouillon de Poule + Farine + Oignons<br><em>+ Beurre + Sel + Sucre<\/em><\/p>\n","protected":false},"excerpt":{"rendered":"<p>Plats v\u00e9g\u00e9tariens VG Aubergines farcies v\u00e9g\u00e9tariennes : AMAP Ail + Aubergines + Citron + Huile d&#8217;olive + Oignons + Tomates+ Origan + Pignons de pin + Poivre + Romarin + Sel + Sucre + Thym VG Biscuits sal\u00e9s maison aux Oignons : AMAP Farine + Oeufs + Oignons + Persil+ Beurre + Levure chimique + &hellip; <a href=\"https:\/\/www.amaporte.org\/index.php\/amaporte\/produits\/recettes\/recettes-oignons-jaunes\/\" class=\"more-link\">Lire la suite de <span class=\"screen-reader-text\">Recettes aux Oignons jaunes<\/span><\/a><\/p>\n","protected":false},"author":1,"featured_media":0,"parent":258,"menu_order":0,"comment_status":"closed","ping_status":"closed","template":"","meta":{"footnotes":""},"categories":[5],"tags":[4],"class_list":["post-411","page","type-page","status-publish","hentry","category-recettes-specifiques","tag-recettes"],"_links":{"self":[{"href":"https:\/\/www.amaporte.org\/index.php\/wp-json\/wp\/v2\/pages\/411","targetHints":{"allow":["GET"]}}],"collection":[{"href":"https:\/\/www.amaporte.org\/index.php\/wp-json\/wp\/v2\/pages"}],"about":[{"href":"https:\/\/www.amaporte.org\/index.php\/wp-json\/wp\/v2\/types\/page"}],"author":[{"embeddable":true,"href":"https:\/\/www.amaporte.org\/index.php\/wp-json\/wp\/v2\/users\/1"}],"replies":[{"embeddable":true,"href":"https:\/\/www.amaporte.org\/index.php\/wp-json\/wp\/v2\/comments?post=411"}],"version-history":[{"count":0,"href":"https:\/\/www.amaporte.org\/index.php\/wp-json\/wp\/v2\/pages\/411\/revisions"}],"up":[{"embeddable":true,"href":"https:\/\/www.amaporte.org\/index.php\/wp-json\/wp\/v2\/pages\/258"}],"wp:attachment":[{"href":"https:\/\/www.amaporte.org\/index.php\/wp-json\/wp\/v2\/media?parent=411"}],"wp:term":[{"taxonomy":"category","embeddable":true,"href":"https:\/\/www.amaporte.org\/index.php\/wp-json\/wp\/v2\/categories?post=411"},{"taxonomy":"post_tag","embeddable":true,"href":"https:\/\/www.amaporte.org\/index.php\/wp-json\/wp\/v2\/tags?post=411"}],"curies":[{"name":"wp","href":"https:\/\/api.w.org\/{rel}","templated":true}]}}