{"id":398,"date":"2024-01-17T10:36:22","date_gmt":"2024-01-17T09:36:22","guid":{"rendered":"https:\/\/lescalamb.ovh\/?page_id=398"},"modified":"2025-10-14T23:59:25","modified_gmt":"2025-10-14T21:59:25","slug":"producteurs","status":"publish","type":"page","link":"https:\/\/www.amaporte.org\/index.php\/amaporte\/produits\/producteurs\/","title":{"rendered":"Producteurs"},"content":{"rendered":"\n<p>Les l\u00e9gumes et \u0153ufs bio sont produits par Nicolas Lagier-Tourenne du GAEC Brut de Bio \u00e0 Rognes (13).<\/p>\n\n\n\n<p>Les autres producteurs bio sont situ\u00e9s \u00e0 Lambesc, Rognes, St-Est\u00e8ve-Janson, Meyrargues, Eygui\u00e8res, La Roque-d&#8217;Anth\u00e9ron, Raph\u00e8le-l\u00e8s-Arles, Coudoux, Merindol, &#8230; En voici la liste exhaustive :<\/p>\n\n\n\n<ul class=\"wp-block-list\">\n<li>Pain : EARL St Paulin &#8211; Patrick et Marie-Christine Cots &#8211; Rognes (13)<\/li>\n\n\n\n<li>Vin : Domaine Beauchamp &#8211; Lambesc (13)<\/li>\n\n\n\n<li>Fruits rouges frais, produits d\u00e9riv\u00e9s de fruits rouges, tisanes : La Ferme de Cabri\u00e8res &#8211; Marjorie Blanc et Adrien Roig &#8211;  Lambesc (13)<\/li>\n\n\n\n<li>Miel bio : Le Rucher de la Trevaresse &#8211; Ugo Bondil &#8211; St Est\u00e8ve-Janson (13)<\/li>\n\n\n\n<li>Fromages de Ch\u00e8vre, produits d\u00e9riv\u00e9s du lait de Ch\u00e8vre, charcuterie : La Ferme Enchant\u00e9e de Carole &#8211; Carole Faudon &#8211; Eygui\u00e8res (13)<\/li>\n\n\n\n<li>Huile d&#8217;Olive : GAEC La Jacourelle &#8211; Sandrine et Fran\u00e7ois Borel &#8211; La Roque-d&#8217;Anth\u00e9ron (13)<\/li>\n\n\n\n<li>Agneau, Brebis, Jeune Bovin, Taureau, Porc, Veau : EARL Les Deux Rives &#8211; Magali et Julien Roux &#8211; Raph\u00e8le-l\u00e8s-Arles (13)<\/li>\n\n\n\n<li>Pleurotes fra\u00eeches, produits d\u00e9riv\u00e9s des pleurotes : Champi &amp; Compagnie &#8211; Thierry et Johanna &#8211; Coudoux (13)<\/li>\n\n\n\n<li>Pommes et Jus de pommes : EARL des Vaudois &#8211; Rudy Boudoire &#8211; Merindol (84)<\/li>\n\n\n\n<li>Poulets, Pintades, volailles cuisin\u00e9es : Le Champ du Coq &#8211; Elisabeth Company &#8211; L&#8217;Isle-sur-la-Sorgue (84)<\/li>\n\n\n\n<li>Noix, produits d\u00e9riv\u00e9s de la noix, petit \u00e9peautre, tisanes : Valdinoix GAEC du Prieur\u00e9 &#8211; Aurore et G\u00e9rard Tenoux &#8211; Bruis, Valdoule (05)<\/li>\n\n\n\n<li>Ch\u00e2taignes et produits d\u00e9riv\u00e9s de la ch\u00e2taigne : Lilian Cladel &#8211; L&#8217;Adrech, Gabriac (48)<\/li>\n\n\n\n<li>Agrumes, Raisins secs, Pur\u00e9e de s\u00e9same de Gr\u00e8ce : Koinobio Cooperative &#8211; Antonis Diamantidis &#8211; Corinthe, Gr\u00e8ce<\/li>\n\n\n\n<li>Tisanes et Cosm\u00e9tiques de soin : Malika Porot &#8211; Salon de Provence<\/li>\n<\/ul>\n\n\n\n<p>Pour plus de d\u00e9tails sur les produits propos\u00e9s :<\/p>\n\n\n\n<ul class=\"wp-block-list\">\n<li>la <a href=\"https:\/\/www.amaporte.org\/index.php\/amaporte\/produits\/produits-maraichers\/\" data-type=\"page\" data-id=\"394\">liste des produits mara\u00eechers<\/a> propos\u00e9s dans le contrat mara\u00eecher<\/li>\n\n\n\n<li>la <a href=\"https:\/\/www.amaporte.org\/index.php\/amaporte\/produits\/produits-annexes\/\" data-type=\"page\" data-id=\"92\">liste compl\u00e8te des produits<\/a> propos\u00e9s dans les contrats annexes au contrat mara\u00eecher.<\/li>\n<\/ul>\n\n\n\n<p>En savoir plus :<\/p>\n\n\n\n<div class=\"wp-block-columns is-layout-flex wp-container-core-columns-is-layout-9d6595d7 wp-block-columns-is-layout-flex\">\n<div class=\"wp-block-column is-layout-flow wp-block-column-is-layout-flow\">\n<figure class=\"wp-block-embed is-type-wp-embed is-provider-amaporte wp-block-embed-amaporte\"><div class=\"wp-block-embed__wrapper\">\n<blockquote class=\"wp-embedded-content\" data-secret=\"oVyR4AxBFh\"><a href=\"https:\/\/www.amaporte.org\/index.php\/amaporte\/produits\/produits-maraichers\/\">Produits mara\u00eechers<\/a><\/blockquote><iframe loading=\"lazy\" class=\"wp-embedded-content\" sandbox=\"allow-scripts\" security=\"restricted\" style=\"position: absolute; clip: rect(1px, 1px, 1px, 1px);\" title=\"\u00ab\u00a0Produits mara\u00eechers\u00a0\u00bb &#8212; AMAPorte\" src=\"https:\/\/www.amaporte.org\/index.php\/amaporte\/produits\/produits-maraichers\/embed\/#?secret=AOKzxQ60lw#?secret=oVyR4AxBFh\" data-secret=\"oVyR4AxBFh\" width=\"600\" height=\"338\" frameborder=\"0\" marginwidth=\"0\" marginheight=\"0\" scrolling=\"no\"><\/iframe>\n<\/div><\/figure>\n<\/div>\n\n\n\n<div class=\"wp-block-column is-layout-flow wp-block-column-is-layout-flow\">\n<figure class=\"wp-block-embed is-type-wp-embed is-provider-amaporte wp-block-embed-amaporte\"><div class=\"wp-block-embed__wrapper\">\n<blockquote class=\"wp-embedded-content\" data-secret=\"lZl6NDwj3i\"><a href=\"https:\/\/www.amaporte.org\/index.php\/amaporte\/produits\/produits-annexes\/\">Produits annexes<\/a><\/blockquote><iframe loading=\"lazy\" class=\"wp-embedded-content\" sandbox=\"allow-scripts\" security=\"restricted\" style=\"position: absolute; clip: rect(1px, 1px, 1px, 1px);\" title=\"\u00ab\u00a0Produits annexes\u00a0\u00bb &#8212; AMAPorte\" src=\"https:\/\/www.amaporte.org\/index.php\/amaporte\/produits\/produits-annexes\/embed\/#?secret=UqWrCTXNrE#?secret=lZl6NDwj3i\" data-secret=\"lZl6NDwj3i\" width=\"600\" height=\"338\" frameborder=\"0\" marginwidth=\"0\" marginheight=\"0\" scrolling=\"no\"><\/iframe>\n<\/div><\/figure>\n<\/div>\n<\/div>\n","protected":false},"excerpt":{"rendered":"<p>Les l\u00e9gumes et \u0153ufs bio sont produits par Nicolas Lagier-Tourenne du GAEC Brut de Bio \u00e0 Rognes (13). Les autres producteurs bio sont situ\u00e9s \u00e0 Lambesc, Rognes, St-Est\u00e8ve-Janson, Meyrargues, Eygui\u00e8res, La Roque-d&#8217;Anth\u00e9ron, Raph\u00e8le-l\u00e8s-Arles, Coudoux, Merindol, &#8230; En voici la liste exhaustive : Pour plus de d\u00e9tails sur les produits propos\u00e9s : En savoir plus :<\/p>\n","protected":false},"author":1,"featured_media":0,"parent":388,"menu_order":0,"comment_status":"closed","ping_status":"closed","template":"","meta":{"footnotes":""},"categories":[],"tags":[],"class_list":["post-398","page","type-page","status-publish","hentry"],"_links":{"self":[{"href":"https:\/\/www.amaporte.org\/index.php\/wp-json\/wp\/v2\/pages\/398","targetHints":{"allow":["GET"]}}],"collection":[{"href":"https:\/\/www.amaporte.org\/index.php\/wp-json\/wp\/v2\/pages"}],"about":[{"href":"https:\/\/www.amaporte.org\/index.php\/wp-json\/wp\/v2\/types\/page"}],"author":[{"embeddable":true,"href":"https:\/\/www.amaporte.org\/index.php\/wp-json\/wp\/v2\/users\/1"}],"replies":[{"embeddable":true,"href":"https:\/\/www.amaporte.org\/index.php\/wp-json\/wp\/v2\/comments?post=398"}],"version-history":[{"count":14,"href":"https:\/\/www.amaporte.org\/index.php\/wp-json\/wp\/v2\/pages\/398\/revisions"}],"predecessor-version":[{"id":2721,"href":"https:\/\/www.amaporte.org\/index.php\/wp-json\/wp\/v2\/pages\/398\/revisions\/2721"}],"up":[{"embeddable":true,"href":"https:\/\/www.amaporte.org\/index.php\/wp-json\/wp\/v2\/pages\/388"}],"wp:attachment":[{"href":"https:\/\/www.amaporte.org\/index.php\/wp-json\/wp\/v2\/media?parent=398"}],"wp:term":[{"taxonomy":"category","embeddable":true,"href":"https:\/\/www.amaporte.org\/index.php\/wp-json\/wp\/v2\/categories?post=398"},{"taxonomy":"post_tag","embeddable":true,"href":"https:\/\/www.amaporte.org\/index.php\/wp-json\/wp\/v2\/tags?post=398"}],"curies":[{"name":"wp","href":"https:\/\/api.w.org\/{rel}","templated":true}]}}