{"id":394,"date":"2024-01-17T10:34:57","date_gmt":"2024-01-17T09:34:57","guid":{"rendered":"https:\/\/lescalamb.ovh\/?page_id=394"},"modified":"2024-05-12T22:42:47","modified_gmt":"2024-05-12T20:42:47","slug":"produits-maraichers","status":"publish","type":"page","link":"https:\/\/www.amaporte.org\/index.php\/amaporte\/produits\/produits-maraichers\/","title":{"rendered":"Produits mara\u00eechers"},"content":{"rendered":"\n<p>Les adh\u00e9rents d&#8217;AMAP&#8217;orte viennent \u00e0 chaque distribution constituer un panier de l\u00e9gumes vari\u00e9s.<\/p>\n\n\n\n<p>Sur une ann\u00e9e, le producteur mara\u00eecher propose plus d&#8217;une cinquantaine de l\u00e9gumes\/fruits\/aromates diff\u00e9rents ! Nous avons constitu\u00e9 une liste de ces l\u00e9gumes par saison, ainsi que des id\u00e9es de recettes de saison.<\/p>\n\n\n\n<p>Si vous souhaitez vous inscrire en liste d&#8217;attente pour devenir adh\u00e9rent d&#8217;AMAP&#8217;orte, veuillez consulter la page <a href=\"https:\/\/www.amaporte.org\/index.php\/amaporte\/les-motivations-pour-s-inscrire-dans-une-amap\/\" data-type=\"page\" data-id=\"88\">Les Motivations pour s&#8217;inscrire dans une AMAP<\/a> puis <a href=\"https:\/\/www.amaporte.org\/index.php\/nous-contacter\/\" data-type=\"page\" data-id=\"2425\">Nous contacter<\/a>.<\/p>\n\n\n\n<p>En automne\u00a0et en hiver :<\/p>\n\n\n\n<ul class=\"wp-block-list\">\n<li><a href=\"https:\/\/www.amaporte.org\/index.php\/amaporte\/produits\/recettes\/recettes-artichauts\/\">Artichauts<\/a><\/li>\n\n\n\n<li>Betteraves rouges<\/li>\n\n\n\n<li><a href=\"https:\/\/www.amaporte.org\/index.php\/public\/produits\/recettes\/recettes-blettes\/\">Blettes<\/a><\/li>\n\n\n\n<li><a href=\"https:\/\/www.amaporte.org\/index.php\/public\/produits\/recettes\/recettes-brocoli\/\">Brocoli<\/a><\/li>\n\n\n\n<li><a href=\"https:\/\/www.amaporte.org\/index.php\/public\/produits\/recettes\/recettes-carottes\/\">Carottes<\/a><\/li>\n\n\n\n<li><a href=\"https:\/\/www.amaporte.org\/index.php\/public\/produits\/recettes\/recettes-chou-fleur\/\">Chou-fleur<\/a><\/li>\n\n\n\n<li>Chou Romanesco<\/li>\n\n\n\n<li><a href=\"https:\/\/www.amaporte.org\/index.php\/public\/produits\/recettes\/recettes-chou-rouge\/\">Chou rouge<\/a><\/li>\n\n\n\n<li><a href=\"https:\/\/www.amaporte.org\/index.php\/public\/produits\/recettes\/recettes-coulis-tomates\">Coulis de tomates<\/a><\/li>\n\n\n\n<li><a href=\"https:\/\/www.amaporte.org\/index.php\/public\/produits\/recettes\/recettes-courge-butternut\/\">Courge butternut<\/a><\/li>\n\n\n\n<li>Courge spaghetti<\/li>\n\n\n\n<li><a href=\"https:\/\/www.amaporte.org\/index.php\/public\/produits\/recettes\/recettes-epinards\/\">\u00c9pinards<\/a><\/li>\n\n\n\n<li><a href=\"https:\/\/www.amaporte.org\/index.php\/public\/produits\/recettes\/recettes-fenouil\/\">Fenouil<\/a><\/li>\n\n\n\n<li>M\u00e2che<\/li>\n\n\n\n<li><a href=\"https:\/\/www.amaporte.org\/index.php\/public\/produits\/recettes\/recettes-navets\/\">Navets<\/a><\/li>\n\n\n\n<li><a href=\"https:\/\/www.amaporte.org\/index.php\/public\/produits\/recettes\/recettes-panais\/\">Panais<\/a><\/li>\n\n\n\n<li><a href=\"https:\/\/www.amaporte.org\/index.php\/public\/produits\/recettes\/recettes-patates-douces\/\">Patate douce<\/a><\/li>\n\n\n\n<li><a href=\"https:\/\/www.amaporte.org\/index.php\/public\/produits\/recettes\/recettes-poireaux\/\">Poireaux<\/a><\/li>\n\n\n\n<li><a href=\"https:\/\/www.amaporte.org\/index.php\/public\/produits\/recettes\/recettes-pois-chiches\">Pois chiche<\/a><\/li>\n\n\n\n<li><a href=\"https:\/\/www.amaporte.org\/index.php\/public\/produits\/recettes\/recettes-potiron\/\">Potiron<\/a><\/li>\n\n\n\n<li>Radis noir<\/li>\n\n\n\n<li>Radis &#8220;red meat&#8221;<\/li>\n\n\n\n<li>Radis roses<\/li>\n\n\n\n<li>Salades vertes<\/li>\n<\/ul>\n\n\n\n<p>En hiver&nbsp;:<\/p>\n\n\n\n<ul class=\"wp-block-list\">\n<li>C\u00e9leri-rave<\/li>\n\n\n\n<li><a href=\"https:\/\/www.amaporte.org\/index.php\/public\/produits\/recettes\/recettes-chou-blanc\/\">Chou blanc<\/a><\/li>\n\n\n\n<li>Choux de Bruxelles<\/li>\n\n\n\n<li><a href=\"https:\/\/www.amaporte.org\/index.php\/public\/produits\/recettes\/recettes-chou-vert\/\">Chou vert<\/a><\/li>\n\n\n\n<li><a href=\"https:\/\/www.amaporte.org\/index.php\/public\/produits\/recettes\/recettes-chou-kale\/\">Chou Kale<\/a><\/li>\n\n\n\n<li><a href=\"https:\/\/www.amaporte.org\/index.php\/public\/produits\/recettes\/recettes-topinambours\/\">Topinambours<\/a><\/li>\n<\/ul>\n\n\n\n<p>Au printemps et en \u00e9t\u00e9&nbsp;:<\/p>\n\n\n\n<ul class=\"wp-block-list\">\n<li>Ail<\/li>\n\n\n\n<li><a href=\"https:\/\/www.amaporte.org\/index.php\/public\/produits\/recettes\/recettes-artichauts\/\">Artichauts<\/a><\/li>\n\n\n\n<li><a href=\"https:\/\/www.amaporte.org\/index.php\/public\/produits\/recettes\/recettes-aubergines\/\">Aubergines<\/a><\/li>\n\n\n\n<li><a href=\"https:\/\/www.amaporte.org\/index.php\/public\/produits\/recettes\/recettes-basilic\/\">Basilic<\/a><\/li>\n\n\n\n<li>Chou-rave<\/li>\n\n\n\n<li><a href=\"https:\/\/www.amaporte.org\/index.php\/public\/produits\/recettes\/recettes-concombre\/\">Concombre<\/a><\/li>\n\n\n\n<li><a href=\"https:\/\/www.amaporte.org\/index.php\/public\/produits\/recettes\/recettes-courgettes\/\">Courgettes<\/a><\/li>\n<\/ul>\n\n\n\n<ul class=\"wp-block-list\">\n<li><a href=\"https:\/\/www.amaporte.org\/index.php\/public\/produits\/recettes\/recettes-echalotes\/\">Echalotes<\/a><\/li>\n\n\n\n<li><a href=\"https:\/\/www.amaporte.org\/index.php\/public\/produits\/recettes\/recettes-fraises\/\">Fraises<\/a><\/li>\n<\/ul>\n\n\n\n<ul class=\"wp-block-list\">\n<li>Haricots plats<\/li>\n\n\n\n<li><a href=\"https:\/\/www.amaporte.org\/index.php\/public\/produits\/recettes\/recettes-haricots-verts\/\">Haricots verts<\/a><\/li>\n<\/ul>\n\n\n\n<ul class=\"wp-block-list\">\n<li>Menthe<\/li>\n\n\n\n<li>Persil<\/li>\n\n\n\n<li>Petits pois<\/li>\n\n\n\n<li>Pois croquants<\/li>\n\n\n\n<li>Pois gourmands<\/li>\n\n\n\n<li><a href=\"https:\/\/www.amaporte.org\/index.php\/public\/produits\/recettes\/recettes-poivrons\/\">Poivrons<\/a><\/li>\n\n\n\n<li>Salade verte<\/li>\n\n\n\n<li><a href=\"https:\/\/www.amaporte.org\/index.php\/public\/produits\/recettes\/recettes-tomates\/\">Tomates<\/a><\/li>\n<\/ul>\n\n\n\n<p>En \u00e9t\u00e9&nbsp;:<\/p>\n\n\n\n<ul class=\"wp-block-list\">\n<li><a href=\"https:\/\/www.amaporte.org\/index.php\/public\/produits\/recettes\/recettes-fenouil\/\">Fenouil<\/a><\/li>\n\n\n\n<li><a href=\"https:\/\/www.amaporte.org\/index.php\/amaporte\/produits\/recettes\/recettes-feves\/\">F\u00e8ves<\/a><\/li>\n\n\n\n<li><a href=\"https:\/\/www.amaporte.org\/index.php\/public\/produits\/recettes\/recettes-haricots-coco\/\">Haricots coco<\/a><\/li>\n\n\n\n<li><a href=\"https:\/\/www.amaporte.org\/index.php\/public\/produits\/recettes\/recettes-lentilles\/\">Lentilles<\/a><\/li>\n\n\n\n<li><a href=\"https:\/\/www.amaporte.org\/index.php\/public\/produits\/recettes\/recettes-mais\/\">Ma\u00efs<\/a><\/li>\n\n\n\n<li>Melons charentais<\/li>\n\n\n\n<li>Melons canari<\/li>\n\n\n\n<li>Past\u00e8ques<\/li>\n\n\n\n<li><a href=\"https:\/\/www.amaporte.org\/index.php\/public\/produits\/recettes\/recettes-pois-chiches\/\">Pois chiches<\/a><\/li>\n<\/ul>\n\n\n\n<p>En toute saison&nbsp;:<\/p>\n\n\n\n<ul class=\"wp-block-list\">\n<li>Oignons <a href=\"https:\/\/www.amaporte.org\/index.php\/public\/produits\/recettes\/recettes-oignons-jaunes\/\">jaunes<\/a>, <a href=\"https:\/\/www.amaporte.org\/index.php\/public\/produits\/recettes\/recettes-oignons-blancs\/\">blancs<\/a> ou rouges<\/li>\n\n\n\n<li><a href=\"https:\/\/www.amaporte.org\/index.php\/public\/produits\/recettes\/recettes-pommes-de-terre\/\">Pommes de terre<\/a> (diff\u00e9rentes vari\u00e9t\u00e9s)<\/li>\n<\/ul>\n\n\n\n<p>En savoir plus :<\/p>\n\n\n\n<div class=\"wp-block-columns is-layout-flex wp-container-core-columns-is-layout-9d6595d7 wp-block-columns-is-layout-flex\">\n<div class=\"wp-block-column is-layout-flow wp-block-column-is-layout-flow\">\n<figure class=\"wp-block-embed is-type-wp-embed is-provider-amaporte wp-block-embed-amaporte\"><div class=\"wp-block-embed__wrapper\">\n<blockquote class=\"wp-embedded-content\" data-secret=\"gZlTHfAc5q\"><a href=\"https:\/\/www.amaporte.org\/index.php\/amaporte\/produits\/produits-annexes\/\">Produits annexes<\/a><\/blockquote><iframe loading=\"lazy\" class=\"wp-embedded-content\" sandbox=\"allow-scripts\" security=\"restricted\" style=\"position: absolute; clip: rect(1px, 1px, 1px, 1px);\" title=\"\u00ab\u00a0Produits annexes\u00a0\u00bb &#8212; AMAPorte\" src=\"https:\/\/www.amaporte.org\/index.php\/amaporte\/produits\/produits-annexes\/embed\/#?secret=XWdtt3QG0z#?secret=gZlTHfAc5q\" data-secret=\"gZlTHfAc5q\" width=\"600\" height=\"338\" frameborder=\"0\" marginwidth=\"0\" marginheight=\"0\" scrolling=\"no\"><\/iframe>\n<\/div><\/figure>\n<\/div>\n\n\n\n<div class=\"wp-block-column is-layout-flow wp-block-column-is-layout-flow\">\n<figure class=\"wp-block-embed is-type-wp-embed is-provider-amaporte wp-block-embed-amaporte\"><div class=\"wp-block-embed__wrapper\">\n<blockquote class=\"wp-embedded-content\" data-secret=\"KEc8RdWyvz\"><a href=\"https:\/\/www.amaporte.org\/index.php\/amaporte\/produits\/producteurs\/\">Producteurs<\/a><\/blockquote><iframe loading=\"lazy\" class=\"wp-embedded-content\" sandbox=\"allow-scripts\" security=\"restricted\" style=\"position: absolute; clip: rect(1px, 1px, 1px, 1px);\" title=\"\u00ab\u00a0Producteurs\u00a0\u00bb &#8212; AMAPorte\" src=\"https:\/\/www.amaporte.org\/index.php\/amaporte\/produits\/producteurs\/embed\/#?secret=vcuo9Y7wUO#?secret=KEc8RdWyvz\" data-secret=\"KEc8RdWyvz\" width=\"600\" height=\"338\" frameborder=\"0\" marginwidth=\"0\" marginheight=\"0\" scrolling=\"no\"><\/iframe>\n<\/div><\/figure>\n<\/div>\n<\/div>\n","protected":false},"excerpt":{"rendered":"<p>Les adh\u00e9rents d&#8217;AMAP&#8217;orte viennent \u00e0 chaque distribution constituer un panier de l\u00e9gumes vari\u00e9s. Sur une ann\u00e9e, le producteur mara\u00eecher propose plus d&#8217;une cinquantaine de l\u00e9gumes\/fruits\/aromates diff\u00e9rents ! Nous avons constitu\u00e9 une liste de ces l\u00e9gumes par saison, ainsi que des id\u00e9es de recettes de saison. Si vous souhaitez vous inscrire en liste d&#8217;attente pour devenir &hellip; <a href=\"https:\/\/www.amaporte.org\/index.php\/amaporte\/produits\/produits-maraichers\/\" class=\"more-link\">Lire la suite de <span class=\"screen-reader-text\">Produits mara\u00eechers<\/span><\/a><\/p>\n","protected":false},"author":1,"featured_media":0,"parent":388,"menu_order":0,"comment_status":"closed","ping_status":"closed","template":"","meta":{"footnotes":""},"categories":[],"tags":[],"class_list":["post-394","page","type-page","status-publish","hentry"],"_links":{"self":[{"href":"https:\/\/www.amaporte.org\/index.php\/wp-json\/wp\/v2\/pages\/394","targetHints":{"allow":["GET"]}}],"collection":[{"href":"https:\/\/www.amaporte.org\/index.php\/wp-json\/wp\/v2\/pages"}],"about":[{"href":"https:\/\/www.amaporte.org\/index.php\/wp-json\/wp\/v2\/types\/page"}],"author":[{"embeddable":true,"href":"https:\/\/www.amaporte.org\/index.php\/wp-json\/wp\/v2\/users\/1"}],"replies":[{"embeddable":true,"href":"https:\/\/www.amaporte.org\/index.php\/wp-json\/wp\/v2\/comments?post=394"}],"version-history":[{"count":8,"href":"https:\/\/www.amaporte.org\/index.php\/wp-json\/wp\/v2\/pages\/394\/revisions"}],"predecessor-version":[{"id":2514,"href":"https:\/\/www.amaporte.org\/index.php\/wp-json\/wp\/v2\/pages\/394\/revisions\/2514"}],"up":[{"embeddable":true,"href":"https:\/\/www.amaporte.org\/index.php\/wp-json\/wp\/v2\/pages\/388"}],"wp:attachment":[{"href":"https:\/\/www.amaporte.org\/index.php\/wp-json\/wp\/v2\/media?parent=394"}],"wp:term":[{"taxonomy":"category","embeddable":true,"href":"https:\/\/www.amaporte.org\/index.php\/wp-json\/wp\/v2\/categories?post=394"},{"taxonomy":"post_tag","embeddable":true,"href":"https:\/\/www.amaporte.org\/index.php\/wp-json\/wp\/v2\/tags?post=394"}],"curies":[{"name":"wp","href":"https:\/\/api.w.org\/{rel}","templated":true}]}}