{"id":258,"date":"2024-01-16T09:20:08","date_gmt":"2024-01-16T08:20:08","guid":{"rendered":"https:\/\/lescalamb.ovh\/?page_id=258"},"modified":"2024-05-12T22:51:55","modified_gmt":"2024-05-12T20:51:55","slug":"recettes","status":"publish","type":"page","link":"https:\/\/www.amaporte.org\/index.php\/amaporte\/produits\/recettes\/","title":{"rendered":"Recettes"},"content":{"rendered":"\n<p>Voici des propositions de <strong>recettes avec les l\u00e9gumes de la semaine<\/strong> :<\/p>\n\n\n\n<div class=\"wp-block-group\"><div class=\"wp-block-group__inner-container is-layout-constrained wp-block-group-is-layout-constrained\">\n<div class=\"wp-block-columns is-layout-flex wp-container-core-columns-is-layout-9d6595d7 wp-block-columns-is-layout-flex\">\n<div class=\"wp-block-column is-layout-flow wp-block-column-is-layout-flow\" style=\"flex-basis:100%\">\n<figure class=\"wp-block-gallery has-nested-images columns-default is-cropped wp-block-gallery-1 is-layout-flex wp-block-gallery-is-layout-flex\">\n<figure class=\"wp-block-image size-large\"><a href=\"https:\/\/www.amaporte.org\/index.php\/amaporte\/produits\/recettes\/recettes-oignons-jaunes\/\"><img decoding=\"async\" data-id=\"414\" src=\"https:\/\/lescalamb.ovh\/wp-content\/uploads\/2024\/01\/AMAPorte_IllustrationOignonsJaunes_Starr_070730-7810_Allium_cepa-768x1024.jpg\" alt=\"\" class=\"wp-image-414\"\/><\/a><figcaption class=\"wp-element-caption\"><a href=\"https:\/\/www.amaporte.org\/index.php\/amaporte\/produits\/recettes\/recettes-oignons-jaunes\/\">Recettes avec des Oignons jaunes<\/a><\/figcaption><\/figure>\n\n\n\n<figure class=\"wp-block-image size-large\"><a href=\"https:\/\/www.amaporte.org\/index.php\/amaporte\/produits\/recettes\/recettes-carottes\/\"><img decoding=\"async\" data-id=\"564\" src=\"https:\/\/lescalamb.ovh\/wp-content\/uploads\/2024\/01\/AMAPorte_IllustrationCarottes_5_58_Carot.jpg\" alt=\"\" class=\"wp-image-564\"\/><\/a><figcaption class=\"wp-element-caption\"><a href=\"https:\/\/www.amaporte.org\/index.php\/amaporte\/produits\/recettes\/recettes-carottes\/\">Recettes avec des Carottes<\/a><\/figcaption><\/figure>\n<\/figure>\n<\/div>\n<\/div>\n<\/div><\/div>\n\n\n\n<p><\/p>\n\n\n\n<details class=\"wp-block-details is-layout-flow wp-block-details-is-layout-flow\"><summary>Recettes avec les l\u00e9gumes d&#8217;\u00e9t\u00e9 : cliquez ici<\/summary>\n<figure class=\"wp-block-gallery has-nested-images columns-default is-cropped wp-block-gallery-2 is-layout-flex wp-block-gallery-is-layout-flex\">\n<figure class=\"wp-block-image size-large\"><a href=\"https:\/\/www.amaporte.org\/index.php\/public\/produits\/recettes\/recettes-courgettes\/\"><img decoding=\"async\" data-id=\"563\" src=\"https:\/\/lescalamb.ovh\/wp-content\/uploads\/2024\/01\/AMAPorte_IllustrationCourgettes-2020-08-02_Courgettes_Cucurbita_pepo_Trimingham_Norfolk-1024x740.jpg\" alt=\"\" class=\"wp-image-563\"\/><\/a><figcaption class=\"wp-element-caption\"><a href=\"https:\/\/www.amaporte.org\/index.php\/public\/produits\/recettes\/recettes-courgettes\/\">Recettes avec des Courgettes<\/a><\/figcaption><\/figure>\n<\/figure>\n<\/details>\n\n\n\n<p><\/p>\n\n\n\n<p><strong>Recettes avec les produits des contrats annexes de l&#8217;hiver<\/strong> :<\/p>\n\n\n\n<figure class=\"wp-block-gallery has-nested-images columns-default is-cropped wp-block-gallery-3 is-layout-flex wp-block-gallery-is-layout-flex\">\n<figure class=\"wp-block-image size-large\"><img decoding=\"async\" data-id=\"243\" src=\"https:\/\/lescalamb.ovh\/wp-content\/uploads\/2024\/01\/AMAPorte_IllustrationAgrumes_e_e4_Citrus_fruits-edited-1.jpg\" alt=\"\" class=\"wp-image-243\"\/><figcaption class=\"wp-element-caption\">Recettes avec des Agrumes<\/figcaption><\/figure>\n\n\n\n<figure class=\"wp-block-image size-large\"><img decoding=\"async\" data-id=\"216\" src=\"https:\/\/lescalamb.ovh\/wp-content\/uploads\/2024\/01\/AMAPorte_IllustrationNoix_5_50_Juglans_regia_001-1024x768.jpg\" alt=\"\" class=\"wp-image-216\"\/><figcaption class=\"wp-element-caption\">Recettes avec des Noix<\/figcaption><\/figure>\n\n\n\n<figure class=\"wp-block-image size-large\"><img decoding=\"async\" data-id=\"221\" src=\"https:\/\/lescalamb.ovh\/wp-content\/uploads\/2024\/01\/AMAPorte_IllustrationChataignes_AmapDeLaCrau_Produits_derives_nov.2022-scaled-1-962x1024.jpg\" alt=\"\" class=\"wp-image-221\"\/><figcaption class=\"wp-element-caption\">Recettes avec des Marrons \/ de la Confiture de Ch\u00e2taignes<\/figcaption><\/figure>\n\n\n\n<figure class=\"wp-block-image size-large\"><a href=\"https:\/\/www.amaporte.org\/index.php\/accueil-amaporte\/produits-annexes\/recettes\/recettes-pommes\/\"><img decoding=\"async\" data-id=\"212\" src=\"https:\/\/lescalamb.ovh\/wp-content\/uploads\/2024\/01\/AMAPorte_IllustrationPommes_6_67_Primarosa_apples_20230621_150226-1024x601.jpg\" alt=\"\" class=\"wp-image-212\"\/><\/a><figcaption class=\"wp-element-caption\"><a href=\"https:\/\/www.amaporte.org\/index.php\/accueil-amaporte\/produits-annexes\/recettes\/recettes-pommes\/\">Recettes avec des Pommes<\/a><\/figcaption><\/figure>\n<\/figure>\n\n\n\n<p><\/p>\n\n\n\n<p>Recettes avec les <strong>produits des contrats annexes<\/strong> disponibles toute l&#8217;ann\u00e9e :<\/p>\n\n\n\n<figure class=\"wp-block-gallery has-nested-images columns-default is-cropped wp-block-gallery-4 is-layout-flex wp-block-gallery-is-layout-flex\">\n<figure class=\"wp-block-image size-large\"><a href=\"https:\/\/www.amaporte.org\/index.php\/amaporte\/produits\/recettes\/recettes-oeufs\/\"><img decoding=\"async\" data-id=\"213\" src=\"https:\/\/lescalamb.ovh\/wp-content\/uploads\/2024\/01\/AMAPorte_IllustrationOeufs_4_4a_Eier_ini_Eierkarton_5-1024x768.jpg\" alt=\"\" class=\"wp-image-213\"\/><\/a><figcaption class=\"wp-element-caption\"><a href=\"https:\/\/www.amaporte.org\/index.php\/amaporte\/produits\/recettes\/recettes-oeufs\/\">Recettes avec des Oeufs<\/a><\/figcaption><\/figure>\n\n\n\n<figure class=\"wp-block-image size-large\"><a href=\"https:\/\/www.amaporte.org\/index.php\/public\/produits\/recettes\/recettes-farine\/\"><img decoding=\"async\" data-id=\"226\" src=\"https:\/\/lescalamb.ovh\/wp-content\/uploads\/2024\/01\/AMAPorte_IllustrationFermePastiere_132292878_737719026871551_7911858636322821710_n.jpg\" alt=\"\" class=\"wp-image-226\"\/><\/a><figcaption class=\"wp-element-caption\"><a href=\"https:\/\/www.amaporte.org\/index.php\/public\/produits\/recettes\/recettes-farine\/\">Recettes avec de la Farine \/ des P\u00e2tes \/ des L\u00e9gumineuses \/ de la Semoule<\/a><\/figcaption><\/figure>\n\n\n\n<figure class=\"wp-block-image size-large\"><a href=\"https:\/\/www.amaporte.org\/index.php\/public\/produits\/recettes\/recettes-pain\/\"><img decoding=\"async\" data-id=\"227\" src=\"https:\/\/lescalamb.ovh\/wp-content\/uploads\/2024\/01\/AMAPorte_IllustrationPain_f_f2_Pain_de_campagne-edited-1024x683.jpg\" alt=\"\" class=\"wp-image-227\"\/><\/a><figcaption class=\"wp-element-caption\"><a href=\"https:\/\/www.amaporte.org\/index.php\/public\/produits\/recettes\/recettes-pain\/\">Recette avec du Pain<\/a><\/figcaption><\/figure>\n\n\n\n<figure class=\"wp-block-image size-large\"><a href=\"https:\/\/www.amaporte.org\/index.php\/amaporte\/produits\/recettes\/recettes-fromages-chevre\/\"><img decoding=\"async\" data-id=\"222\" src=\"https:\/\/lescalamb.ovh\/wp-content\/uploads\/2024\/01\/AMAPorte_IllustrationChevre_FermeCarole_115735221_156270529430735_5289308304304272665_n.jpg\" alt=\"\" class=\"wp-image-222\"\/><\/a><figcaption class=\"wp-element-caption\"><a href=\"https:\/\/lescalamb.ovh\/index.php\/public\/produits\/recettes\/recettes-aux-fromages-de-chevre\/\">R<\/a><a href=\"https:\/\/www.amaporte.org\/index.php\/amaporte\/produits\/recettes\/recettes-fromages-chevre\/\">ecettes avec du Fromage de <\/a><a href=\"https:\/\/lescalamb.ovh\/index.php\/public\/produits\/recettes\/recettes-aux-fromages-de-chevre\/\">Ch\u00e8vre<\/a><\/figcaption><\/figure>\n\n\n\n<figure class=\"wp-block-image size-large\"><a href=\"https:\/\/www.amaporte.org\/index.php\/public\/produits\/recettes\/recettes-miel\/\"><img decoding=\"async\" data-id=\"210\" src=\"https:\/\/lescalamb.ovh\/wp-content\/uploads\/2024\/01\/AMAPorte_IllustrationMiel_c_cc_Runny_hunny-675x1024.jpg\" alt=\"\" class=\"wp-image-210\"\/><\/a><figcaption class=\"wp-element-caption\"><a href=\"https:\/\/www.amaporte.org\/index.php\/public\/produits\/recettes\/recettes-miel\/\">Recettes avec du Miel<\/a><\/figcaption><\/figure>\n\n\n\n<figure class=\"wp-block-image size-large\"><a href=\"https:\/\/www.amaporte.org\/index.php\/public\/produits\/recettes\/recettes-poulet\/\"><img loading=\"lazy\" decoding=\"async\" width=\"1024\" height=\"777\" data-id=\"208\" src=\"https:\/\/lescalamb.ovh\/wp-content\/uploads\/2024\/01\/AMAPorte_IllustrationVolailles_4_47_Chicken_in_France-1024x777.jpg\" alt=\"\" class=\"wp-image-208\" srcset=\"https:\/\/www.amaporte.org\/wp-content\/uploads\/2024\/01\/AMAPorte_IllustrationVolailles_4_47_Chicken_in_France-1024x777.jpg 1024w, https:\/\/www.amaporte.org\/wp-content\/uploads\/2024\/01\/AMAPorte_IllustrationVolailles_4_47_Chicken_in_France-300x228.jpg 300w, https:\/\/www.amaporte.org\/wp-content\/uploads\/2024\/01\/AMAPorte_IllustrationVolailles_4_47_Chicken_in_France-768x583.jpg 768w, https:\/\/www.amaporte.org\/wp-content\/uploads\/2024\/01\/AMAPorte_IllustrationVolailles_4_47_Chicken_in_France-1536x1166.jpg 1536w, https:\/\/www.amaporte.org\/wp-content\/uploads\/2024\/01\/AMAPorte_IllustrationVolailles_4_47_Chicken_in_France-2048x1555.jpg 2048w, https:\/\/www.amaporte.org\/wp-content\/uploads\/2024\/01\/AMAPorte_IllustrationVolailles_4_47_Chicken_in_France-676x513.jpg 676w\" sizes=\"auto, (max-width: 1024px) 100vw, 1024px\" \/><\/a><figcaption class=\"wp-element-caption\"><a href=\"https:\/\/www.amaporte.org\/index.php\/public\/produits\/recettes\/recettes-poulet\/\">Recettes avec des Volailles<\/a><\/figcaption><\/figure>\n<\/figure>\n\n\n\n<p><\/p>\n\n\n\n<p>En savoir plus :<\/p>\n\n\n\n<div class=\"wp-block-columns is-layout-flex wp-container-core-columns-is-layout-9d6595d7 wp-block-columns-is-layout-flex\">\n<div class=\"wp-block-column is-layout-flow wp-block-column-is-layout-flow\">\n<figure class=\"wp-block-embed is-type-wp-embed is-provider-amaporte wp-block-embed-amaporte\"><div class=\"wp-block-embed__wrapper\">\n<blockquote class=\"wp-embedded-content\" data-secret=\"VP37Rpa8tl\"><a href=\"https:\/\/www.amaporte.org\/index.php\/amaporte\/produits\/produits-maraichers\/\">Produits mara\u00eechers<\/a><\/blockquote><iframe loading=\"lazy\" class=\"wp-embedded-content\" sandbox=\"allow-scripts\" security=\"restricted\" style=\"position: absolute; clip: rect(1px, 1px, 1px, 1px);\" title=\"\u00ab\u00a0Produits mara\u00eechers\u00a0\u00bb &#8212; AMAPorte\" src=\"https:\/\/www.amaporte.org\/index.php\/amaporte\/produits\/produits-maraichers\/embed\/#?secret=b8PcFGGhPP#?secret=VP37Rpa8tl\" data-secret=\"VP37Rpa8tl\" width=\"600\" height=\"338\" frameborder=\"0\" marginwidth=\"0\" marginheight=\"0\" scrolling=\"no\"><\/iframe>\n<\/div><\/figure>\n<\/div>\n\n\n\n<div class=\"wp-block-column is-layout-flow wp-block-column-is-layout-flow\">\n<figure class=\"wp-block-embed is-type-wp-embed is-provider-amaporte wp-block-embed-amaporte\"><div class=\"wp-block-embed__wrapper\">\n<blockquote class=\"wp-embedded-content\" data-secret=\"1W0NslvquQ\"><a href=\"https:\/\/www.amaporte.org\/index.php\/amaporte\/produits\/produits-annexes\/\">Produits annexes<\/a><\/blockquote><iframe loading=\"lazy\" class=\"wp-embedded-content\" sandbox=\"allow-scripts\" security=\"restricted\" style=\"position: absolute; clip: rect(1px, 1px, 1px, 1px);\" title=\"\u00ab\u00a0Produits annexes\u00a0\u00bb &#8212; AMAPorte\" src=\"https:\/\/www.amaporte.org\/index.php\/amaporte\/produits\/produits-annexes\/embed\/#?secret=6PBh6JlDdK#?secret=1W0NslvquQ\" data-secret=\"1W0NslvquQ\" width=\"600\" height=\"338\" frameborder=\"0\" marginwidth=\"0\" marginheight=\"0\" scrolling=\"no\"><\/iframe>\n<\/div><\/figure>\n<\/div>\n<\/div>\n","protected":false},"excerpt":{"rendered":"<p>Voici des propositions de recettes avec les l\u00e9gumes de la semaine : Recettes avec les produits des contrats annexes de l&#8217;hiver : Recettes avec les produits des contrats annexes disponibles toute l&#8217;ann\u00e9e : En savoir plus :<\/p>\n","protected":false},"author":1,"featured_media":0,"parent":388,"menu_order":0,"comment_status":"closed","ping_status":"closed","template":"","meta":{"footnotes":""},"categories":[],"tags":[],"class_list":["post-258","page","type-page","status-publish","hentry"],"_links":{"self":[{"href":"https:\/\/www.amaporte.org\/index.php\/wp-json\/wp\/v2\/pages\/258","targetHints":{"allow":["GET"]}}],"collection":[{"href":"https:\/\/www.amaporte.org\/index.php\/wp-json\/wp\/v2\/pages"}],"about":[{"href":"https:\/\/www.amaporte.org\/index.php\/wp-json\/wp\/v2\/types\/page"}],"author":[{"embeddable":true,"href":"https:\/\/www.amaporte.org\/index.php\/wp-json\/wp\/v2\/users\/1"}],"replies":[{"embeddable":true,"href":"https:\/\/www.amaporte.org\/index.php\/wp-json\/wp\/v2\/comments?post=258"}],"version-history":[{"count":10,"href":"https:\/\/www.amaporte.org\/index.php\/wp-json\/wp\/v2\/pages\/258\/revisions"}],"predecessor-version":[{"id":2521,"href":"https:\/\/www.amaporte.org\/index.php\/wp-json\/wp\/v2\/pages\/258\/revisions\/2521"}],"up":[{"embeddable":true,"href":"https:\/\/www.amaporte.org\/index.php\/wp-json\/wp\/v2\/pages\/388"}],"wp:attachment":[{"href":"https:\/\/www.amaporte.org\/index.php\/wp-json\/wp\/v2\/media?parent=258"}],"wp:term":[{"taxonomy":"category","embeddable":true,"href":"https:\/\/www.amaporte.org\/index.php\/wp-json\/wp\/v2\/categories?post=258"},{"taxonomy":"post_tag","embeddable":true,"href":"https:\/\/www.amaporte.org\/index.php\/wp-json\/wp\/v2\/tags?post=258"}],"curies":[{"name":"wp","href":"https:\/\/api.w.org\/{rel}","templated":true}]}}