{"id":2205,"date":"2024-02-18T22:36:38","date_gmt":"2024-02-18T21:36:38","guid":{"rendered":"https:\/\/lescalamb.ovh\/?page_id=2205"},"modified":"2024-02-18T22:36:38","modified_gmt":"2024-02-18T21:36:38","slug":"recette-aux-betteraves-rouges","status":"publish","type":"page","link":"https:\/\/www.amaporte.org\/index.php\/amaporte\/produits\/recettes\/recette-aux-betteraves-rouges\/","title":{"rendered":"Recette aux Betteraves rouges"},"content":{"rendered":"\n<h2 class=\"wp-block-heading\">Plats avec viande<\/h2>\n\n\n\n<p><a href=\"https:\/\/fr.wikibooks.org\/wiki\/Livre_de_cuisine\/Beetenbartsch\">Beetenbartsch<\/a> : <br><sup>AMAP<\/sup> Betteraves rouges + Bouillon de l\u00e9gumes + Oignons<br><em>+ Cr\u00e8me \u00e9paisse + Lardons + Poivre + Sel<\/em><\/p>\n","protected":false},"excerpt":{"rendered":"<p>Plats avec viande Beetenbartsch : AMAP Betteraves rouges + Bouillon de l\u00e9gumes + Oignons+ Cr\u00e8me \u00e9paisse + Lardons + Poivre + Sel<\/p>\n","protected":false},"author":1,"featured_media":0,"parent":258,"menu_order":0,"comment_status":"closed","ping_status":"closed","template":"","meta":{"footnotes":""},"categories":[5],"tags":[4],"class_list":["post-2205","page","type-page","status-publish","hentry","category-recettes-specifiques","tag-recettes"],"_links":{"self":[{"href":"https:\/\/www.amaporte.org\/index.php\/wp-json\/wp\/v2\/pages\/2205","targetHints":{"allow":["GET"]}}],"collection":[{"href":"https:\/\/www.amaporte.org\/index.php\/wp-json\/wp\/v2\/pages"}],"about":[{"href":"https:\/\/www.amaporte.org\/index.php\/wp-json\/wp\/v2\/types\/page"}],"author":[{"embeddable":true,"href":"https:\/\/www.amaporte.org\/index.php\/wp-json\/wp\/v2\/users\/1"}],"replies":[{"embeddable":true,"href":"https:\/\/www.amaporte.org\/index.php\/wp-json\/wp\/v2\/comments?post=2205"}],"version-history":[{"count":0,"href":"https:\/\/www.amaporte.org\/index.php\/wp-json\/wp\/v2\/pages\/2205\/revisions"}],"up":[{"embeddable":true,"href":"https:\/\/www.amaporte.org\/index.php\/wp-json\/wp\/v2\/pages\/258"}],"wp:attachment":[{"href":"https:\/\/www.amaporte.org\/index.php\/wp-json\/wp\/v2\/media?parent=2205"}],"wp:term":[{"taxonomy":"category","embeddable":true,"href":"https:\/\/www.amaporte.org\/index.php\/wp-json\/wp\/v2\/categories?post=2205"},{"taxonomy":"post_tag","embeddable":true,"href":"https:\/\/www.amaporte.org\/index.php\/wp-json\/wp\/v2\/tags?post=2205"}],"curies":[{"name":"wp","href":"https:\/\/api.w.org\/{rel}","templated":true}]}}