{"id":2171,"date":"2024-02-18T21:10:13","date_gmt":"2024-02-18T20:10:13","guid":{"rendered":"https:\/\/lescalamb.ovh\/?page_id=2171"},"modified":"2024-02-18T21:10:13","modified_gmt":"2024-02-18T20:10:13","slug":"recettes-semoule-mais","status":"publish","type":"page","link":"https:\/\/www.amaporte.org\/index.php\/amaporte\/produits\/recettes\/recettes-semoule-mais\/","title":{"rendered":"Recettes \u00e0 la Semoule de Ma\u00efs"},"content":{"rendered":"\n<h2 class=\"wp-block-heading\">Plats v\u00e9g\u00e9tariens<\/h2>\n\n\n\n<p><sup>VG<\/sup> <a href=\"https:\/\/www.750g.com\/courgettes-farcies-a-la-polenta-et-parmesan-r86956.htm\"><strong>Courgettes<\/strong> farcies \u00e0 la Polenta et parmesan<\/a> : <br><sup>AMAP<\/sup> Courgettes rondes + Huile d&#8217;Olive + Semoule de Ma\u00efs <br><em>+ Origan + Parmesan + Sel<\/em><\/p>\n\n\n\n<h2 class=\"wp-block-heading\">Plats avec viande<\/h2>\n\n\n\n<p><a href=\"https:\/\/www.ptitchef.com\/recettes\/plat\/gratin-de-polenta-a-la-courgette-fid-1112653\">Gratin de Polenta \u00e0 la <strong>Courgette<\/strong><\/a> : <br><sup>AMAP<\/sup>  Courgettes + Oignons + Semoule de Ma\u00efs<br><em>+ Cr\u00e8me liquide + Lardons<\/em><\/p>\n\n\n\n<p><a href=\"https:\/\/fr.wikibooks.org\/wiki\/Livre_de_cuisine\/Polenta_savoyarde\">Polenta savoyarde<\/a> :<br><sup>AMAP<\/sup> Bouillon de Poule + Echalotes + Semoule de Ma\u00efs<br><em>+ Beaufort + Beurre + Cr\u00e8me liquide + Lait + Lardons<\/em><\/p>\n","protected":false},"excerpt":{"rendered":"<p>Plats v\u00e9g\u00e9tariens VG Courgettes farcies \u00e0 la Polenta et parmesan : AMAP Courgettes rondes + Huile d&#8217;Olive + Semoule de Ma\u00efs + Origan + Parmesan + Sel Plats avec viande Gratin de Polenta \u00e0 la Courgette : AMAP Courgettes + Oignons + Semoule de Ma\u00efs+ Cr\u00e8me liquide + Lardons Polenta savoyarde :AMAP Bouillon de Poule &hellip; <a href=\"https:\/\/www.amaporte.org\/index.php\/amaporte\/produits\/recettes\/recettes-semoule-mais\/\" class=\"more-link\">Lire la suite de <span class=\"screen-reader-text\">Recettes \u00e0 la Semoule de Ma\u00efs<\/span><\/a><\/p>\n","protected":false},"author":1,"featured_media":0,"parent":258,"menu_order":0,"comment_status":"closed","ping_status":"closed","template":"","meta":{"footnotes":""},"categories":[5],"tags":[4],"class_list":["post-2171","page","type-page","status-publish","hentry","category-recettes-specifiques","tag-recettes"],"_links":{"self":[{"href":"https:\/\/www.amaporte.org\/index.php\/wp-json\/wp\/v2\/pages\/2171","targetHints":{"allow":["GET"]}}],"collection":[{"href":"https:\/\/www.amaporte.org\/index.php\/wp-json\/wp\/v2\/pages"}],"about":[{"href":"https:\/\/www.amaporte.org\/index.php\/wp-json\/wp\/v2\/types\/page"}],"author":[{"embeddable":true,"href":"https:\/\/www.amaporte.org\/index.php\/wp-json\/wp\/v2\/users\/1"}],"replies":[{"embeddable":true,"href":"https:\/\/www.amaporte.org\/index.php\/wp-json\/wp\/v2\/comments?post=2171"}],"version-history":[{"count":0,"href":"https:\/\/www.amaporte.org\/index.php\/wp-json\/wp\/v2\/pages\/2171\/revisions"}],"up":[{"embeddable":true,"href":"https:\/\/www.amaporte.org\/index.php\/wp-json\/wp\/v2\/pages\/258"}],"wp:attachment":[{"href":"https:\/\/www.amaporte.org\/index.php\/wp-json\/wp\/v2\/media?parent=2171"}],"wp:term":[{"taxonomy":"category","embeddable":true,"href":"https:\/\/www.amaporte.org\/index.php\/wp-json\/wp\/v2\/categories?post=2171"},{"taxonomy":"post_tag","embeddable":true,"href":"https:\/\/www.amaporte.org\/index.php\/wp-json\/wp\/v2\/tags?post=2171"}],"curies":[{"name":"wp","href":"https:\/\/api.w.org\/{rel}","templated":true}]}}