{"id":20,"date":"2024-05-10T10:56:09","date_gmt":"2024-05-10T08:56:09","guid":{"rendered":"https:\/\/www.amaporte.org\/?page_id=20"},"modified":"2024-05-12T21:58:54","modified_gmt":"2024-05-12T19:58:54","slug":"amaporte","status":"publish","type":"page","link":"https:\/\/www.amaporte.org\/","title":{"rendered":"AMAPorte"},"content":{"rendered":"\n<div class=\"wp-block-media-text is-stacked-on-mobile\"><figure class=\"wp-block-media-text__media\"><img decoding=\"async\" src=\"http:\/\/lescalamb.ovh\/wp-content\/uploads\/2024\/01\/20231205_amaporte_college_marche_noel.jpg\" alt=\"\" class=\"wp-image-181 size-full\"\/><\/figure><div class=\"wp-block-media-text__content\">\n<p>Bienvenue !<\/p>\n\n\n\n<p>Les distributions ont lieu le mardi de 18h30 \u00e0 19h30, derri\u00e8re le Pavillon d&#8217;Accueil du COSEC, avenue L\u00e9o Lagrange, Lambesc.<\/p>\n\n\n\n<p>Pensez \u00e0 vous inscrire sur le calendrier partag\u00e9 des permanences, accessible apr\u00e8s <a href=\"https:\/\/www.amaporte.org\/index.php\/login\/\" data-type=\"page\" data-id=\"14\">Connexion<\/a>, depuis la Rubrique <a href=\"https:\/\/www.amaporte.org\/index.php\/interne\/wpbc-booking\/\" data-type=\"link\" data-id=\"https:\/\/www.amaporte.org\/index.php\/interne\/wpbc-booking\/\">Inscription Distribution<\/a>.<\/p>\n<\/div><\/div>\n\n\n\n<p><\/p>\n\n\n\n<div class=\"wp-block-columns is-layout-flex wp-container-core-columns-is-layout-9d6595d7 wp-block-columns-is-layout-flex\">\n<div class=\"wp-block-column is-layout-flow wp-block-column-is-layout-flow\">\n<figure class=\"wp-block-embed is-type-wp-embed is-provider-amaporte wp-block-embed-amaporte\"><div class=\"wp-block-embed__wrapper\">\n<blockquote class=\"wp-embedded-content\" data-secret=\"GHAmTZ7ZaN\"><a href=\"https:\/\/www.amaporte.org\/index.php\/amaporte\/qu-est-ce-qu-une-amap\/\">Qu&#8217;est-ce qu&#8217;une AMAP\u00a0?<\/a><\/blockquote><iframe loading=\"lazy\" class=\"wp-embedded-content\" sandbox=\"allow-scripts\" security=\"restricted\" style=\"position: absolute; clip: rect(1px, 1px, 1px, 1px);\" title=\"\u00ab\u00a0Qu&#8217;est-ce qu&#8217;une AMAP\u00a0?\u00a0\u00bb &#8212; AMAPorte\" src=\"https:\/\/www.amaporte.org\/index.php\/amaporte\/qu-est-ce-qu-une-amap\/embed\/#?secret=zbJyhvDjVm#?secret=GHAmTZ7ZaN\" data-secret=\"GHAmTZ7ZaN\" width=\"600\" height=\"338\" frameborder=\"0\" marginwidth=\"0\" marginheight=\"0\" scrolling=\"no\"><\/iframe>\n<\/div><\/figure>\n<\/div>\n\n\n\n<div class=\"wp-block-column is-layout-flow wp-block-column-is-layout-flow\">\n<figure class=\"wp-block-embed is-type-wp-embed is-provider-amaporte wp-block-embed-amaporte\"><div class=\"wp-block-embed__wrapper\">\n<blockquote class=\"wp-embedded-content\" data-secret=\"rEztKoJZ6n\"><a href=\"https:\/\/www.amaporte.org\/index.php\/amaporte\/les-motivations-pour-s-inscrire-dans-une-amap\/\">Les motivations pour s&#8217;inscrire dans une AMAP<\/a><\/blockquote><iframe loading=\"lazy\" class=\"wp-embedded-content\" sandbox=\"allow-scripts\" security=\"restricted\" style=\"position: absolute; clip: rect(1px, 1px, 1px, 1px);\" title=\"\u00ab\u00a0Les motivations pour s&#8217;inscrire dans une AMAP\u00a0\u00bb &#8212; AMAPorte\" src=\"https:\/\/www.amaporte.org\/index.php\/amaporte\/les-motivations-pour-s-inscrire-dans-une-amap\/embed\/#?secret=0YWEPbjTp6#?secret=rEztKoJZ6n\" data-secret=\"rEztKoJZ6n\" width=\"600\" height=\"338\" frameborder=\"0\" marginwidth=\"0\" marginheight=\"0\" scrolling=\"no\"><\/iframe>\n<\/div><\/figure>\n<\/div>\n<\/div>\n","protected":false},"excerpt":{"rendered":"<p>Bienvenue ! Les distributions ont lieu le mardi de 18h30 \u00e0 19h30, derri\u00e8re le Pavillon d&#8217;Accueil du COSEC, avenue L\u00e9o Lagrange, Lambesc. Pensez \u00e0 vous inscrire sur le calendrier partag\u00e9 des permanences, accessible apr\u00e8s Connexion, depuis la Rubrique Inscription Distribution.<\/p>\n","protected":false},"author":1,"featured_media":0,"parent":0,"menu_order":0,"comment_status":"closed","ping_status":"closed","template":"","meta":{"footnotes":""},"categories":[],"tags":[],"class_list":["post-20","page","type-page","status-publish","hentry"],"_links":{"self":[{"href":"https:\/\/www.amaporte.org\/index.php\/wp-json\/wp\/v2\/pages\/20","targetHints":{"allow":["GET"]}}],"collection":[{"href":"https:\/\/www.amaporte.org\/index.php\/wp-json\/wp\/v2\/pages"}],"about":[{"href":"https:\/\/www.amaporte.org\/index.php\/wp-json\/wp\/v2\/types\/page"}],"author":[{"embeddable":true,"href":"https:\/\/www.amaporte.org\/index.php\/wp-json\/wp\/v2\/users\/1"}],"replies":[{"embeddable":true,"href":"https:\/\/www.amaporte.org\/index.php\/wp-json\/wp\/v2\/comments?post=20"}],"version-history":[{"count":13,"href":"https:\/\/www.amaporte.org\/index.php\/wp-json\/wp\/v2\/pages\/20\/revisions"}],"predecessor-version":[{"id":2495,"href":"https:\/\/www.amaporte.org\/index.php\/wp-json\/wp\/v2\/pages\/20\/revisions\/2495"}],"wp:attachment":[{"href":"https:\/\/www.amaporte.org\/index.php\/wp-json\/wp\/v2\/media?parent=20"}],"wp:term":[{"taxonomy":"category","embeddable":true,"href":"https:\/\/www.amaporte.org\/index.php\/wp-json\/wp\/v2\/categories?post=20"},{"taxonomy":"post_tag","embeddable":true,"href":"https:\/\/www.amaporte.org\/index.php\/wp-json\/wp\/v2\/tags?post=20"}],"curies":[{"name":"wp","href":"https:\/\/api.w.org\/{rel}","templated":true}]}}