{"id":1598,"date":"2024-01-24T23:07:31","date_gmt":"2024-01-24T22:07:31","guid":{"rendered":"https:\/\/lescalamb.ovh\/?page_id=1598"},"modified":"2024-01-24T23:07:31","modified_gmt":"2024-01-24T22:07:31","slug":"recettes-pois-chiches","status":"publish","type":"page","link":"https:\/\/www.amaporte.org\/index.php\/amaporte\/produits\/recettes\/recettes-pois-chiches\/","title":{"rendered":"Recettes aux Pois chiches"},"content":{"rendered":"\n<h2 class=\"wp-block-heading\">Plats v\u00e9g\u00e9tariens<\/h2>\n\n\n\n<p><sup>VG<\/sup> <a href=\"https:\/\/fr.wikibooks.org\/wiki\/Livre_de_cuisine\/Salade_de_pommes_et_pois_chiches\">Salade de <strong>Pommes<\/strong> et Pois chiches<\/a> : <br><sup>AMAP<\/sup> Basilic + C\u00e9leri branche + Citron + Huile d&#8217;Olive + Oignons + Pois chiches + Pommes<em><br>+ Ciboulette + Poivre + Sel<\/em><\/p>\n\n\n\n<p><sup>VG<\/sup> <a href=\"https:\/\/www.marmiton.org\/recettes\/recette_salade-pois-chiche-tomates-au-cumin_218276.aspx\">Salade de <strong>Tomates<\/strong> et Pois chiches<\/a> : <br><sup>AMAP<\/sup> Huile d&#8217;Olive + Oignons blancs + Pois chiches + Tomates<em><br>+ Ciboulette + Cumin + Poivre + Sel<\/em><\/p>\n\n\n\n<h2 class=\"wp-block-heading\">Plats avec viande<\/h2>\n\n\n\n<p><sup>VG<\/sup> <a href=\"https:\/\/fr.wikibooks.org\/wiki\/Livre_de_cuisine\/Couscous\">Couscous<\/a> : <br><sup>AMAP<\/sup> Agneau (collier) + Carottes + Coulis de Tomate + Courgettes + Huile d&#8217;Olive + Navets + Oignons + Pois chiche + Semoule<br><em>+ Raz el hanout<\/em><\/p>\n","protected":false},"excerpt":{"rendered":"<p>Plats v\u00e9g\u00e9tariens VG Salade de Pommes et Pois chiches : AMAP Basilic + C\u00e9leri branche + Citron + Huile d&#8217;Olive + Oignons + Pois chiches + Pommes+ Ciboulette + Poivre + Sel VG Salade de Tomates et Pois chiches : AMAP Huile d&#8217;Olive + Oignons blancs + Pois chiches + Tomates+ Ciboulette + Cumin + &hellip; <a href=\"https:\/\/www.amaporte.org\/index.php\/amaporte\/produits\/recettes\/recettes-pois-chiches\/\" class=\"more-link\">Lire la suite de <span class=\"screen-reader-text\">Recettes aux Pois chiches<\/span><\/a><\/p>\n","protected":false},"author":1,"featured_media":0,"parent":258,"menu_order":0,"comment_status":"closed","ping_status":"closed","template":"","meta":{"footnotes":""},"categories":[5],"tags":[4],"class_list":["post-1598","page","type-page","status-publish","hentry","category-recettes-specifiques","tag-recettes"],"_links":{"self":[{"href":"https:\/\/www.amaporte.org\/index.php\/wp-json\/wp\/v2\/pages\/1598","targetHints":{"allow":["GET"]}}],"collection":[{"href":"https:\/\/www.amaporte.org\/index.php\/wp-json\/wp\/v2\/pages"}],"about":[{"href":"https:\/\/www.amaporte.org\/index.php\/wp-json\/wp\/v2\/types\/page"}],"author":[{"embeddable":true,"href":"https:\/\/www.amaporte.org\/index.php\/wp-json\/wp\/v2\/users\/1"}],"replies":[{"embeddable":true,"href":"https:\/\/www.amaporte.org\/index.php\/wp-json\/wp\/v2\/comments?post=1598"}],"version-history":[{"count":0,"href":"https:\/\/www.amaporte.org\/index.php\/wp-json\/wp\/v2\/pages\/1598\/revisions"}],"up":[{"embeddable":true,"href":"https:\/\/www.amaporte.org\/index.php\/wp-json\/wp\/v2\/pages\/258"}],"wp:attachment":[{"href":"https:\/\/www.amaporte.org\/index.php\/wp-json\/wp\/v2\/media?parent=1598"}],"wp:term":[{"taxonomy":"category","embeddable":true,"href":"https:\/\/www.amaporte.org\/index.php\/wp-json\/wp\/v2\/categories?post=1598"},{"taxonomy":"post_tag","embeddable":true,"href":"https:\/\/www.amaporte.org\/index.php\/wp-json\/wp\/v2\/tags?post=1598"}],"curies":[{"name":"wp","href":"https:\/\/api.w.org\/{rel}","templated":true}]}}