{"id":1472,"date":"2024-01-24T12:15:36","date_gmt":"2024-01-24T11:15:36","guid":{"rendered":"https:\/\/lescalamb.ovh\/?page_id=1472"},"modified":"2024-05-13T00:54:35","modified_gmt":"2024-05-12T22:54:35","slug":"s-informer","status":"publish","type":"page","link":"https:\/\/www.amaporte.org\/index.php\/s-informer\/","title":{"rendered":"Bibliographie sur les AMAP"},"content":{"rendered":"\n<p>Voici quelques textes issus de sites minist\u00e9riels sur les AMAP en France, et les enjeux en terme de D\u00e9veloppement Durable, Ecologie, Agriculture, Solidarit\u00e9 et Economie.<\/p>\n\n\n\n<ul class=\"wp-block-list\">\n<li>Objectifs de D\u00e9veloppement Durable &#8211; Agenda 2030 : <a href=\"https:\/\/www.agenda-2030.fr\/a-la-une\/mobiliser-pour-le-developpement-durable\/article\/calendrier-des-evenements-lies-au-developpement-durable\">Calendrier des \u00e9v\u00e9nements li\u00e9s au D\u00e9veloppement Durable<\/a><\/li>\n\n\n\n<li>Data : <a href=\"https:\/\/annuaire-entreprises.data.gouv.fr\/entreprise\/amap-orte-association-pour-le-maintien-d-une-agriculture-paysanne-822537510\">AMAP&#8217;orte sur l&#8217;Annuaire des Associations<\/a><\/li>\n\n\n\n<li>Data : <a href=\"https:\/\/annuaire-entreprises.data.gouv.fr\/entreprise\/les-amap-de-provence-834899080\">Les AMAP de Provence sur l&#8217;Annuaire des Associations<\/a><\/li>\n\n\n\n<li>Solidarit\u00e9s : <a href=\"https:\/\/solidarites.gouv.fr\/les-paniers-solidaires-de-produits-frais\">Les Paniers Solidaires de Produits Frais<\/a><\/li>\n\n\n\n<li>D\u00e9veloppement Durable en PACA : <a href=\"https:\/\/www.paca.developpement-durable.gouv.fr\/IMG\/pdf\/16-323_ficheaction-defi3-atelier3-vb.pdf\">Projets Alimentaires Territoriaux &#8211; Fiche action &#8211; AXE 8 &#8211; Education et implication de la soci\u00e9t\u00e9 civile &#8211; EFI 3 &#8211; Renforcer le lien entre agriculture et soci\u00e9t\u00e9 civile<\/a><\/li>\n\n\n\n<li>M\u00e9tropole AMP : <a href=\"https:\/\/ampmetropole.fr\/missions\/strategie-environnementale\/alimentation-et-agriculture\/\">Strat\u00e9gie environnementale de la M\u00e9tropole : Alimentation et Agriculture<\/a><\/li>\n\n\n\n<li>Alimentation, Agriculture et For\u00eat en PACA : <a href=\"https:\/\/draaf.paca.agriculture.gouv.fr\/IMG\/pdf\/131_ra2020_circcourts.pdf\">Recensement agricole des Circuits Courts<\/a> <\/li>\n\n\n\n<li>Economie &#8211; DGCCRF : <a href=\"https:\/\/www.economie.gouv.fr\/dgccrf\/Publications\/Vie-pratique\/Fiches-pratiques\/produits-alimentaires-commercialises-en-circuits-courts-0\">Produits Alimentaires commercialis\u00e9s en Circuits Courts<\/a><\/li>\n<\/ul>\n\n\n\n<p><\/p>\n\n\n\n<ul class=\"wp-block-list\">\n<li>Agriculture : <a href=\"https:\/\/agreste.agriculture.gouv.fr\/agreste-web\/download\/publication\/publie\/Pri2305\/Primeur2023-5_CircuitCourt-RA2020.pdf\">Primeur, Circuits Courts<\/a> (2023)<\/li>\n\n\n\n<li>Economie, Emploi, Travail, Solidarit\u00e9 en PACA : <a href=\"https:\/\/paca.dreets.gouv.fr\/Economie-sociale-et-solidaire-s-engager-pour-transformer-le-monde\">Economie Sociale et Solidaire : S&#8217;engager pour transformer le monde<\/a> (2023)<\/li>\n<\/ul>\n\n\n\n<p><\/p>\n\n\n\n<ul class=\"wp-block-list\">\n<li>Alimentation, Agriculture et For\u00eat en PACA : <a href=\"https:\/\/draaf.paca.agriculture.gouv.fr\/IMG\/pdf\/rrpat_22_06_30_cr-2.pdf\">R\u00e9union d\u2019\u00e9changes du R\u00e9seau r\u00e9gional des PAT &#8220;Lutte contre la pr\u00e9carit\u00e9 alimentaire&#8221;<\/a> (2022)<\/li>\n\n\n\n<li>Alimentation, Agriculture et For\u00eat en PACA : <a href=\"https:\/\/draaf.paca.agriculture.gouv.fr\/30-juin-2022-lutte-contre-la-precarite-alimentaire-a3392.html\">30 juin 2022 : lutte contre la pr\u00e9carit\u00e9 alimentaire<\/a> (2022)<\/li>\n\n\n\n<li>Economie &#8211; DGCCRF : <a href=\"https:\/\/www.economie.gouv.fr\/files\/files\/directions_services\/dgccrf\/documentation\/fiches_pratiques\/fiches\/produits-alimentaires-commercialises-circuits-courts.pdf\">Fiche Pratique des Produits Alimentaires Commercialis\u00e9s en Circuits Courts<\/a> (2022)<\/li>\n\n\n\n<li>Agriculture : <a href=\"https:\/\/agriculture.gouv.fr\/pacte-et-loi-dorientation-et-davenir-agricoles-la-bibliographie-des-fiches-reperes\">Pacte et Loi d&#8217;Orientation et d&#8217;Avenir Agricoles &#8211; bibliographie des fiches rep\u00e8re<\/a> (2022)<\/li>\n<\/ul>\n\n\n\n<p><\/p>\n\n\n\n<ul class=\"wp-block-list\">\n<li>Etudiant : <a href=\"https:\/\/www.etudiant.gouv.fr\/fr\/alimentation-en-circuit-court-amap-et-ventes-directes-1795\">Alimentation en circuit court : AMAP et ventes directes<\/a> (2021)<\/li>\n\n\n\n<li>Agriculture : <a href=\"https:\/\/agriculture.gouv.fr\/les-circuits-courts-un-levier-important-pour-sapprovisionner-en-produits-frais\">Les circuits courts, un levier important pour s&#8217;approvisionner en produits frais<\/a> (2021)<\/li>\n\n\n\n<li>Alimentation, Agriculture et For\u00eat en PACA : <a href=\"https:\/\/draaf.paca.agriculture.gouv.fr\/IMG\/pdf\/rapport_activite_2021-ecran_r.pdf\">Rapport d&#8217;Activit\u00e9 2021<\/a> (2021)<\/li>\n<\/ul>\n\n\n\n<p><\/p>\n\n\n\n<ul class=\"wp-block-list\">\n<li>Agriculture : <a href=\"https:\/\/vizagreste.agriculture.gouv.fr\/les-circuits-courts.html\">Vizagreste : Les Circuits Courts en 2020<\/a> (2020)<\/li>\n<\/ul>\n\n\n\n<p><\/p>\n\n\n\n<ul class=\"wp-block-list\">\n<li>Ecologie : <a href=\"https:\/\/www.ecologie.gouv.fr\/bio-en-circuit-court-amap\">Le Bio en circuit court : les AMAP<\/a> (2017)<\/li>\n\n\n\n<li>Agriculture : <a href=\"https:\/\/agriculture.gouv.fr\/le-consommateur-moteur-dinstallation-en-agriculture-periurbaine\">Le consommateur, moteur d&#8217;installation en agriculture p\u00e9riurbaine<\/a> (2017)<\/li>\n\n\n\n<li>Agriculture : <a href=\"https:\/\/agriculture.gouv.fr\/egalim-terre-de-liens-les-paysans-au-coeur-dune-dynamique-sociale-inedite\">#EGalim : Terre de Liens : les paysans au coeur d&#8217;une dynamique sociale in\u00e9dite<\/a> (2017)<\/li>\n<\/ul>\n\n\n\n<p><\/p>\n\n\n\n<ul class=\"wp-block-list\">\n<li>Agriculture : <a href=\"https:\/\/agriculture.gouv.fr\/sites\/default\/files\/livret-onvar_2016_0.pdf\">Organismes Nationaux \u00e0 Vocation Agricole et Rurale : Agro\u00e9cologie &#8211; des initiatives professionnelles et citoyennes engag\u00e9es<\/a> (2016)<\/li>\n<\/ul>\n\n\n\n<p><\/p>\n\n\n\n<ul class=\"wp-block-list\">\n<li>Agriculture : <a href=\"https:\/\/agriculture.gouv.fr\/comite-de-suivi-des-circuits-courts-liste-des-organisations\">Comit\u00e9 de Suivi des Circuits Courts : liste des organisations<\/a> (2012)<\/li>\n<\/ul>\n","protected":false},"excerpt":{"rendered":"<p>Voici quelques textes issus de sites minist\u00e9riels sur les AMAP en France, et les enjeux en terme de D\u00e9veloppement Durable, Ecologie, Agriculture, Solidarit\u00e9 et Economie.<\/p>\n","protected":false},"author":1,"featured_media":0,"parent":0,"menu_order":0,"comment_status":"closed","ping_status":"closed","template":"","meta":{"footnotes":""},"categories":[],"tags":[],"class_list":["post-1472","page","type-page","status-publish","hentry"],"_links":{"self":[{"href":"https:\/\/www.amaporte.org\/index.php\/wp-json\/wp\/v2\/pages\/1472","targetHints":{"allow":["GET"]}}],"collection":[{"href":"https:\/\/www.amaporte.org\/index.php\/wp-json\/wp\/v2\/pages"}],"about":[{"href":"https:\/\/www.amaporte.org\/index.php\/wp-json\/wp\/v2\/types\/page"}],"author":[{"embeddable":true,"href":"https:\/\/www.amaporte.org\/index.php\/wp-json\/wp\/v2\/users\/1"}],"replies":[{"embeddable":true,"href":"https:\/\/www.amaporte.org\/index.php\/wp-json\/wp\/v2\/comments?post=1472"}],"version-history":[{"count":6,"href":"https:\/\/www.amaporte.org\/index.php\/wp-json\/wp\/v2\/pages\/1472\/revisions"}],"predecessor-version":[{"id":2533,"href":"https:\/\/www.amaporte.org\/index.php\/wp-json\/wp\/v2\/pages\/1472\/revisions\/2533"}],"wp:attachment":[{"href":"https:\/\/www.amaporte.org\/index.php\/wp-json\/wp\/v2\/media?parent=1472"}],"wp:term":[{"taxonomy":"category","embeddable":true,"href":"https:\/\/www.amaporte.org\/index.php\/wp-json\/wp\/v2\/categories?post=1472"},{"taxonomy":"post_tag","embeddable":true,"href":"https:\/\/www.amaporte.org\/index.php\/wp-json\/wp\/v2\/tags?post=1472"}],"curies":[{"name":"wp","href":"https:\/\/api.w.org\/{rel}","templated":true}]}}