{"id":1415,"date":"2024-01-24T10:45:43","date_gmt":"2024-01-24T09:45:43","guid":{"rendered":"https:\/\/lescalamb.ovh\/?page_id=1415"},"modified":"2024-01-24T10:45:43","modified_gmt":"2024-01-24T09:45:43","slug":"recettes-pates","status":"publish","type":"page","link":"https:\/\/www.amaporte.org\/index.php\/amaporte\/produits\/recettes\/recettes-pates\/","title":{"rendered":"Recettes aux P\u00e2tes"},"content":{"rendered":"\n<h2 class=\"wp-block-heading\">Plats v\u00e9g\u00e9tariens<\/h2>\n\n\n\n<p><sup>VG<\/sup> <a href=\"https:\/\/fr.wikibooks.org\/wiki\/Livre_de_cuisine\/P%C3%A2tes_aux_arachides_et_l%C3%A9gumes_r%C3%B4tis\">P\u00e2tes aux arachides et l\u00e9gumes r\u00f4tis<\/a> : <br><sup>AMAP<\/sup> Ail + Huile d&#8217;Olive + Oignons + P\u00e2tes + Persil + Poivrons + Tomates<br><em>+ Cacahu\u00e8tes + Origan + Poivre + Sel<\/em><\/p>\n\n\n\n<p><sup>VG<\/sup> <a href=\"https:\/\/fr.wikibooks.org\/wiki\/Livre_de_cuisine\/Spaghettis_au_basilic\">Spaghettis au <strong>Basilic<\/strong><\/a> : <br><sup>AMAP<\/sup> Ail + Basilic + Huile d&#8217;Olive + P\u00e2tes<br><em>+ <em>Poivre<\/em> <\/em>+ <em>Sel<\/em><\/p>\n\n\n\n<p><sup>VG<\/sup> <a href=\"https:\/\/fr.wikibooks.org\/wiki\/Livre_de_cuisine\/P%C3%A2tes_aux_poivrons\">P\u00e2tes aux <strong>Poivrons<\/strong><\/a> : <br><sup>AMAP<\/sup> Ail + Huile d&#8217;Olive + P\u00e2tes + Poivrons<br><em>+ Poivre + Sel<\/em><\/p>\n\n\n\n<p><sup>VG<\/sup> <a href=\"https:\/\/fr.wikibooks.org\/wiki\/Livre_de_cuisine\/P%C3%A2tes_%C3%A0_la_Trapanese\">P\u00e2tes \u00e0 la Trapanese<\/a> : <br><sup>AMAP<\/sup> Ail + Basilic + Huile d&#8217;Olive + Oignons + P\u00e2tes + Tomates<br><em>+ Olives + Poivre + Sel<\/em><\/p>\n\n\n\n<p><sup>VG<\/sup> <a href=\"https:\/\/fr.wikibooks.org\/wiki\/Livre_de_cuisine\/Penne_rigate_%C3%A0_la_grecque\">Penne rigate \u00e0 la grecque<\/a> : <br><sup>AMAP<\/sup>  Ail + Basilic + Fromage de ch\u00e8vre + Huile d&#8217;Olive + P\u00e2tes + Tomates + Vin blanc<br><em>+ Olives noires<\/em><\/p>\n\n\n\n<h2 class=\"wp-block-heading\">Plats avec viande<\/h2>\n\n\n\n<p><a href=\"https:\/\/www.cuisine-italienne.eu\/2020\/10\/penne-au-chou-vert-et-lardons\/\">Penne au Chou vert et lardons<\/a> : <br><sup>AMAP<\/sup> Chou vert + Huile d\u2019Olive + P\u00e2tes<br><em>+ Lardons + Poivre + Sel<\/em><\/p>\n","protected":false},"excerpt":{"rendered":"<p>Plats v\u00e9g\u00e9tariens VG P\u00e2tes aux arachides et l\u00e9gumes r\u00f4tis : AMAP Ail + Huile d&#8217;Olive + Oignons + P\u00e2tes + Persil + Poivrons + Tomates+ Cacahu\u00e8tes + Origan + Poivre + Sel VG Spaghettis au Basilic : AMAP Ail + Basilic + Huile d&#8217;Olive + P\u00e2tes+ Poivre + Sel VG P\u00e2tes aux Poivrons : AMAP &hellip; <a href=\"https:\/\/www.amaporte.org\/index.php\/amaporte\/produits\/recettes\/recettes-pates\/\" class=\"more-link\">Lire la suite de <span class=\"screen-reader-text\">Recettes aux P\u00e2tes<\/span><\/a><\/p>\n","protected":false},"author":1,"featured_media":0,"parent":258,"menu_order":0,"comment_status":"closed","ping_status":"closed","template":"","meta":{"footnotes":""},"categories":[5],"tags":[4],"class_list":["post-1415","page","type-page","status-publish","hentry","category-recettes-specifiques","tag-recettes"],"_links":{"self":[{"href":"https:\/\/www.amaporte.org\/index.php\/wp-json\/wp\/v2\/pages\/1415","targetHints":{"allow":["GET"]}}],"collection":[{"href":"https:\/\/www.amaporte.org\/index.php\/wp-json\/wp\/v2\/pages"}],"about":[{"href":"https:\/\/www.amaporte.org\/index.php\/wp-json\/wp\/v2\/types\/page"}],"author":[{"embeddable":true,"href":"https:\/\/www.amaporte.org\/index.php\/wp-json\/wp\/v2\/users\/1"}],"replies":[{"embeddable":true,"href":"https:\/\/www.amaporte.org\/index.php\/wp-json\/wp\/v2\/comments?post=1415"}],"version-history":[{"count":0,"href":"https:\/\/www.amaporte.org\/index.php\/wp-json\/wp\/v2\/pages\/1415\/revisions"}],"up":[{"embeddable":true,"href":"https:\/\/www.amaporte.org\/index.php\/wp-json\/wp\/v2\/pages\/258"}],"wp:attachment":[{"href":"https:\/\/www.amaporte.org\/index.php\/wp-json\/wp\/v2\/media?parent=1415"}],"wp:term":[{"taxonomy":"category","embeddable":true,"href":"https:\/\/www.amaporte.org\/index.php\/wp-json\/wp\/v2\/categories?post=1415"},{"taxonomy":"post_tag","embeddable":true,"href":"https:\/\/www.amaporte.org\/index.php\/wp-json\/wp\/v2\/tags?post=1415"}],"curies":[{"name":"wp","href":"https:\/\/api.w.org\/{rel}","templated":true}]}}