{"id":1234,"date":"2024-01-23T22:00:30","date_gmt":"2024-01-23T21:00:30","guid":{"rendered":"https:\/\/lescalamb.ovh\/?page_id=1234"},"modified":"2024-01-23T22:00:30","modified_gmt":"2024-01-23T21:00:30","slug":"recettes-patates-douces","status":"publish","type":"page","link":"https:\/\/www.amaporte.org\/index.php\/amaporte\/produits\/recettes\/recettes-patates-douces\/","title":{"rendered":"Recettes aux Patates douces"},"content":{"rendered":"\n<h2 class=\"wp-block-heading\">Plats<\/h2>\n\n\n\n<p><sup>VG<\/sup> <a href=\"https:\/\/www.750g.com\/patates-douces-roties-au-miel-et-a-la-cannelle-r205914.htm\">Patates douces r\u00f4ties au <strong>Miel<\/strong> et \u00e0 la cannelle<\/a> : <br><sup>AMAP<\/sup> Huile d&#8217;Olive + Miel + Patates douces<br><em>+ Cannelle + Poivre + Sel<\/em><\/p>\n\n\n\n<p><sup>VG<\/sup> <a href=\"https:\/\/cuisine.journaldesfemmes.fr\/recette\/3117161-poelee-de-patates-douces-sautees-aux-oignons-a-l-ail-et-au-thym\">Po\u00eal\u00e9e de Patates douces saut\u00e9es aux Oignons, \u00e0 l&#8217;Ail et au thym<\/a> : <br><sup>AMAP<\/sup> Ail + Huile d&#8217;Olive + Oignons + Patates douces<br><em>+ Poivre + Sel + Thym<\/em><\/p>\n\n\n\n<p><sup>VG<\/sup> <a href=\"https:\/\/www.avogel.ca\/fr\/nutrition\/recettes\/potage-de-patate-douce-et-de-chou-frise\/\">Potage de patates douces et de <strong>Chou Kale<\/strong><\/a> : <br><sup>AMAP<\/sup> Ail + Bouillon (de l\u00e9gumes) + Chou Kale + Huile d&#8217;Olive + Patates douces + Piment<br><em>+ Gingembre + Poivre + Sel<\/em><\/p>\n","protected":false},"excerpt":{"rendered":"<p>Plats VG Patates douces r\u00f4ties au Miel et \u00e0 la cannelle : AMAP Huile d&#8217;Olive + Miel + Patates douces+ Cannelle + Poivre + Sel VG Po\u00eal\u00e9e de Patates douces saut\u00e9es aux Oignons, \u00e0 l&#8217;Ail et au thym : AMAP Ail + Huile d&#8217;Olive + Oignons + Patates douces+ Poivre + Sel + Thym VG &hellip; <a href=\"https:\/\/www.amaporte.org\/index.php\/amaporte\/produits\/recettes\/recettes-patates-douces\/\" class=\"more-link\">Lire la suite de <span class=\"screen-reader-text\">Recettes aux Patates douces<\/span><\/a><\/p>\n","protected":false},"author":1,"featured_media":0,"parent":258,"menu_order":0,"comment_status":"closed","ping_status":"closed","template":"","meta":{"footnotes":""},"categories":[5],"tags":[4],"class_list":["post-1234","page","type-page","status-publish","hentry","category-recettes-specifiques","tag-recettes"],"_links":{"self":[{"href":"https:\/\/www.amaporte.org\/index.php\/wp-json\/wp\/v2\/pages\/1234","targetHints":{"allow":["GET"]}}],"collection":[{"href":"https:\/\/www.amaporte.org\/index.php\/wp-json\/wp\/v2\/pages"}],"about":[{"href":"https:\/\/www.amaporte.org\/index.php\/wp-json\/wp\/v2\/types\/page"}],"author":[{"embeddable":true,"href":"https:\/\/www.amaporte.org\/index.php\/wp-json\/wp\/v2\/users\/1"}],"replies":[{"embeddable":true,"href":"https:\/\/www.amaporte.org\/index.php\/wp-json\/wp\/v2\/comments?post=1234"}],"version-history":[{"count":0,"href":"https:\/\/www.amaporte.org\/index.php\/wp-json\/wp\/v2\/pages\/1234\/revisions"}],"up":[{"embeddable":true,"href":"https:\/\/www.amaporte.org\/index.php\/wp-json\/wp\/v2\/pages\/258"}],"wp:attachment":[{"href":"https:\/\/www.amaporte.org\/index.php\/wp-json\/wp\/v2\/media?parent=1234"}],"wp:term":[{"taxonomy":"category","embeddable":true,"href":"https:\/\/www.amaporte.org\/index.php\/wp-json\/wp\/v2\/categories?post=1234"},{"taxonomy":"post_tag","embeddable":true,"href":"https:\/\/www.amaporte.org\/index.php\/wp-json\/wp\/v2\/tags?post=1234"}],"curies":[{"name":"wp","href":"https:\/\/api.w.org\/{rel}","templated":true}]}}