{"id":1214,"date":"2024-01-23T21:44:39","date_gmt":"2024-01-23T20:44:39","guid":{"rendered":"https:\/\/lescalamb.ovh\/?page_id=1214"},"modified":"2024-01-23T21:44:39","modified_gmt":"2024-01-23T20:44:39","slug":"recettes-haricots-coco","status":"publish","type":"page","link":"https:\/\/www.amaporte.org\/index.php\/amaporte\/produits\/recettes\/recettes-haricots-coco\/","title":{"rendered":"Recettes aux Haricots Coco"},"content":{"rendered":"\n<h2 class=\"wp-block-heading\">Plats<\/h2>\n\n\n\n<p><sup>VG<\/sup> <a href=\"https:\/\/fr.wikibooks.org\/wiki\/Livre_de_cuisine\/Galettes_de_haricots_rouges_au_ma%C3%AFs\">Galettes de Haricots au Ma\u00efs<\/a> : <br><sup>AMAP<\/sup> Haricots (coco) + Huile v\u00e9g\u00e9tale + Oignons + Ma\u00efs<br><em>+ Chapelure + Poivre + Sel<\/em><\/p>\n\n\n\n<p><sup>VG<\/sup> <a href=\"https:\/\/fr.wikibooks.org\/wiki\/Livre_de_cuisine\/Mogettes_cuisin%C3%A9es\">Mogettes cuisin\u00e9es<\/a> : <br><sup>AMAP<\/sup> Bouillon (de l\u00e9gumes) + Echalotes + Haricots (coco) + Huile de Noix + Huile d&#8217;Olive + Oignons + Tomates<br><em><em><em>+ Laurier <\/em>+ Noix de muscade + Paprika + <\/em>Poivre + Sel + Thym<\/em><\/p>\n\n\n\n<p><sup>VG<\/sup> <a href=\"https:\/\/www.ptitchef.com\/recettes\/entree\/salade-de-haricots-rouges-courgettes-et-chevres-fid-812589\">Salade de Haricots, <strong>Courgettes<\/strong> et <strong>Ch\u00e8vre<\/strong><\/a> : <br><sup>AMAP<\/sup> Citron + Courgettes + Fromage de ch\u00e8vre + Haricots (coco) + Huile d&#8217;Olive<br><em><em>+ <\/em>Coriandre fra\u00eeche + Cumin + Poivre + Sel<\/em><\/p>\n\n\n\n<p><sup>VG<\/sup> <a href=\"https:\/\/fr.wikibooks.org\/wiki\/Livre_de_cuisine\/Soupe_au_pistou\">Soupe au pistou<\/a> : <br><sup>AMAP<\/sup> Ail + Basilic + Courgettes + Haricots coco + Haricots verts + Pommes de terre + Tomates<br><em>+ Fromage sec rouge + <em>Haricots blancs + <\/em>Poivre + Sel<\/em><\/p>\n\n\n\n<p><sup>VG<\/sup> <a href=\"https:\/\/fr.wikibooks.org\/wiki\/Livre_de_cuisine\/Soupe_minestrone\">Soupe Minestrone<\/a> : <br><sup>AMAP<\/sup> Basilic + Bouillon (de l\u00e9gumes) + Carottes + Chou blanc + Haricots coco + Haricots verts + Huile d&#8217;Olive + Oignons + Petits pois + Pommes de terre + Tomates<br><em>+ <em>Poivre<\/em> + Romarin<\/em> + <em>Sel + Thym<\/em><\/p>\n\n\n\n<p><sup>VG<\/sup> <a href=\"https:\/\/fr.wikibooks.org\/wiki\/Livre_de_cuisine\/Soupe_paysanne\">Soupe Paysanne<\/a> : <br><sup>AMAP<\/sup> Bouillon (de l\u00e9gumes) + Carottes + C\u00e9leri branch + Chou blanc + Epinards + Haricots coco + Haricots verts + Oignons + Poivrons rouges + Pommes de terre<br><em>+ Poivre + Sel<\/em><\/p>\n","protected":false},"excerpt":{"rendered":"<p>Plats VG Galettes de Haricots au Ma\u00efs : AMAP Haricots (coco) + Huile v\u00e9g\u00e9tale + Oignons + Ma\u00efs+ Chapelure + Poivre + Sel VG Mogettes cuisin\u00e9es : AMAP Bouillon (de l\u00e9gumes) + Echalotes + Haricots (coco) + Huile de Noix + Huile d&#8217;Olive + Oignons + Tomates+ Laurier + Noix de muscade + Paprika + &hellip; <a href=\"https:\/\/www.amaporte.org\/index.php\/amaporte\/produits\/recettes\/recettes-haricots-coco\/\" class=\"more-link\">Lire la suite de <span class=\"screen-reader-text\">Recettes aux Haricots Coco<\/span><\/a><\/p>\n","protected":false},"author":1,"featured_media":0,"parent":258,"menu_order":0,"comment_status":"closed","ping_status":"closed","template":"","meta":{"footnotes":""},"categories":[5],"tags":[4],"class_list":["post-1214","page","type-page","status-publish","hentry","category-recettes-specifiques","tag-recettes"],"_links":{"self":[{"href":"https:\/\/www.amaporte.org\/index.php\/wp-json\/wp\/v2\/pages\/1214","targetHints":{"allow":["GET"]}}],"collection":[{"href":"https:\/\/www.amaporte.org\/index.php\/wp-json\/wp\/v2\/pages"}],"about":[{"href":"https:\/\/www.amaporte.org\/index.php\/wp-json\/wp\/v2\/types\/page"}],"author":[{"embeddable":true,"href":"https:\/\/www.amaporte.org\/index.php\/wp-json\/wp\/v2\/users\/1"}],"replies":[{"embeddable":true,"href":"https:\/\/www.amaporte.org\/index.php\/wp-json\/wp\/v2\/comments?post=1214"}],"version-history":[{"count":0,"href":"https:\/\/www.amaporte.org\/index.php\/wp-json\/wp\/v2\/pages\/1214\/revisions"}],"up":[{"embeddable":true,"href":"https:\/\/www.amaporte.org\/index.php\/wp-json\/wp\/v2\/pages\/258"}],"wp:attachment":[{"href":"https:\/\/www.amaporte.org\/index.php\/wp-json\/wp\/v2\/media?parent=1214"}],"wp:term":[{"taxonomy":"category","embeddable":true,"href":"https:\/\/www.amaporte.org\/index.php\/wp-json\/wp\/v2\/categories?post=1214"},{"taxonomy":"post_tag","embeddable":true,"href":"https:\/\/www.amaporte.org\/index.php\/wp-json\/wp\/v2\/tags?post=1214"}],"curies":[{"name":"wp","href":"https:\/\/api.w.org\/{rel}","templated":true}]}}