{"id":1201,"date":"2024-01-23T21:34:33","date_gmt":"2024-01-23T20:34:33","guid":{"rendered":"https:\/\/lescalamb.ovh\/?page_id=1201"},"modified":"2024-01-23T21:34:33","modified_gmt":"2024-01-23T20:34:33","slug":"recettes-vin-blanc","status":"publish","type":"page","link":"https:\/\/www.amaporte.org\/index.php\/amaporte\/produits\/recettes\/recettes-vin-blanc\/","title":{"rendered":"Recettes au Vin blanc"},"content":{"rendered":"\n<h2 class=\"wp-block-heading\">Plats<\/h2>\n\n\n\n<p><sup>VG<\/sup> <a href=\"https:\/\/www.quelquesgrammesdegourmandise.com\/legumes-vin-blanc\/\">M\u00e9li-m\u00e9lo de l\u00e9gumes au Vin blanc<\/a> : <br><sup>AMAP<\/sup> Aubergines + Courgettes + Echalotes + Pommes de terre + Vin blanc<br><em>+ Paprika + Poivre + Sel<\/em><\/p>\n\n\n\n<p><sup>VG<\/sup> <a href=\"https:\/\/fr.wikibooks.org\/wiki\/Livre_de_cuisine\/Penne_rigate_%C3%A0_la_grecque\">Penne rigate \u00e0 la grecque<\/a> : <br><sup>AMAP<\/sup> Ail + Basilic + Fromage de ch\u00e8vre + Huile d\u2019Olive + P\u00e2tes + Tomates + Vin blanc<br><em>+ Olives noires<\/em><\/p>\n\n\n\n<h2 class=\"wp-block-heading\">Sauces<\/h2>\n\n\n\n<p><sup>VG<\/sup> <a href=\"https:\/\/fr.wikibooks.org\/wiki\/Livre_de_cuisine\/Beurre_blanc\">Beurre blanc<\/a> : <br><sup>AMAP<\/sup> Echalotes + Vin blanc + Vinaigre<br><em>+ Beurre + Poivre<\/em><\/p>\n","protected":false},"excerpt":{"rendered":"<p>Plats VG M\u00e9li-m\u00e9lo de l\u00e9gumes au Vin blanc : AMAP Aubergines + Courgettes + Echalotes + Pommes de terre + Vin blanc+ Paprika + Poivre + Sel VG Penne rigate \u00e0 la grecque : AMAP Ail + Basilic + Fromage de ch\u00e8vre + Huile d\u2019Olive + P\u00e2tes + Tomates + Vin blanc+ Olives noires Sauces &hellip; <a href=\"https:\/\/www.amaporte.org\/index.php\/amaporte\/produits\/recettes\/recettes-vin-blanc\/\" class=\"more-link\">Lire la suite de <span class=\"screen-reader-text\">Recettes au Vin blanc<\/span><\/a><\/p>\n","protected":false},"author":1,"featured_media":0,"parent":258,"menu_order":0,"comment_status":"closed","ping_status":"closed","template":"","meta":{"footnotes":""},"categories":[5],"tags":[4],"class_list":["post-1201","page","type-page","status-publish","hentry","category-recettes-specifiques","tag-recettes"],"_links":{"self":[{"href":"https:\/\/www.amaporte.org\/index.php\/wp-json\/wp\/v2\/pages\/1201","targetHints":{"allow":["GET"]}}],"collection":[{"href":"https:\/\/www.amaporte.org\/index.php\/wp-json\/wp\/v2\/pages"}],"about":[{"href":"https:\/\/www.amaporte.org\/index.php\/wp-json\/wp\/v2\/types\/page"}],"author":[{"embeddable":true,"href":"https:\/\/www.amaporte.org\/index.php\/wp-json\/wp\/v2\/users\/1"}],"replies":[{"embeddable":true,"href":"https:\/\/www.amaporte.org\/index.php\/wp-json\/wp\/v2\/comments?post=1201"}],"version-history":[{"count":0,"href":"https:\/\/www.amaporte.org\/index.php\/wp-json\/wp\/v2\/pages\/1201\/revisions"}],"up":[{"embeddable":true,"href":"https:\/\/www.amaporte.org\/index.php\/wp-json\/wp\/v2\/pages\/258"}],"wp:attachment":[{"href":"https:\/\/www.amaporte.org\/index.php\/wp-json\/wp\/v2\/media?parent=1201"}],"wp:term":[{"taxonomy":"category","embeddable":true,"href":"https:\/\/www.amaporte.org\/index.php\/wp-json\/wp\/v2\/categories?post=1201"},{"taxonomy":"post_tag","embeddable":true,"href":"https:\/\/www.amaporte.org\/index.php\/wp-json\/wp\/v2\/tags?post=1201"}],"curies":[{"name":"wp","href":"https:\/\/api.w.org\/{rel}","templated":true}]}}