{"id":1139,"date":"2024-01-23T13:33:20","date_gmt":"2024-01-23T12:33:20","guid":{"rendered":"https:\/\/lescalamb.ovh\/?page_id=1139"},"modified":"2024-01-23T13:33:20","modified_gmt":"2024-01-23T12:33:20","slug":"recettes-pois-casses","status":"publish","type":"page","link":"https:\/\/www.amaporte.org\/index.php\/amaporte\/produits\/recettes\/recettes-pois-casses\/","title":{"rendered":"Recettes aux Pois Cass\u00e9s"},"content":{"rendered":"\n<h2 class=\"wp-block-heading\">Plats<\/h2>\n\n\n\n<p><a href=\"https:\/\/odelices.ouest-france.fr\/recette\/puree-de-pois-casses-a-l-ancienne-r95\/\">Pur\u00e9e de Pois cass\u00e9s \u00e0 l&#8217;ancienne<\/a> : <br><sup>AMAP<\/sup> Carottes + Oignons + Persil + Pois cass\u00e9s<br>+ <em>Lardons + Laurier + <em>Poivre<\/em><\/em> + <em>Sel + Thym<\/em><\/p>\n\n\n\n<p><\/p>\n","protected":false},"excerpt":{"rendered":"<p>Plats Pur\u00e9e de Pois cass\u00e9s \u00e0 l&#8217;ancienne : AMAP Carottes + Oignons + Persil + Pois cass\u00e9s+ Lardons + Laurier + Poivre + Sel + Thym<\/p>\n","protected":false},"author":1,"featured_media":0,"parent":258,"menu_order":0,"comment_status":"closed","ping_status":"closed","template":"","meta":{"footnotes":""},"categories":[5],"tags":[4],"class_list":["post-1139","page","type-page","status-publish","hentry","category-recettes-specifiques","tag-recettes"],"_links":{"self":[{"href":"https:\/\/www.amaporte.org\/index.php\/wp-json\/wp\/v2\/pages\/1139","targetHints":{"allow":["GET"]}}],"collection":[{"href":"https:\/\/www.amaporte.org\/index.php\/wp-json\/wp\/v2\/pages"}],"about":[{"href":"https:\/\/www.amaporte.org\/index.php\/wp-json\/wp\/v2\/types\/page"}],"author":[{"embeddable":true,"href":"https:\/\/www.amaporte.org\/index.php\/wp-json\/wp\/v2\/users\/1"}],"replies":[{"embeddable":true,"href":"https:\/\/www.amaporte.org\/index.php\/wp-json\/wp\/v2\/comments?post=1139"}],"version-history":[{"count":0,"href":"https:\/\/www.amaporte.org\/index.php\/wp-json\/wp\/v2\/pages\/1139\/revisions"}],"up":[{"embeddable":true,"href":"https:\/\/www.amaporte.org\/index.php\/wp-json\/wp\/v2\/pages\/258"}],"wp:attachment":[{"href":"https:\/\/www.amaporte.org\/index.php\/wp-json\/wp\/v2\/media?parent=1139"}],"wp:term":[{"taxonomy":"category","embeddable":true,"href":"https:\/\/www.amaporte.org\/index.php\/wp-json\/wp\/v2\/categories?post=1139"},{"taxonomy":"post_tag","embeddable":true,"href":"https:\/\/www.amaporte.org\/index.php\/wp-json\/wp\/v2\/tags?post=1139"}],"curies":[{"name":"wp","href":"https:\/\/api.w.org\/{rel}","templated":true}]}}