{"id":1068,"date":"2024-01-23T09:58:36","date_gmt":"2024-01-23T08:58:36","guid":{"rendered":"https:\/\/lescalamb.ovh\/?page_id=1068"},"modified":"2024-01-23T09:58:36","modified_gmt":"2024-01-23T08:58:36","slug":"recettes-marrons","status":"publish","type":"page","link":"https:\/\/www.amaporte.org\/index.php\/amaporte\/produits\/recettes\/recettes-marrons\/","title":{"rendered":"Recettes aux Marrons"},"content":{"rendered":"\n<h2 class=\"wp-block-heading\">Plats<\/h2>\n\n\n\n<p><sup>VG<\/sup> <a href=\"https:\/\/www.cuisineaz.com\/recettes\/marrons-et-carottes-sautes-34735.aspx\" data-type=\"link\" data-id=\"https:\/\/www.cuisineaz.com\/recettes\/marrons-et-carottes-sautes-34735.aspx\">Marrons et <strong>Carottes<\/strong> saut\u00e9s<\/a> : <br><sup>AMAP<\/sup> Carottes + Ch\u00e2taignes + Huile d&#8217;Olive + Oignons + Persil<\/p>\n\n\n\n<p><sup>VG<\/sup> <a href=\"https:\/\/fr.wikibooks.org\/wiki\/Recettes_de_villages_qui_bougent\/Vend%C3%A9e\/Potage_potiron-ch%C3%A2taignes\">Potage <strong>Potiron <\/strong>Ch\u00e2taignes<\/a> : <br><sup>AMAP<\/sup> Marrons + Potiron<br><em>+ Beurre + Poivre + Sel<\/em><\/p>\n\n\n\n<p><sup>VG<\/sup> <a href=\"https:\/\/weekend.levif.be\/culinaire\/recettes\/potiron-aux-marrons-et-aux-echalotes\/\"><strong>Potiron<\/strong> aux Marrons et aux <strong>Echalotes<\/strong><\/a> : <br><sup>AMAP<\/sup> Echalotes + Huile de Tournesol + Marrons + Potiron<br><em>+ Beurre + Gingembre + Noix de Muscade + Poivre + Sel + Thym<\/em><\/p>\n","protected":false},"excerpt":{"rendered":"<p>Plats VG Marrons et Carottes saut\u00e9s : AMAP Carottes + Ch\u00e2taignes + Huile d&#8217;Olive + Oignons + Persil VG Potage Potiron Ch\u00e2taignes : AMAP Marrons + Potiron+ Beurre + Poivre + Sel VG Potiron aux Marrons et aux Echalotes : AMAP Echalotes + Huile de Tournesol + Marrons + Potiron+ Beurre + Gingembre + Noix &hellip; <a href=\"https:\/\/www.amaporte.org\/index.php\/amaporte\/produits\/recettes\/recettes-marrons\/\" class=\"more-link\">Lire la suite de <span class=\"screen-reader-text\">Recettes aux Marrons<\/span><\/a><\/p>\n","protected":false},"author":1,"featured_media":0,"parent":258,"menu_order":0,"comment_status":"closed","ping_status":"closed","template":"","meta":{"footnotes":""},"categories":[5],"tags":[4],"class_list":["post-1068","page","type-page","status-publish","hentry","category-recettes-specifiques","tag-recettes"],"_links":{"self":[{"href":"https:\/\/www.amaporte.org\/index.php\/wp-json\/wp\/v2\/pages\/1068","targetHints":{"allow":["GET"]}}],"collection":[{"href":"https:\/\/www.amaporte.org\/index.php\/wp-json\/wp\/v2\/pages"}],"about":[{"href":"https:\/\/www.amaporte.org\/index.php\/wp-json\/wp\/v2\/types\/page"}],"author":[{"embeddable":true,"href":"https:\/\/www.amaporte.org\/index.php\/wp-json\/wp\/v2\/users\/1"}],"replies":[{"embeddable":true,"href":"https:\/\/www.amaporte.org\/index.php\/wp-json\/wp\/v2\/comments?post=1068"}],"version-history":[{"count":0,"href":"https:\/\/www.amaporte.org\/index.php\/wp-json\/wp\/v2\/pages\/1068\/revisions"}],"up":[{"embeddable":true,"href":"https:\/\/www.amaporte.org\/index.php\/wp-json\/wp\/v2\/pages\/258"}],"wp:attachment":[{"href":"https:\/\/www.amaporte.org\/index.php\/wp-json\/wp\/v2\/media?parent=1068"}],"wp:term":[{"taxonomy":"category","embeddable":true,"href":"https:\/\/www.amaporte.org\/index.php\/wp-json\/wp\/v2\/categories?post=1068"},{"taxonomy":"post_tag","embeddable":true,"href":"https:\/\/www.amaporte.org\/index.php\/wp-json\/wp\/v2\/tags?post=1068"}],"curies":[{"name":"wp","href":"https:\/\/api.w.org\/{rel}","templated":true}]}}