{"id":1065,"date":"2024-01-23T09:54:28","date_gmt":"2024-01-23T08:54:28","guid":{"rendered":"https:\/\/lescalamb.ovh\/?page_id=1065"},"modified":"2024-01-23T09:54:28","modified_gmt":"2024-01-23T08:54:28","slug":"recettes-farine-mais","status":"publish","type":"page","link":"https:\/\/www.amaporte.org\/index.php\/amaporte\/produits\/recettes\/recettes-farine-mais\/","title":{"rendered":"Recettes \u00e0 la Farine de Ma\u00efs"},"content":{"rendered":"\n<h2 class=\"wp-block-heading\">Plats avec viande<\/h2>\n\n\n\n<p><a href=\"https:\/\/fr.wikibooks.org\/wiki\/Livre_de_cuisine\/DjenKoum%C3%A92\">DjenKoum\u00e9<\/a> : <br><sup>AMAP<\/sup> Ail + Bouillon de Pintade + Coulis de Tomates + Farine de Ma\u00efs + Huile de Tournesol + Oignons + Pintade + Tomates<br><em>+ Gingembre<\/em><\/p>\n\n\n\n<h2 class=\"wp-block-heading\">Sauces<\/h2>\n\n\n\n<p><sup>VG<\/sup> <a href=\"https:\/\/www.chefnini.com\/bechamel-farine-mais\/\">B\u00e9chamel \u00e0 la Farine de Ma\u00efs<\/a> : <br><sup>AMAP<\/sup> Farine de Ma\u00efs<br><em>+ Beurre + Lait + Poivre + Sel<\/em><\/p>\n","protected":false},"excerpt":{"rendered":"<p>Plats avec viande DjenKoum\u00e9 : AMAP Ail + Bouillon de Pintade + Coulis de Tomates + Farine de Ma\u00efs + Huile de Tournesol + Oignons + Pintade + Tomates+ Gingembre Sauces VG B\u00e9chamel \u00e0 la Farine de Ma\u00efs : AMAP Farine de Ma\u00efs+ Beurre + Lait + Poivre + Sel<\/p>\n","protected":false},"author":1,"featured_media":0,"parent":258,"menu_order":0,"comment_status":"closed","ping_status":"closed","template":"","meta":{"footnotes":""},"categories":[5],"tags":[4],"class_list":["post-1065","page","type-page","status-publish","hentry","category-recettes-specifiques","tag-recettes"],"_links":{"self":[{"href":"https:\/\/www.amaporte.org\/index.php\/wp-json\/wp\/v2\/pages\/1065","targetHints":{"allow":["GET"]}}],"collection":[{"href":"https:\/\/www.amaporte.org\/index.php\/wp-json\/wp\/v2\/pages"}],"about":[{"href":"https:\/\/www.amaporte.org\/index.php\/wp-json\/wp\/v2\/types\/page"}],"author":[{"embeddable":true,"href":"https:\/\/www.amaporte.org\/index.php\/wp-json\/wp\/v2\/users\/1"}],"replies":[{"embeddable":true,"href":"https:\/\/www.amaporte.org\/index.php\/wp-json\/wp\/v2\/comments?post=1065"}],"version-history":[{"count":0,"href":"https:\/\/www.amaporte.org\/index.php\/wp-json\/wp\/v2\/pages\/1065\/revisions"}],"up":[{"embeddable":true,"href":"https:\/\/www.amaporte.org\/index.php\/wp-json\/wp\/v2\/pages\/258"}],"wp:attachment":[{"href":"https:\/\/www.amaporte.org\/index.php\/wp-json\/wp\/v2\/media?parent=1065"}],"wp:term":[{"taxonomy":"category","embeddable":true,"href":"https:\/\/www.amaporte.org\/index.php\/wp-json\/wp\/v2\/categories?post=1065"},{"taxonomy":"post_tag","embeddable":true,"href":"https:\/\/www.amaporte.org\/index.php\/wp-json\/wp\/v2\/tags?post=1065"}],"curies":[{"name":"wp","href":"https:\/\/api.w.org\/{rel}","templated":true}]}}