{"id":1019,"date":"2024-01-22T16:59:59","date_gmt":"2024-01-22T15:59:59","guid":{"rendered":"https:\/\/lescalamb.ovh\/?page_id=1019"},"modified":"2024-01-22T16:59:59","modified_gmt":"2024-01-22T15:59:59","slug":"recettes-farine-pois-chiche","status":"publish","type":"page","link":"https:\/\/www.amaporte.org\/index.php\/amaporte\/produits\/recettes\/recettes-farine-pois-chiche\/","title":{"rendered":"Recettes \u00e0 la Farine de Pois Chiche"},"content":{"rendered":"\n<h2 class=\"wp-block-heading\">Plats<\/h2>\n\n\n\n<p><sup>VG<\/sup> <a href=\"https:\/\/keskonmangemaman.blogspot.com\/2017\/07\/biscuits-aperitifs-vegetaliens-la.html?m=1\">Biscuits ap\u00e9ritif \u00e0 la Farine de Pois Chiche<\/a> : <br><sup>AMAP<\/sup> Farine de Pois chiche + Huile v\u00e9g\u00e9tale<br><em>+ Levure chimique + Graines de s\u00e9same + Sel<\/em><\/p>\n","protected":false},"excerpt":{"rendered":"<p>Plats VG Biscuits ap\u00e9ritif \u00e0 la Farine de Pois Chiche : AMAP Farine de Pois chiche + Huile v\u00e9g\u00e9tale+ Levure chimique + Graines de s\u00e9same + Sel<\/p>\n","protected":false},"author":1,"featured_media":0,"parent":258,"menu_order":0,"comment_status":"closed","ping_status":"closed","template":"","meta":{"footnotes":""},"categories":[5],"tags":[4],"class_list":["post-1019","page","type-page","status-publish","hentry","category-recettes-specifiques","tag-recettes"],"_links":{"self":[{"href":"https:\/\/www.amaporte.org\/index.php\/wp-json\/wp\/v2\/pages\/1019","targetHints":{"allow":["GET"]}}],"collection":[{"href":"https:\/\/www.amaporte.org\/index.php\/wp-json\/wp\/v2\/pages"}],"about":[{"href":"https:\/\/www.amaporte.org\/index.php\/wp-json\/wp\/v2\/types\/page"}],"author":[{"embeddable":true,"href":"https:\/\/www.amaporte.org\/index.php\/wp-json\/wp\/v2\/users\/1"}],"replies":[{"embeddable":true,"href":"https:\/\/www.amaporte.org\/index.php\/wp-json\/wp\/v2\/comments?post=1019"}],"version-history":[{"count":0,"href":"https:\/\/www.amaporte.org\/index.php\/wp-json\/wp\/v2\/pages\/1019\/revisions"}],"up":[{"embeddable":true,"href":"https:\/\/www.amaporte.org\/index.php\/wp-json\/wp\/v2\/pages\/258"}],"wp:attachment":[{"href":"https:\/\/www.amaporte.org\/index.php\/wp-json\/wp\/v2\/media?parent=1019"}],"wp:term":[{"taxonomy":"category","embeddable":true,"href":"https:\/\/www.amaporte.org\/index.php\/wp-json\/wp\/v2\/categories?post=1019"},{"taxonomy":"post_tag","embeddable":true,"href":"https:\/\/www.amaporte.org\/index.php\/wp-json\/wp\/v2\/tags?post=1019"}],"curies":[{"name":"wp","href":"https:\/\/api.w.org\/{rel}","templated":true}]}}